{"id":1376,"date":"2019-05-16T17:09:49","date_gmt":"2019-05-16T15:09:49","guid":{"rendered":"https:\/\/laronia.ch\/?page_id=1376"},"modified":"2023-11-08T11:28:53","modified_gmt":"2023-11-08T10:28:53","slug":"paquet-melange-de-viande-dagneau","status":"publish","type":"page","link":"https:\/\/labiergerie.ch\/de\/bergerie\/commande\/paquet-melange-de-viande-dagneau\/","title":{"rendered":"Commande d&#8217;un paquet m\u00e9lang\u00e9 de viande d&#8217;agneau bio \u00e0 CHF 27.-\/kg"},"content":{"rendered":"<h1>Commande\u00a0<\/h1>\r\n<h3>d&#8217;un paquet m\u00e9lang\u00e9 de viande d&#8217;agneau bio \u00e0 CHF 29.-\/kg<\/h3>\r\n\n<div class=\"wpcf7 no-js\" id=\"wpcf7-f1375-o1\" lang=\"de-DE\" dir=\"ltr\">\n<div class=\"screen-reader-response\"><p role=\"status\" aria-live=\"polite\" aria-atomic=\"true\"><\/p> <ul><\/ul><\/div>\n<form action=\"\/de\/wp-json\/wp\/v2\/pages\/1376#wpcf7-f1375-o1\" method=\"post\" class=\"wpcf7-form init\" aria-label=\"Kontaktformular\" novalidate=\"novalidate\" data-status=\"init\">\n<div style=\"display: none;\">\n<input type=\"hidden\" name=\"_wpcf7\" value=\"1375\" \/>\n<input type=\"hidden\" name=\"_wpcf7_version\" value=\"5.9.8\" \/>\n<input type=\"hidden\" name=\"_wpcf7_locale\" value=\"de_DE\" \/>\n<input type=\"hidden\" name=\"_wpcf7_unit_tag\" value=\"wpcf7-f1375-o1\" \/>\n<input type=\"hidden\" name=\"_wpcf7_container_post\" value=\"0\" \/>\n<input type=\"hidden\" name=\"_wpcf7_posted_data_hash\" value=\"\" \/>\n<\/div>\n<h5>d\u00e9tails de facturation\n<\/h5>\n<p><label> Nom et Pr\u00e9nom<br \/>\n<span class=\"wpcf7-form-control-wrap\" data-name=\"nom-prenom\"><input size=\"40\" maxlength=\"400\" class=\"wpcf7-form-control wpcf7-text wpcf7-validates-as-required uk-form-small\" aria-required=\"true\" aria-invalid=\"false\" value=\"\" type=\"text\" name=\"nom-prenom\" \/><\/span> <\/label>\n<\/p>\n<p><label> Adresse<br \/>\n<span class=\"wpcf7-form-control-wrap\" data-name=\"Adresse\"><input size=\"40\" maxlength=\"400\" class=\"wpcf7-form-control wpcf7-text wpcf7-validates-as-required uk-form-small\" aria-required=\"true\" aria-invalid=\"false\" value=\"\" type=\"text\" name=\"Adresse\" \/><\/span> <\/label>\n<\/p>\n<p><label> Code postale\/Ville<br \/>\n<span class=\"wpcf7-form-control-wrap\" data-name=\"codepostale\"><input size=\"40\" maxlength=\"400\" class=\"wpcf7-form-control wpcf7-text wpcf7-validates-as-required uk-form-small\" aria-required=\"true\" aria-invalid=\"false\" value=\"\" type=\"text\" name=\"codepostale\" \/><\/span> <\/label>\n<\/p>\n<p><label> Adresse email<br \/>\n<span class=\"wpcf7-form-control-wrap\" data-name=\"email\"><input size=\"40\" maxlength=\"400\" class=\"wpcf7-form-control wpcf7-email wpcf7-validates-as-required wpcf7-text wpcf7-validates-as-email uk-form-small\" aria-required=\"true\" aria-invalid=\"false\" value=\"\" type=\"email\" name=\"email\" \/><\/span> <\/label>\n<\/p>\n<p><label> T\u00e9l\u00e9phone<br \/>\n<span class=\"wpcf7-form-control-wrap\" data-name=\"Telephone\"><input size=\"40\" maxlength=\"400\" class=\"wpcf7-form-control wpcf7-text wpcf7-validates-as-required uk-form-small\" aria-required=\"true\" aria-invalid=\"false\" value=\"\" type=\"text\" name=\"Telephone\" \/><\/span> <\/label>\n<\/p>\n<h3>Commande\n<\/h3>\n<h5>Quantit\u00e9\n<\/h5>\n<p><span class=\"wpcf7-form-control-wrap\" data-name=\"Quantit\"><span class=\"wpcf7-form-control wpcf7-radio\"><span class=\"wpcf7-list-item first\"><input type=\"radio\" name=\"Quantit\" value=\"demi agneau (env. 8 kg de viande)\" checked=\"checked\" \/><span class=\"wpcf7-list-item-label\">demi agneau (env. 8 kg de viande)<\/span><\/span><span class=\"wpcf7-list-item last\"><input type=\"radio\" name=\"Quantit\" value=\"agneau entier (env. 16 kg de viande)\" \/><span class=\"wpcf7-list-item-label\">agneau entier (env. 16 kg de viande)<\/span><\/span><\/span><\/span><br \/>\n<i>Le prix est calcul\u00e9 sur la base du poids total avant la d\u00e9coupe!<\/i>\n<\/p>\n<h5>D\u00e9coupe\n<\/h5>\n<p>GIGOT: <span class=\"wpcf7-form-control-wrap\" data-name=\"Gigot\"><select class=\"wpcf7-form-control wpcf7-select wpcf7-validates-as-required uk-dropdown-bottom\" aria-required=\"true\" aria-invalid=\"false\" name=\"Gigot\"><option value=\"entier avec os\">entier avec os<\/option><option value=\"deux grand r\u00f4ti avec os et souris\">deux grand r\u00f4ti avec os et souris<\/option><option value=\"en tranches\">en tranches<\/option><option value=\"petits r\u00f4tis sans os\">petits r\u00f4tis sans os<\/option><\/select><\/span>\n<\/p>\n<p>FILET: <span class=\"wpcf7-form-control-wrap\" data-name=\"Filet\"><select class=\"wpcf7-form-control wpcf7-select wpcf7-validates-as-required\" aria-required=\"true\" aria-invalid=\"false\" name=\"Filet\"><option value=\"entier\">entier<\/option><option value=\"c\u00f4telettes\">c\u00f4telettes<\/option><option value=\"en tranches\">en tranches<\/option><option value=\"d\u00e9soss\u00e9e\">d\u00e9soss\u00e9e<\/option><\/select><\/span>\n<\/p>\n<p>RACK: <span class=\"wpcf7-form-control-wrap\" data-name=\"rack\"><select class=\"wpcf7-form-control wpcf7-select wpcf7-validates-as-required\" aria-required=\"true\" aria-invalid=\"false\" name=\"rack\"><option value=\"entier\">entier<\/option><option value=\"entier, coup\u00e9 en deux\">entier, coup\u00e9 en deux<\/option><option value=\"C\u00f4telettes\">C\u00f4telettes<\/option><\/select><\/span>\n<\/p>\n<p>EPAULE: <span class=\"wpcf7-form-control-wrap\" data-name=\"Epaule\"><select class=\"wpcf7-form-control wpcf7-select wpcf7-validates-as-required\" aria-required=\"true\" aria-invalid=\"false\" name=\"Epaule\"><option value=\"entier\">entier<\/option><option value=\"rago\u00fbt avec os\">rago\u00fbt avec os<\/option><option value=\"ragout sans os\">ragout sans os<\/option><option value=\"r\u00f4ti (roul\u00e9)\">r\u00f4ti (roul\u00e9)<\/option><\/select><\/span>\n<\/p>\n<p>POITRINE: <span class=\"wpcf7-form-control-wrap\" data-name=\"Poitrine\"><select class=\"wpcf7-form-control wpcf7-select wpcf7-validates-as-required\" aria-required=\"true\" aria-invalid=\"false\" name=\"Poitrine\"><option value=\"entier\">entier<\/option><option value=\"viande hach\u00e9e\">viande hach\u00e9e<\/option><option value=\"spare ribs\">spare ribs<\/option><\/select><\/span>\n<\/p>\n<p>COU: <span class=\"wpcf7-form-control-wrap\" data-name=\"Cou\"><select class=\"wpcf7-form-control wpcf7-select wpcf7-validates-as-required\" aria-required=\"true\" aria-invalid=\"false\" name=\"Cou\"><option value=\"entier\">entier<\/option><option value=\"en tranches\">en tranches<\/option><option value=\"ragout avec os\">ragout avec os<\/option><option value=\"viande hach\u00e9e\">viande hach\u00e9e<\/option><\/select><\/span>\n<\/p>\n<h5>Remarques\n<\/h5>\n<p><span class=\"wpcf7-form-control-wrap\" data-name=\"Remarques\"><textarea cols=\"40\" rows=\"10\" maxlength=\"2000\" class=\"wpcf7-form-control wpcf7-textarea\" aria-invalid=\"false\" name=\"Remarques\"><\/textarea><\/span>\n<\/p>\n<p><input class=\"wpcf7-form-control wpcf7-submit has-spinner uk-button\" type=\"submit\" value=\"Envoyer la commande\" \/>\n<\/p>\n\n\n\n\n\n\n<div class=\"wpcf7-response-output\" aria-hidden=\"true\"><\/div>\n<\/form>\n<\/div>\n","protected":false},"excerpt":{"rendered":"<p>Commande\u00a0 d&#8217;un paquet m\u00e9lang\u00e9 de viande d&#8217;agneau bio \u00e0 CHF 29.-\/kg<\/p>\n","protected":false},"author":1,"featured_media":0,"parent":884,"menu_order":0,"comment_status":"closed","ping_status":"closed","template":"","meta":{"footnotes":""},"translation":{"provider":"WPGlobus","version":"3.0.2","language":"de","enabled_languages":["fr","de"],"languages":{"fr":{"title":true,"content":true,"excerpt":false},"de":{"title":false,"content":false,"excerpt":false}}},"acf":[],"yoast_head":"<!-- This site is optimized with the Yoast SEO plugin v23.5 - https:\/\/yoast.com\/wordpress\/plugins\/seo\/ -->\n<title>Commande d&#039;un paquet m\u00e9lang\u00e9 de viande d&#039;agneau bio \u00e0 CHF 27.-\/kg - labiergerie.ch - laronia.ch<\/title>\n<meta name=\"robots\" content=\"index, follow, max-snippet:-1, max-image-preview:large, max-video-preview:-1\" \/>\n<link rel=\"canonical\" href=\"https:\/\/labiergerie.ch\/bergerie\/commande\/paquet-melange-de-viande-dagneau\/\" \/>\n<meta property=\"og:locale\" content=\"de_DE\" \/>\n<meta property=\"og:type\" content=\"article\" \/>\n<meta property=\"og:title\" content=\"Commande d&#039;un paquet m\u00e9lang\u00e9 de viande d&#039;agneau\" \/>\n<meta property=\"og:description\" content=\"Commande d&#039;un paquet m\u00e9lang\u00e9 de viande d&#039;agneau bio \u00e0 CHF 27.-\/kg\" \/>\n<meta property=\"og:url\" content=\"https:\/\/labiergerie.ch\/bergerie\/commande\/paquet-melange-de-viande-dagneau\/\" \/>\n<meta property=\"og:site_name\" content=\"labiergerie.ch - laronia.ch\" \/>\n<meta property=\"article:modified_time\" content=\"2023-11-08T10:28:53+00:00\" \/>\n<meta property=\"og:image\" content=\"https:\/\/labiergerie.ch\/wp-content\/uploads\/2019\/05\/labiergerie-grid-02a.jpg\" \/>\n\t<meta property=\"og:image:width\" content=\"576\" \/>\n\t<meta property=\"og:image:height\" content=\"381\" \/>\n\t<meta property=\"og:image:type\" content=\"image\/jpeg\" \/>\n<meta name=\"twitter:card\" content=\"summary_large_image\" \/>\n<meta name=\"twitter:label1\" content=\"Gesch\u00e4tzte Lesezeit\" \/>\n\t<meta name=\"twitter:data1\" content=\"1\u00a0Minute\" \/>\n<script type=\"application\/ld+json\" class=\"yoast-schema-graph\">{\"@context\":\"https:\/\/schema.org\",\"@graph\":[{\"@type\":\"WebPage\",\"@id\":\"https:\/\/labiergerie.ch\/bergerie\/commande\/paquet-melange-de-viande-dagneau\/\",\"url\":\"https:\/\/labiergerie.ch\/bergerie\/commande\/paquet-melange-de-viande-dagneau\/\",\"name\":\"Commande d'un paquet m\u00e9lang\u00e9 de viande d'agneau bio \u00e0 CHF 27.-\/kg - labiergerie.ch - laronia.ch\",\"isPartOf\":{\"@id\":\"https:\/\/labiergerie.ch\/#website\"},\"datePublished\":\"2019-05-16T15:09:49+00:00\",\"dateModified\":\"2023-11-08T10:28:53+00:00\",\"description\":\"Commande online de viande d'agneau bio de notre ferme. Viande suisse d'une agriculture biologique, agneau \u00e0 l'herbe de la r\u00e9gion, \u00e9t\u00e9 \u00e0 l'alpage Aux Mosses\",\"breadcrumb\":{\"@id\":\"https:\/\/labiergerie.ch\/bergerie\/commande\/paquet-melange-de-viande-dagneau\/#breadcrumb\"},\"inLanguage\":\"de\",\"potentialAction\":[{\"@type\":\"ReadAction\",\"target\":[\"https:\/\/labiergerie.ch\/bergerie\/commande\/paquet-melange-de-viande-dagneau\/\"]}]},{\"@type\":\"BreadcrumbList\",\"@id\":\"https:\/\/labiergerie.ch\/bergerie\/commande\/paquet-melange-de-viande-dagneau\/#breadcrumb\",\"itemListElement\":[{\"@type\":\"ListItem\",\"position\":1,\"name\":\"Startseite\",\"item\":\"https:\/\/labiergerie.ch\/\"},{\"@type\":\"ListItem\",\"position\":2,\"name\":\"bergerie\",\"item\":\"https:\/\/labiergerie.ch\/bergerie\/\"},{\"@type\":\"ListItem\",\"position\":3,\"name\":\"commande de viande\",\"item\":\"https:\/\/labiergerie.ch\/bergerie\/commande\/\"},{\"@type\":\"ListItem\",\"position\":4,\"name\":\"Commande d&#8217;un paquet m\u00e9lang\u00e9 de viande d&#8217;agneau bio \u00e0 CHF 27.-\/kg\"}]},{\"@type\":\"WebSite\",\"@id\":\"https:\/\/labiergerie.ch\/#website\",\"url\":\"https:\/\/labiergerie.ch\/\",\"name\":\"labiergerie.ch - laronia.ch\",\"description\":\"Direktverkauf von Lammfleisch in Bi\u00e8re - Schweiz\",\"potentialAction\":[{\"@type\":\"SearchAction\",\"target\":{\"@type\":\"EntryPoint\",\"urlTemplate\":\"https:\/\/labiergerie.ch\/?s={search_term_string}\"},\"query-input\":{\"@type\":\"PropertyValueSpecification\",\"valueRequired\":true,\"valueName\":\"search_term_string\"}}],\"inLanguage\":\"de\"}]}<\/script>\n<!-- \/ Yoast SEO plugin. -->","yoast_head_json":{"title":"Commande d'un paquet m\u00e9lang\u00e9 de viande d'agneau bio \u00e0 CHF 27.-\/kg - labiergerie.ch - laronia.ch","robots":{"index":"index","follow":"follow","max-snippet":"max-snippet:-1","max-image-preview":"max-image-preview:large","max-video-preview":"max-video-preview:-1"},"canonical":"https:\/\/labiergerie.ch\/bergerie\/commande\/paquet-melange-de-viande-dagneau\/","og_locale":"de_DE","og_type":"article","og_title":"Commande d'un paquet m\u00e9lang\u00e9 de viande d'agneau","og_description":"Commande d'un paquet m\u00e9lang\u00e9 de viande d'agneau bio \u00e0 CHF 27.-\/kg","og_url":"https:\/\/labiergerie.ch\/bergerie\/commande\/paquet-melange-de-viande-dagneau\/","og_site_name":"labiergerie.ch - laronia.ch","article_modified_time":"2023-11-08T10:28:53+00:00","og_image":[{"width":576,"height":381,"url":"https:\/\/labiergerie.ch\/wp-content\/uploads\/2019\/05\/labiergerie-grid-02a.jpg","type":"image\/jpeg"}],"twitter_card":"summary_large_image","twitter_misc":{"Gesch\u00e4tzte Lesezeit":"1\u00a0Minute"},"schema":{"@context":"https:\/\/schema.org","@graph":[{"@type":"WebPage","@id":"https:\/\/labiergerie.ch\/bergerie\/commande\/paquet-melange-de-viande-dagneau\/","url":"https:\/\/labiergerie.ch\/bergerie\/commande\/paquet-melange-de-viande-dagneau\/","name":"Commande d'un paquet m\u00e9lang\u00e9 de viande d'agneau bio \u00e0 CHF 27.-\/kg - labiergerie.ch - laronia.ch","isPartOf":{"@id":"https:\/\/labiergerie.ch\/#website"},"datePublished":"2019-05-16T15:09:49+00:00","dateModified":"2023-11-08T10:28:53+00:00","description":"Commande online de viande d'agneau bio de notre ferme. Viande suisse d'une agriculture biologique, agneau \u00e0 l'herbe de la r\u00e9gion, \u00e9t\u00e9 \u00e0 l'alpage Aux Mosses","breadcrumb":{"@id":"https:\/\/labiergerie.ch\/bergerie\/commande\/paquet-melange-de-viande-dagneau\/#breadcrumb"},"inLanguage":"de","potentialAction":[{"@type":"ReadAction","target":["https:\/\/labiergerie.ch\/bergerie\/commande\/paquet-melange-de-viande-dagneau\/"]}]},{"@type":"BreadcrumbList","@id":"https:\/\/labiergerie.ch\/bergerie\/commande\/paquet-melange-de-viande-dagneau\/#breadcrumb","itemListElement":[{"@type":"ListItem","position":1,"name":"Startseite","item":"https:\/\/labiergerie.ch\/"},{"@type":"ListItem","position":2,"name":"bergerie","item":"https:\/\/labiergerie.ch\/bergerie\/"},{"@type":"ListItem","position":3,"name":"commande de viande","item":"https:\/\/labiergerie.ch\/bergerie\/commande\/"},{"@type":"ListItem","position":4,"name":"Commande d&#8217;un paquet m\u00e9lang\u00e9 de viande d&#8217;agneau bio \u00e0 CHF 27.-\/kg"}]},{"@type":"WebSite","@id":"https:\/\/labiergerie.ch\/#website","url":"https:\/\/labiergerie.ch\/","name":"labiergerie.ch - laronia.ch","description":"Direktverkauf von Lammfleisch in Bi\u00e8re - Schweiz","potentialAction":[{"@type":"SearchAction","target":{"@type":"EntryPoint","urlTemplate":"https:\/\/labiergerie.ch\/?s={search_term_string}"},"query-input":{"@type":"PropertyValueSpecification","valueRequired":true,"valueName":"search_term_string"}}],"inLanguage":"de"}]}},"_links":{"self":[{"href":"https:\/\/labiergerie.ch\/de\/wp-json\/wp\/v2\/pages\/1376"}],"collection":[{"href":"https:\/\/labiergerie.ch\/de\/wp-json\/wp\/v2\/pages"}],"about":[{"href":"https:\/\/labiergerie.ch\/de\/wp-json\/wp\/v2\/types\/page"}],"author":[{"embeddable":true,"href":"https:\/\/labiergerie.ch\/de\/wp-json\/wp\/v2\/users\/1"}],"replies":[{"embeddable":true,"href":"https:\/\/labiergerie.ch\/de\/wp-json\/wp\/v2\/comments?post=1376"}],"version-history":[{"count":1,"href":"https:\/\/labiergerie.ch\/de\/wp-json\/wp\/v2\/pages\/1376\/revisions"}],"predecessor-version":[{"id":6448,"href":"https:\/\/labiergerie.ch\/de\/wp-json\/wp\/v2\/pages\/1376\/revisions\/6448"}],"up":[{"embeddable":true,"href":"https:\/\/labiergerie.ch\/de\/wp-json\/wp\/v2\/pages\/884"}],"wp:attachment":[{"href":"https:\/\/labiergerie.ch\/de\/wp-json\/wp\/v2\/media?parent=1376"}],"curies":[{"name":"wp","href":"https:\/\/api.w.org\/{rel}","templated":true}]}}