{"id":1459,"date":"2019-05-24T15:24:41","date_gmt":"2019-05-24T13:24:41","guid":{"rendered":"https:\/\/labiergerie.ch\/?page_id=1459"},"modified":"2020-09-14T22:26:13","modified_gmt":"2020-09-14T20:26:13","slug":"agneau-entier","status":"publish","type":"page","link":"https:\/\/labiergerie.ch\/de\/bergerie\/commande\/agneau-entier\/","title":{"rendered":"Commande\u00a0 d&#8217;un agneau entier \u00e0 CHF 22.-\/kg"},"content":{"rendered":"<h1>Commande\u00a0<\/h1>\r\n<h3>d&#8217;un agneau entier \u00e0 CHF 18.-\/kg<\/h3>\r\n\n<div class=\"wpcf7 no-js\" id=\"wpcf7-f1458-o1\" lang=\"de-DE\" dir=\"ltr\">\n<div class=\"screen-reader-response\"><p role=\"status\" aria-live=\"polite\" aria-atomic=\"true\"><\/p> <ul><\/ul><\/div>\n<form action=\"\/de\/wp-json\/wp\/v2\/pages\/1459#wpcf7-f1458-o1\" method=\"post\" class=\"wpcf7-form init\" aria-label=\"Kontaktformular\" novalidate=\"novalidate\" data-status=\"init\">\n<div style=\"display: none;\">\n<input type=\"hidden\" name=\"_wpcf7\" value=\"1458\" \/>\n<input type=\"hidden\" name=\"_wpcf7_version\" value=\"5.9.8\" \/>\n<input type=\"hidden\" name=\"_wpcf7_locale\" value=\"de_DE\" \/>\n<input type=\"hidden\" name=\"_wpcf7_unit_tag\" value=\"wpcf7-f1458-o1\" \/>\n<input type=\"hidden\" name=\"_wpcf7_container_post\" value=\"0\" \/>\n<input type=\"hidden\" name=\"_wpcf7_posted_data_hash\" value=\"\" \/>\n<\/div>\n<h5>d\u00e9tails de facturation\n<\/h5>\n<p><label> Nom et Pr\u00e9nom<br \/>\n<span class=\"wpcf7-form-control-wrap\" data-name=\"nom-prenom\"><input size=\"40\" maxlength=\"400\" class=\"wpcf7-form-control wpcf7-text wpcf7-validates-as-required uk-form-small\" aria-required=\"true\" aria-invalid=\"false\" value=\"\" type=\"text\" name=\"nom-prenom\" \/><\/span> <\/label>\n<\/p>\n<p><label> Adresse<br \/>\n<span class=\"wpcf7-form-control-wrap\" data-name=\"Adresse\"><input size=\"40\" maxlength=\"400\" class=\"wpcf7-form-control wpcf7-text wpcf7-validates-as-required uk-form-small\" aria-required=\"true\" aria-invalid=\"false\" value=\"\" type=\"text\" name=\"Adresse\" \/><\/span> <\/label>\n<\/p>\n<p><label> Code postale\/Ville<br \/>\n<span class=\"wpcf7-form-control-wrap\" data-name=\"codepostale\"><input size=\"40\" maxlength=\"400\" class=\"wpcf7-form-control wpcf7-text wpcf7-validates-as-required uk-form-small\" aria-required=\"true\" aria-invalid=\"false\" value=\"\" type=\"text\" name=\"codepostale\" \/><\/span> <\/label>\n<\/p>\n<p><label> Adresse email<br \/>\n<span class=\"wpcf7-form-control-wrap\" data-name=\"email\"><input size=\"40\" maxlength=\"400\" class=\"wpcf7-form-control wpcf7-email wpcf7-validates-as-required wpcf7-text wpcf7-validates-as-email uk-form-small\" aria-required=\"true\" aria-invalid=\"false\" value=\"\" type=\"email\" name=\"email\" \/><\/span> <\/label>\n<\/p>\n<p><label> T\u00e9l\u00e9phone<br \/>\n<span class=\"wpcf7-form-control-wrap\" data-name=\"Telephone\"><input size=\"40\" maxlength=\"400\" class=\"wpcf7-form-control wpcf7-text wpcf7-validates-as-required uk-form-small\" aria-required=\"true\" aria-invalid=\"false\" value=\"\" type=\"text\" name=\"Telephone\" \/><\/span> <\/label>\n<\/p>\n<h3>Commande\n<\/h3>\n<p><span class=\"wpcf7-form-control-wrap\" data-name=\"acceptance-agneau-entier\"><span class=\"wpcf7-form-control wpcf7-acceptance optional\"><span class=\"wpcf7-list-item\"><label><input type=\"checkbox\" name=\"acceptance-agneau-entier\" value=\"1\" aria-invalid=\"false\" \/><span class=\"wpcf7-list-item-label\">je commande un agneau entier bio<\/span><\/label><\/span><\/span><\/span><br \/>\n<i>Il s'agit d'un agneau entier non-d\u00e9coup\u00e9, poids entre 18 et 23 kg<\/i>\n<\/p>\n<p>Date souhait\u00e9e: <span class=\"wpcf7-form-control-wrap\" data-name=\"Datesouhait:\"><input size=\"40\" maxlength=\"400\" class=\"wpcf7-form-control wpcf7-text uk-form-small\" aria-invalid=\"false\" value=\"\" type=\"text\" name=\"Datesouhait:\" \/><\/span><br \/>\n<i>R\u00e9ception \u00e0 Rolle, chemin des abattoirs<\/i>\n<\/p>\n<h5>Remarques\n<\/h5>\n<p><span class=\"wpcf7-form-control-wrap\" data-name=\"Remarques\"><textarea cols=\"40\" rows=\"10\" maxlength=\"2000\" class=\"wpcf7-form-control wpcf7-textarea\" aria-invalid=\"false\" name=\"Remarques\"><\/textarea><\/span>\n<\/p>\n<p><input class=\"wpcf7-form-control wpcf7-submit has-spinner uk-button\" type=\"submit\" value=\"Envoyer la commande\" \/>\n<\/p>\n\n\n\n\n\n\n<div class=\"wpcf7-response-output\" aria-hidden=\"true\"><\/div>\n<\/form>\n<\/div>\n","protected":false},"excerpt":{"rendered":"<p>Commande\u00a0 d&#8217;un agneau entier \u00e0 CHF 18.-\/kg<\/p>\n","protected":false},"author":143,"featured_media":0,"parent":884,"menu_order":0,"comment_status":"closed","ping_status":"closed","template":"","meta":{"footnotes":""},"translation":{"provider":"WPGlobus","version":"3.0.2","language":"de","enabled_languages":["fr","de"],"languages":{"fr":{"title":true,"content":true,"excerpt":false},"de":{"title":false,"content":false,"excerpt":false}}},"acf":[],"yoast_head":"<!-- This site is optimized with the Yoast SEO plugin v23.5 - https:\/\/yoast.com\/wordpress\/plugins\/seo\/ -->\n<title>Commande\u00a0 d&#039;un agneau entier \u00e0 CHF 22.-\/kg - labiergerie.ch - laronia.ch<\/title>\n<meta name=\"robots\" content=\"index, follow, max-snippet:-1, max-image-preview:large, max-video-preview:-1\" \/>\n<link rel=\"canonical\" href=\"https:\/\/labiergerie.ch\/bergerie\/commande\/agneau-entier\/\" \/>\n<meta property=\"og:locale\" content=\"de_DE\" \/>\n<meta property=\"og:type\" content=\"article\" \/>\n<meta property=\"og:title\" content=\"Commande\u00a0 d&#039;un agneau entier \u00e0 CHF 22.-\/kg - labiergerie.ch - laronia.ch\" \/>\n<meta property=\"og:url\" content=\"https:\/\/labiergerie.ch\/bergerie\/commande\/agneau-entier\/\" \/>\n<meta property=\"og:site_name\" content=\"labiergerie.ch - laronia.ch\" \/>\n<meta property=\"article:modified_time\" content=\"2020-09-14T20:26:13+00:00\" \/>\n<meta name=\"twitter:card\" content=\"summary_large_image\" \/>\n<script type=\"application\/ld+json\" class=\"yoast-schema-graph\">{\"@context\":\"https:\/\/schema.org\",\"@graph\":[{\"@type\":\"WebPage\",\"@id\":\"https:\/\/labiergerie.ch\/bergerie\/commande\/agneau-entier\/\",\"url\":\"https:\/\/labiergerie.ch\/bergerie\/commande\/agneau-entier\/\",\"name\":\"Commande\u00a0 d'un agneau entier \u00e0 CHF 22.-\/kg - labiergerie.ch - laronia.ch\",\"isPartOf\":{\"@id\":\"https:\/\/labiergerie.ch\/#website\"},\"datePublished\":\"2019-05-24T13:24:41+00:00\",\"dateModified\":\"2020-09-14T20:26:13+00:00\",\"description\":\"Commande online de viande d'agneau bio de notre ferme. Viande suisse d'une agriculture biologique, agneau \u00e0 l'herbe de la r\u00e9gion, \u00e9t\u00e9 \u00e0 l'alpage Aux Mosses\",\"breadcrumb\":{\"@id\":\"https:\/\/labiergerie.ch\/bergerie\/commande\/agneau-entier\/#breadcrumb\"},\"inLanguage\":\"de\",\"potentialAction\":[{\"@type\":\"ReadAction\",\"target\":[\"https:\/\/labiergerie.ch\/bergerie\/commande\/agneau-entier\/\"]}]},{\"@type\":\"BreadcrumbList\",\"@id\":\"https:\/\/labiergerie.ch\/bergerie\/commande\/agneau-entier\/#breadcrumb\",\"itemListElement\":[{\"@type\":\"ListItem\",\"position\":1,\"name\":\"Startseite\",\"item\":\"https:\/\/labiergerie.ch\/\"},{\"@type\":\"ListItem\",\"position\":2,\"name\":\"bergerie\",\"item\":\"https:\/\/labiergerie.ch\/bergerie\/\"},{\"@type\":\"ListItem\",\"position\":3,\"name\":\"commande de viande\",\"item\":\"https:\/\/labiergerie.ch\/bergerie\/commande\/\"},{\"@type\":\"ListItem\",\"position\":4,\"name\":\"Commande\u00a0 d&#8217;un agneau entier \u00e0 CHF 22.-\/kg\"}]},{\"@type\":\"WebSite\",\"@id\":\"https:\/\/labiergerie.ch\/#website\",\"url\":\"https:\/\/labiergerie.ch\/\",\"name\":\"labiergerie.ch - laronia.ch\",\"description\":\"Direktverkauf von Lammfleisch in Bi\u00e8re - Schweiz\",\"potentialAction\":[{\"@type\":\"SearchAction\",\"target\":{\"@type\":\"EntryPoint\",\"urlTemplate\":\"https:\/\/labiergerie.ch\/?s={search_term_string}\"},\"query-input\":{\"@type\":\"PropertyValueSpecification\",\"valueRequired\":true,\"valueName\":\"search_term_string\"}}],\"inLanguage\":\"de\"}]}<\/script>\n<!-- \/ Yoast SEO plugin. -->","yoast_head_json":{"title":"Commande\u00a0 d'un agneau entier \u00e0 CHF 22.-\/kg - labiergerie.ch - laronia.ch","robots":{"index":"index","follow":"follow","max-snippet":"max-snippet:-1","max-image-preview":"max-image-preview:large","max-video-preview":"max-video-preview:-1"},"canonical":"https:\/\/labiergerie.ch\/bergerie\/commande\/agneau-entier\/","og_locale":"de_DE","og_type":"article","og_title":"Commande\u00a0 d'un agneau entier \u00e0 CHF 22.-\/kg - labiergerie.ch - laronia.ch","og_url":"https:\/\/labiergerie.ch\/bergerie\/commande\/agneau-entier\/","og_site_name":"labiergerie.ch - laronia.ch","article_modified_time":"2020-09-14T20:26:13+00:00","twitter_card":"summary_large_image","schema":{"@context":"https:\/\/schema.org","@graph":[{"@type":"WebPage","@id":"https:\/\/labiergerie.ch\/bergerie\/commande\/agneau-entier\/","url":"https:\/\/labiergerie.ch\/bergerie\/commande\/agneau-entier\/","name":"Commande\u00a0 d'un agneau entier \u00e0 CHF 22.-\/kg - labiergerie.ch - laronia.ch","isPartOf":{"@id":"https:\/\/labiergerie.ch\/#website"},"datePublished":"2019-05-24T13:24:41+00:00","dateModified":"2020-09-14T20:26:13+00:00","description":"Commande online de viande d'agneau bio de notre ferme. Viande suisse d'une agriculture biologique, agneau \u00e0 l'herbe de la r\u00e9gion, \u00e9t\u00e9 \u00e0 l'alpage Aux Mosses","breadcrumb":{"@id":"https:\/\/labiergerie.ch\/bergerie\/commande\/agneau-entier\/#breadcrumb"},"inLanguage":"de","potentialAction":[{"@type":"ReadAction","target":["https:\/\/labiergerie.ch\/bergerie\/commande\/agneau-entier\/"]}]},{"@type":"BreadcrumbList","@id":"https:\/\/labiergerie.ch\/bergerie\/commande\/agneau-entier\/#breadcrumb","itemListElement":[{"@type":"ListItem","position":1,"name":"Startseite","item":"https:\/\/labiergerie.ch\/"},{"@type":"ListItem","position":2,"name":"bergerie","item":"https:\/\/labiergerie.ch\/bergerie\/"},{"@type":"ListItem","position":3,"name":"commande de viande","item":"https:\/\/labiergerie.ch\/bergerie\/commande\/"},{"@type":"ListItem","position":4,"name":"Commande\u00a0 d&#8217;un agneau entier \u00e0 CHF 22.-\/kg"}]},{"@type":"WebSite","@id":"https:\/\/labiergerie.ch\/#website","url":"https:\/\/labiergerie.ch\/","name":"labiergerie.ch - laronia.ch","description":"Direktverkauf von Lammfleisch in Bi\u00e8re - Schweiz","potentialAction":[{"@type":"SearchAction","target":{"@type":"EntryPoint","urlTemplate":"https:\/\/labiergerie.ch\/?s={search_term_string}"},"query-input":{"@type":"PropertyValueSpecification","valueRequired":true,"valueName":"search_term_string"}}],"inLanguage":"de"}]}},"_links":{"self":[{"href":"https:\/\/labiergerie.ch\/de\/wp-json\/wp\/v2\/pages\/1459"}],"collection":[{"href":"https:\/\/labiergerie.ch\/de\/wp-json\/wp\/v2\/pages"}],"about":[{"href":"https:\/\/labiergerie.ch\/de\/wp-json\/wp\/v2\/types\/page"}],"author":[{"embeddable":true,"href":"https:\/\/labiergerie.ch\/de\/wp-json\/wp\/v2\/users\/143"}],"replies":[{"embeddable":true,"href":"https:\/\/labiergerie.ch\/de\/wp-json\/wp\/v2\/comments?post=1459"}],"version-history":[{"count":0,"href":"https:\/\/labiergerie.ch\/de\/wp-json\/wp\/v2\/pages\/1459\/revisions"}],"up":[{"embeddable":true,"href":"https:\/\/labiergerie.ch\/de\/wp-json\/wp\/v2\/pages\/884"}],"wp:attachment":[{"href":"https:\/\/labiergerie.ch\/de\/wp-json\/wp\/v2\/media?parent=1459"}],"curies":[{"name":"wp","href":"https:\/\/api.w.org\/{rel}","templated":true}]}}