{"id":1547,"date":"2019-09-24T14:09:35","date_gmt":"2019-09-24T12:09:35","guid":{"rendered":"https:\/\/labiergerie.ch\/?page_id=1547"},"modified":"2019-09-24T14:13:28","modified_gmt":"2019-09-24T12:13:28","slug":"peaux-de-mouton-et-laine-brute","status":"publish","type":"page","link":"https:\/\/labiergerie.ch\/de\/peaux-de-mouton-et-laine-brute\/","title":{"rendered":"Peaux de mouton et laine brute"},"content":{"rendered":"<h1>Peaux tann\u00e9s et laine<\/h1>\r\n<p>&nbsp;<\/p>\r\n<p>Nous accordons de l\u2019importance \u00e0 l\u2019utilisation de tous les produits du mouton! Pour cette raison, nous vous proposons aussi, en plus de la viande, d\u2019autres produits du mouton:<\/p>\r\n<p>&nbsp;<\/p>\r\n<h3>Peaux de mouton<\/h3>\r\n<p>Une d\u00e9coration pleine de douceur, r\u00e9chauffante quand l\u2019hiver s\u2019invite et rafraichissante quand l\u2019\u00e9t\u00e9 revient. Les peaux de mouton apportent une touche authentique dans votre chambre. Par terre, en guise d tapis, sur un fauteuil en rotin nordique, en guise de plaid sur le canap\u00e9 ou sur le lit, elle r\u00e9chauffe l\u2019atmosph\u00e8re d\u2019une pi\u00e8ce. Excellent r\u00e9gulateur thermique, ultra-douce et non allergisante, elle est \u00e9galement parfaite pour les b\u00e9b\u00e9s et les enfants, comme tapis d\u2019\u00e9veil, dans le cosy ou dans la poussette.<\/p>\r\n<p>Nos peaux d\u2019agneau n\u2019ont subi aucun traitement chimique lourd. Nous les envoyons en Suisse allemande dans une petite entreprise familiale, pour un tannage 100% naturel. Il s\u2019agit d\u2019un tannage appel\u00e9 \u00ab\u00a0Mimosa\u00a0\u00bb, r\u00e9alis\u00e9 \u00e0 partir d\u2019extrait d\u2019\u00e9corce d\u2019acacia. Lors du tannage, la peau de mouton n\u2019est pas color\u00e9e, elle garde donc sa pigmentation naturelle.<\/p>\r\n<p>Chacune de peaux de La Biergerie est unique et a son histoire \u00e0 raconter\u2026\u00a0<\/p>\r\n<p>&nbsp;<\/p>\r\n<h3>Laine brute\u00a0<\/h3>\r\n<p>Nous vendons la laine de mouton brute en petite quantit\u00e9 sur notre boutique ou en grande quantit\u00e9 sur demande. Contactez-nous par mail ou par t\u00e9l\u00e9phone.\u00a0<\/p>\r\n<p>&nbsp;<\/p>\r\n<h3>Centre de r\u00e9colte de laine<\/h3>\r\n<p>Nous sommes un centre de r\u00e9colte de laine pour l\u2019entreprise suisse \u201efiwo\u201c, qui transforme la laine de mouton en isolation et literie.<br \/>\r\nSi vous voulez deposer votre laine chez nous, contactez-nous au 021\/ 809 44 08.<br \/>\r\nLa laine est pay\u00e9 au prix actuel de la fiwo (env. 0.80 Fr par kilo), vous pouvez visiter le site internet sur www.fiwo.ch<\/p>","protected":false},"excerpt":{"rendered":"<p>Peaux tann\u00e9s et laine &nbsp; Nous accordons de l\u2019importance \u00e0 l\u2019utilisation de tous les produits du mouton! Pour cette raison, nous vous proposons aussi, en plus de la viande, d\u2019autres produits du mouton: &nbsp; Peaux de mouton Une d\u00e9coration pleine de douceur, r\u00e9chauffante quand l\u2019hiver s\u2019invite et rafraichissante quand l\u2019\u00e9t\u00e9 revient. Les peaux de mouton [&hellip;]<\/p>\n","protected":false},"author":143,"featured_media":0,"parent":0,"menu_order":0,"comment_status":"closed","ping_status":"closed","template":"","meta":{"footnotes":""},"translation":{"provider":"WPGlobus","version":"3.0.2","language":"de","enabled_languages":["fr","de"],"languages":{"fr":{"title":true,"content":true,"excerpt":false},"de":{"title":false,"content":false,"excerpt":false}}},"acf":[],"yoast_head":"<!-- This site is optimized with the Yoast SEO plugin v23.5 - https:\/\/yoast.com\/wordpress\/plugins\/seo\/ -->\n<title>Peau de mouton suisse et laine brute<\/title>\n<meta name=\"robots\" content=\"index, follow, max-snippet:-1, max-image-preview:large, max-video-preview:-1\" \/>\n<link rel=\"canonical\" href=\"https:\/\/labiergerie.ch\/peaux-de-mouton-et-laine-brute\/\" \/>\n<meta property=\"og:locale\" content=\"de_DE\" \/>\n<meta property=\"og:type\" content=\"article\" \/>\n<meta property=\"og:title\" content=\"Peaux de mouton et laine brute - labiergerie.ch - laronia.ch\" \/>\n<meta property=\"og:url\" content=\"https:\/\/labiergerie.ch\/peaux-de-mouton-et-laine-brute\/\" \/>\n<meta property=\"og:site_name\" content=\"labiergerie.ch - laronia.ch\" \/>\n<meta property=\"article:modified_time\" content=\"2019-09-24T12:13:28+00:00\" \/>\n<meta name=\"twitter:card\" content=\"summary_large_image\" \/>\n<meta name=\"twitter:label1\" content=\"Gesch\u00e4tzte Lesezeit\" \/>\n\t<meta name=\"twitter:data1\" content=\"2\u00a0Minuten\" \/>\n<script type=\"application\/ld+json\" class=\"yoast-schema-graph\">{\"@context\":\"https:\/\/schema.org\",\"@graph\":[{\"@type\":\"WebPage\",\"@id\":\"https:\/\/labiergerie.ch\/peaux-de-mouton-et-laine-brute\/\",\"url\":\"https:\/\/labiergerie.ch\/peaux-de-mouton-et-laine-brute\/\",\"name\":\"Peau de mouton suisse et laine brute\",\"isPartOf\":{\"@id\":\"https:\/\/labiergerie.ch\/#website\"},\"datePublished\":\"2019-09-24T12:09:35+00:00\",\"dateModified\":\"2019-09-24T12:13:28+00:00\",\"description\":\"Nous vendons les peaux de mouton suisse de notre \u00e9l\u00e9vage bio en tannage naturel ainsi que la laine de mouton brute pour vos bricolages et tricots.\",\"breadcrumb\":{\"@id\":\"https:\/\/labiergerie.ch\/peaux-de-mouton-et-laine-brute\/#breadcrumb\"},\"inLanguage\":\"de\",\"potentialAction\":[{\"@type\":\"ReadAction\",\"target\":[\"https:\/\/labiergerie.ch\/peaux-de-mouton-et-laine-brute\/\"]}]},{\"@type\":\"BreadcrumbList\",\"@id\":\"https:\/\/labiergerie.ch\/peaux-de-mouton-et-laine-brute\/#breadcrumb\",\"itemListElement\":[{\"@type\":\"ListItem\",\"position\":1,\"name\":\"Startseite\",\"item\":\"https:\/\/labiergerie.ch\/\"},{\"@type\":\"ListItem\",\"position\":2,\"name\":\"Peaux de mouton et laine brute\"}]},{\"@type\":\"WebSite\",\"@id\":\"https:\/\/labiergerie.ch\/#website\",\"url\":\"https:\/\/labiergerie.ch\/\",\"name\":\"labiergerie.ch - laronia.ch\",\"description\":\"Direktverkauf von Lammfleisch in Bi\u00e8re - Schweiz\",\"potentialAction\":[{\"@type\":\"SearchAction\",\"target\":{\"@type\":\"EntryPoint\",\"urlTemplate\":\"https:\/\/labiergerie.ch\/?s={search_term_string}\"},\"query-input\":{\"@type\":\"PropertyValueSpecification\",\"valueRequired\":true,\"valueName\":\"search_term_string\"}}],\"inLanguage\":\"de\"}]}<\/script>\n<!-- \/ Yoast SEO plugin. -->","yoast_head_json":{"title":"Peau de mouton suisse et laine brute","robots":{"index":"index","follow":"follow","max-snippet":"max-snippet:-1","max-image-preview":"max-image-preview:large","max-video-preview":"max-video-preview:-1"},"canonical":"https:\/\/labiergerie.ch\/peaux-de-mouton-et-laine-brute\/","og_locale":"de_DE","og_type":"article","og_title":"Peaux de mouton et laine brute - labiergerie.ch - laronia.ch","og_url":"https:\/\/labiergerie.ch\/peaux-de-mouton-et-laine-brute\/","og_site_name":"labiergerie.ch - laronia.ch","article_modified_time":"2019-09-24T12:13:28+00:00","twitter_card":"summary_large_image","twitter_misc":{"Gesch\u00e4tzte Lesezeit":"2\u00a0Minuten"},"schema":{"@context":"https:\/\/schema.org","@graph":[{"@type":"WebPage","@id":"https:\/\/labiergerie.ch\/peaux-de-mouton-et-laine-brute\/","url":"https:\/\/labiergerie.ch\/peaux-de-mouton-et-laine-brute\/","name":"Peau de mouton suisse et laine brute","isPartOf":{"@id":"https:\/\/labiergerie.ch\/#website"},"datePublished":"2019-09-24T12:09:35+00:00","dateModified":"2019-09-24T12:13:28+00:00","description":"Nous vendons les peaux de mouton suisse de notre \u00e9l\u00e9vage bio en tannage naturel ainsi que la laine de mouton brute pour vos bricolages et tricots.","breadcrumb":{"@id":"https:\/\/labiergerie.ch\/peaux-de-mouton-et-laine-brute\/#breadcrumb"},"inLanguage":"de","potentialAction":[{"@type":"ReadAction","target":["https:\/\/labiergerie.ch\/peaux-de-mouton-et-laine-brute\/"]}]},{"@type":"BreadcrumbList","@id":"https:\/\/labiergerie.ch\/peaux-de-mouton-et-laine-brute\/#breadcrumb","itemListElement":[{"@type":"ListItem","position":1,"name":"Startseite","item":"https:\/\/labiergerie.ch\/"},{"@type":"ListItem","position":2,"name":"Peaux de mouton et laine brute"}]},{"@type":"WebSite","@id":"https:\/\/labiergerie.ch\/#website","url":"https:\/\/labiergerie.ch\/","name":"labiergerie.ch - laronia.ch","description":"Direktverkauf von Lammfleisch in Bi\u00e8re - Schweiz","potentialAction":[{"@type":"SearchAction","target":{"@type":"EntryPoint","urlTemplate":"https:\/\/labiergerie.ch\/?s={search_term_string}"},"query-input":{"@type":"PropertyValueSpecification","valueRequired":true,"valueName":"search_term_string"}}],"inLanguage":"de"}]}},"_links":{"self":[{"href":"https:\/\/labiergerie.ch\/de\/wp-json\/wp\/v2\/pages\/1547"}],"collection":[{"href":"https:\/\/labiergerie.ch\/de\/wp-json\/wp\/v2\/pages"}],"about":[{"href":"https:\/\/labiergerie.ch\/de\/wp-json\/wp\/v2\/types\/page"}],"author":[{"embeddable":true,"href":"https:\/\/labiergerie.ch\/de\/wp-json\/wp\/v2\/users\/143"}],"replies":[{"embeddable":true,"href":"https:\/\/labiergerie.ch\/de\/wp-json\/wp\/v2\/comments?post=1547"}],"version-history":[{"count":0,"href":"https:\/\/labiergerie.ch\/de\/wp-json\/wp\/v2\/pages\/1547\/revisions"}],"wp:attachment":[{"href":"https:\/\/labiergerie.ch\/de\/wp-json\/wp\/v2\/media?parent=1547"}],"curies":[{"name":"wp","href":"https:\/\/api.w.org\/{rel}","templated":true}]}}