{"id":169,"date":"2014-09-18T06:56:10","date_gmt":"2014-09-18T06:56:10","guid":{"rendered":"http:\/\/www.labiergerie.ch\/?page_id=169"},"modified":"2020-09-10T10:54:38","modified_gmt":"2020-09-10T08:54:38","slug":"presentation","status":"publish","type":"page","link":"https:\/\/labiergerie.ch\/de\/presentation\/","title":{"rendered":"Portrait"},"content":{"rendered":"<h1>Portrait<\/h1>\r\n<p><span lang=\"DE\">Urspr\u00fcnglich war Matthieu als Agraringenieur in der Gesundheitsberatung von Kleinwiederk\u00e4uern t\u00e4tig und Cornelia k\u00fcmmerte sich als Sozialp\u00e4dagogin um hilfebed\u00fcrftige Kinder und Erwachsene. <\/span><\/p>\r\n<p><span lang=\"DE\">Immer gr\u00f6sser wurde unser Hobby der Schafhaltung, bis er in 2011 zu unserem Beruf wurde. Mit unseren Kindern und mit Unterst\u00fctzung von unseren Mitarbeitern, Zivildienstlern und Freiwilligen arbeiten wir heute zusammen und haben es auf dem Herzen unseren Bauernhof zu einem Zufluchtsort zu machen.<\/span><\/p>\r\n<p>&nbsp;<\/p>\r\n<p>&nbsp;<\/p>\r\n\n<div data-uk-slideshow=\"{autoplay: true ,autoplayInterval: 3600,pauseOnHover: false}\">\n\n    <div class=\"uk-slidenav-position\">\n\n        <ul class=\"uk-slideshow\">\n        \n            <li style=\"min-height: 300px;\">\n\n                \n                    <img decoding=\"async\" src=\"\/wp-content\/uploads\/2019\/05\/Foto-portrait-3.jpg\" alt=\"Foto Portrait 3\">\n                    \n                    \n                    \n                \n            <\/li>\n\n        \n            <li style=\"min-height: 300px;\">\n\n                \n                    <img decoding=\"async\" src=\"\/wp-content\/uploads\/2019\/05\/Foto-portrait-1.jpg\" alt=\"Foto Portrait 1\">\n                    \n                    \n                    \n                \n            <\/li>\n\n        \n            <li style=\"min-height: 300px;\">\n\n                \n                    <img decoding=\"async\" src=\"\/wp-content\/uploads\/2019\/05\/Foto-portrait-2.jpg\" alt=\"Foto Portrait 2\">\n                    \n                    \n                    \n                \n            <\/li>\n\n        \n            <li style=\"min-height: 300px;\">\n\n                \n                    <img decoding=\"async\" src=\"\/wp-content\/uploads\/2019\/05\/Foto-portrait-4.jpg\" alt=\"Foto Portrait 4\">\n                    \n                    \n                    \n                \n            <\/li>\n\n                <\/ul>\n\n                <a href=\"#\" class=\"uk-slidenav uk-slidenav-contrast uk-slidenav-previous uk-hidden-touch\" data-uk-slideshow-item=\"previous\"><\/a>\n        <a href=\"#\" class=\"uk-slidenav uk-slidenav-contrast uk-slidenav-next uk-hidden-touch\" data-uk-slideshow-item=\"next\"><\/a>\n        \n                <div class=\"uk-overlay-panel uk-overlay-bottom\">\n            \n<ul class=\"uk-dotnav uk-dotnav-contrast uk-flex-center\">\n    <li data-uk-slideshow-item=\"0\"><a href=\"#\">Foto Portrait 3<\/a><\/li>\n    <li data-uk-slideshow-item=\"1\"><a href=\"#\">Foto Portrait 1<\/a><\/li>\n    <li data-uk-slideshow-item=\"2\"><a href=\"#\">Foto Portrait 2<\/a><\/li>\n    <li data-uk-slideshow-item=\"3\"><a href=\"#\">Foto Portrait 4<\/a><\/li>\n<\/ul>\n        <\/div>\n        \n    <\/div>\n\n    \n<\/div>\n","protected":false},"excerpt":{"rendered":"<p>Portrait Urspr\u00fcnglich war Matthieu als Agraringenieur in der Gesundheitsberatung von Kleinwiederk\u00e4uern t\u00e4tig und Cornelia k\u00fcmmerte sich als Sozialp\u00e4dagogin um hilfebed\u00fcrftige Kinder und Erwachsene. Immer gr\u00f6sser wurde unser Hobby der Schafhaltung, bis er in 2011 zu unserem Beruf wurde. Mit unseren Kindern und mit Unterst\u00fctzung von unseren Mitarbeitern, Zivildienstlern und Freiwilligen arbeiten wir heute zusammen und [&hellip;]<\/p>\n","protected":false},"author":1,"featured_media":0,"parent":0,"menu_order":0,"comment_status":"closed","ping_status":"closed","template":"","meta":{"footnotes":""},"translation":{"provider":"WPGlobus","version":"3.0.2","language":"de","enabled_languages":["fr","de"],"languages":{"fr":{"title":true,"content":true,"excerpt":false},"de":{"title":true,"content":true,"excerpt":false}}},"acf":[],"yoast_head":"<!-- This site is optimized with the Yoast SEO plugin v23.5 - https:\/\/yoast.com\/wordpress\/plugins\/seo\/ -->\n<title>Portrait - labiergerie.ch - laronia.ch<\/title>\n<meta name=\"robots\" content=\"index, follow, max-snippet:-1, max-image-preview:large, max-video-preview:-1\" \/>\n<link rel=\"canonical\" href=\"https:\/\/labiergerie.ch\/de\/presentation\/\" \/>\n<meta property=\"og:locale\" content=\"de_DE\" \/>\n<meta property=\"og:type\" content=\"article\" \/>\n<meta property=\"og:title\" content=\"Portrait - labiergerie.ch - laronia.ch\" \/>\n<meta property=\"og:url\" content=\"https:\/\/labiergerie.ch\/de\/presentation\/\" \/>\n<meta property=\"og:site_name\" content=\"labiergerie.ch - laronia.ch\" \/>\n<meta property=\"article:modified_time\" content=\"2020-09-10T08:54:38+00:00\" \/>\n<meta name=\"twitter:card\" content=\"summary_large_image\" \/>\n<meta name=\"twitter:label1\" content=\"Gesch\u00e4tzte Lesezeit\" \/>\n\t<meta name=\"twitter:data1\" content=\"1\u00a0Minute\" \/>\n<script type=\"application\/ld+json\" class=\"yoast-schema-graph\">{\"@context\":\"https:\/\/schema.org\",\"@graph\":[{\"@type\":\"WebPage\",\"@id\":\"https:\/\/labiergerie.ch\/de\/presentation\/\",\"url\":\"https:\/\/labiergerie.ch\/de\/presentation\/\",\"name\":\"Portrait - labiergerie.ch - laronia.ch\",\"isPartOf\":{\"@id\":\"https:\/\/labiergerie.ch\/#website\"},\"datePublished\":\"2014-09-18T06:56:10+00:00\",\"dateModified\":\"2020-09-10T08:54:38+00:00\",\"description\":\"Notre ferme bio se situe \u00e0 Bi\u00e8re dans le Canton de Vaud. Nous y travaillons en famille et nous efforcons de vous offrir des produits saines et authentiques.\",\"breadcrumb\":{\"@id\":\"https:\/\/labiergerie.ch\/de\/presentation\/#breadcrumb\"},\"inLanguage\":\"de\",\"potentialAction\":[{\"@type\":\"ReadAction\",\"target\":[\"https:\/\/labiergerie.ch\/de\/presentation\/\"]}]},{\"@type\":\"BreadcrumbList\",\"@id\":\"https:\/\/labiergerie.ch\/de\/presentation\/#breadcrumb\",\"itemListElement\":[{\"@type\":\"ListItem\",\"position\":1,\"name\":\"Startseite\",\"item\":\"https:\/\/labiergerie.ch\/\"},{\"@type\":\"ListItem\",\"position\":2,\"name\":\"Portrait\"}]},{\"@type\":\"WebSite\",\"@id\":\"https:\/\/labiergerie.ch\/#website\",\"url\":\"https:\/\/labiergerie.ch\/\",\"name\":\"labiergerie.ch - laronia.ch\",\"description\":\"Direktverkauf von Lammfleisch in Bi\u00e8re - Schweiz\",\"potentialAction\":[{\"@type\":\"SearchAction\",\"target\":{\"@type\":\"EntryPoint\",\"urlTemplate\":\"https:\/\/labiergerie.ch\/?s={search_term_string}\"},\"query-input\":{\"@type\":\"PropertyValueSpecification\",\"valueRequired\":true,\"valueName\":\"search_term_string\"}}],\"inLanguage\":\"de\"}]}<\/script>\n<!-- \/ Yoast SEO plugin. -->","yoast_head_json":{"title":"Portrait - labiergerie.ch - laronia.ch","robots":{"index":"index","follow":"follow","max-snippet":"max-snippet:-1","max-image-preview":"max-image-preview:large","max-video-preview":"max-video-preview:-1"},"canonical":"https:\/\/labiergerie.ch\/de\/presentation\/","og_locale":"de_DE","og_type":"article","og_title":"Portrait - labiergerie.ch - laronia.ch","og_url":"https:\/\/labiergerie.ch\/de\/presentation\/","og_site_name":"labiergerie.ch - laronia.ch","article_modified_time":"2020-09-10T08:54:38+00:00","twitter_card":"summary_large_image","twitter_misc":{"Gesch\u00e4tzte Lesezeit":"1\u00a0Minute"},"schema":{"@context":"https:\/\/schema.org","@graph":[{"@type":"WebPage","@id":"https:\/\/labiergerie.ch\/de\/presentation\/","url":"https:\/\/labiergerie.ch\/de\/presentation\/","name":"Portrait - labiergerie.ch - laronia.ch","isPartOf":{"@id":"https:\/\/labiergerie.ch\/#website"},"datePublished":"2014-09-18T06:56:10+00:00","dateModified":"2020-09-10T08:54:38+00:00","description":"Notre ferme bio se situe \u00e0 Bi\u00e8re dans le Canton de Vaud. Nous y travaillons en famille et nous efforcons de vous offrir des produits saines et authentiques.","breadcrumb":{"@id":"https:\/\/labiergerie.ch\/de\/presentation\/#breadcrumb"},"inLanguage":"de","potentialAction":[{"@type":"ReadAction","target":["https:\/\/labiergerie.ch\/de\/presentation\/"]}]},{"@type":"BreadcrumbList","@id":"https:\/\/labiergerie.ch\/de\/presentation\/#breadcrumb","itemListElement":[{"@type":"ListItem","position":1,"name":"Startseite","item":"https:\/\/labiergerie.ch\/"},{"@type":"ListItem","position":2,"name":"Portrait"}]},{"@type":"WebSite","@id":"https:\/\/labiergerie.ch\/#website","url":"https:\/\/labiergerie.ch\/","name":"labiergerie.ch - laronia.ch","description":"Direktverkauf von Lammfleisch in Bi\u00e8re - Schweiz","potentialAction":[{"@type":"SearchAction","target":{"@type":"EntryPoint","urlTemplate":"https:\/\/labiergerie.ch\/?s={search_term_string}"},"query-input":{"@type":"PropertyValueSpecification","valueRequired":true,"valueName":"search_term_string"}}],"inLanguage":"de"}]}},"_links":{"self":[{"href":"https:\/\/labiergerie.ch\/de\/wp-json\/wp\/v2\/pages\/169"}],"collection":[{"href":"https:\/\/labiergerie.ch\/de\/wp-json\/wp\/v2\/pages"}],"about":[{"href":"https:\/\/labiergerie.ch\/de\/wp-json\/wp\/v2\/types\/page"}],"author":[{"embeddable":true,"href":"https:\/\/labiergerie.ch\/de\/wp-json\/wp\/v2\/users\/1"}],"replies":[{"embeddable":true,"href":"https:\/\/labiergerie.ch\/de\/wp-json\/wp\/v2\/comments?post=169"}],"version-history":[{"count":0,"href":"https:\/\/labiergerie.ch\/de\/wp-json\/wp\/v2\/pages\/169\/revisions"}],"wp:attachment":[{"href":"https:\/\/labiergerie.ch\/de\/wp-json\/wp\/v2\/media?parent=169"}],"curies":[{"name":"wp","href":"https:\/\/api.w.org\/{rel}","templated":true}]}}