{"id":72,"date":"2014-07-08T08:19:52","date_gmt":"2014-07-08T08:19:52","guid":{"rendered":"http:\/\/www.labiergerie.ch\/?page_id=72"},"modified":"2020-05-18T14:47:18","modified_gmt":"2020-05-18T12:47:18","slug":"bergerie","status":"publish","type":"page","link":"https:\/\/labiergerie.ch\/de\/bergerie\/","title":{"rendered":"schafstall"},"content":{"rendered":"\n<div data-uk-slideshow=\"{autoplay: true ,autoplayInterval: 3600,pauseOnHover: false}\">\n\n    <div class=\"uk-slidenav-position\">\n\n        <ul class=\"uk-slideshow\">\n        \n            <li style=\"min-height: 300px;\">\n\n                \n                    <img decoding=\"async\" src=\"\/wp-content\/uploads\/2018\/03\/slide1.jpg\" alt=\"Slide1\">\n                    \n                    \n                    \n                \n            <\/li>\n\n        \n            <li style=\"min-height: 300px;\">\n\n                \n                    <img decoding=\"async\" src=\"\/wp-content\/uploads\/2019\/04\/Foto-Schafe-3_2.jpg\" alt=\"Foto Schafe 3 2\">\n                    \n                    \n                    \n                \n            <\/li>\n\n        \n            <li style=\"min-height: 300px;\">\n\n                \n                    <img decoding=\"async\" src=\"\/wp-content\/uploads\/2019\/05\/Foto-Schafe-4.jpg\" alt=\"Slide2\">\n                    \n                    \n                    \n                \n            <\/li>\n\n                <\/ul>\n\n                <a href=\"#\" class=\"uk-slidenav uk-slidenav-contrast uk-slidenav-previous uk-hidden-touch\" data-uk-slideshow-item=\"previous\"><\/a>\n        <a href=\"#\" class=\"uk-slidenav uk-slidenav-contrast uk-slidenav-next uk-hidden-touch\" data-uk-slideshow-item=\"next\"><\/a>\n        \n                <div class=\"uk-overlay-panel uk-overlay-bottom\">\n            \n<ul class=\"uk-dotnav uk-dotnav-contrast uk-flex-center\">\n    <li data-uk-slideshow-item=\"0\"><a href=\"#\">Slide1<\/a><\/li>\n    <li data-uk-slideshow-item=\"1\"><a href=\"#\">Foto Schafe 3 2<\/a><\/li>\n    <li data-uk-slideshow-item=\"2\"><a href=\"#\">Slide2<\/a><\/li>\n<\/ul>\n        <\/div>\n        \n    <\/div>\n\n    \n<\/div>\n\r\n<h1>schafstall<\/h1>\r\n<p>Unser Bauernhof befindet sich etwas au\u00dferhalb vom Dorf in Bi\u00e8re (VD) und umfasst eine Schafherde von circa 280 Muttertieren und eine Ziegenherde mit ungef\u00e4hr 30 Muttertieren.<\/p>\r\n<p>Folgende Kriterien sind uns wichtig und charakterisieren unseren Betrieb:<\/p>\r\n<h4>Biodiversit\u00e4t<\/h4>\r\n<p>Wir bewirtschaften viele Trockenwiesen, welche als Hochburgen f\u00fcr Biodiversit\u00e4t gelten: sie beherbergen 40% der vorhandenen Pflanzenarten und 50 % der vorhandenen Tierarten in der Schweiz, von denen viele bedrohte Arten sind. Eine der gr\u00f6\u00dften Trockenwiese ist mit circa 80 Hektaren der Waffenplatz in Bi\u00e8re, den wir in Wanderschaft beweiden.<\/p>\r\n<p>&nbsp;<\/p>\r\n<h4>Biologische Landwirtschaft<\/h4>\r\n<p>Unser Betrieb folgt den Richtilinien der biologischen Landwirtschaft und wird j\u00e4hrlich von bioinspecta kontrolliert. Die Schafhaltung folgt dem Rhytmus der Natur. Nach den Ablammungen im Stall mit Auslauf gehen die L\u00e4mmer mit ihren M\u00fcttern auf die Weiden in Bi\u00e8re und Umgebung. Im Juni zieht die ganze Herde auf die Alp, wo sie die w\u00fcrzigen Kr\u00e4uter der Alpwiesen genie\u00dfen.<\/p>\r\n<p>&nbsp;<\/p>\r\n<h4>Regionale Landwirtschaft<\/h4>\r\n<p>Unsere Schafe weiden am Jura-Fu\u00df und in den Waadtl\u00e4nder Voralpen. Das Beweiden mit Schafen verhindert die nat\u00fcrliche Verbuschung der Fl\u00e4chen und erm\u00f6glicht somit die Erhaltung der typischen Landschaft der Schweizer Berggebiete. Unser Stroh und Heu f\u00fcr den Winter wird gr\u00f6\u00dftenteils auf dem Hof oder in der Region produziert.<\/p>\r\n<p>&nbsp;<\/p>\r\n<h4>Erhaltung der Rassen<\/h4>\r\n<p>Unser Betrieb f\u00f6rdert die Erhaltung von bedrohten Tierrassen und wird jedes Jahr von der Pro-Specie-Rara Stiftung kontrolliert. Wir z\u00fcchten Stieffelgeissen, Capra Griggia Ziegen und halten Pommernenten.<\/p>\r\n<p>&nbsp;<\/p>\r\n\n\n<div id=\"wk-grida0b\" class=\"uk-grid-width-1-1 uk-grid-width-small-1-2 uk-grid uk-grid-match uk-text-left \" data-uk-grid-match=\"{target:'> div > .uk-panel', row:true}\" data-uk-grid-margin  data-uk-scrollspy=\"{cls:'uk-animation-slide-bottom uk-invisible', target:'> div > .uk-panel', delay:300}\">\n\n\n    <div>\n        <div class=\"uk-panel uk-invisible\">\n\n            \n            \n                        <div class=\"uk-text-center uk-panel-teaser\"><div class=\"uk-overlay uk-overlay-hover \"><img loading=\"lazy\" decoding=\"async\" src=\"\/wp-content\/uploads\/2019\/04\/labiergerie-grid-01.jpg\" class=\" uk-overlay-scale\" alt=\"produkte\" width=\"576\" height=\"380\"><a class=\"uk-position-cover\" href=\"\/de\/bergerie\/produits\/\" title=\"produkte\"><\/a><\/div><\/div>\n            \n            \n                        <h3 class=\"uk-h3 uk-margin-top-remove\">\n\n                                    <a class=\"uk-link-reset\" href=\"\/de\/bergerie\/produits\/\">produkte<\/a>\n                \n                \n            <\/h3>\n            \n            \n            \n                        <div class=\"uk-margin\">Unsere L\u00e4mmer sind Weidel\u00e4mmer. Sie fressen ausschlie\u00dflich Gras, dies ist nicht nur artgerecht, sondern sorgt auch f\u00fcr sehr aromatisches Fleisch.<\/div>\n            \n            \n                        <p><a class=\"uk-button\" href=\"\/de\/bergerie\/produits\/\">ANSEHEN<\/a><\/p>\n            \n            \n        <\/div>\n    <\/div>\n\n\n    <div>\n        <div class=\"uk-panel uk-invisible\">\n\n            \n            \n                        <div class=\"uk-text-center uk-panel-teaser\"><div class=\"uk-overlay uk-overlay-hover \"><img loading=\"lazy\" decoding=\"async\" src=\"\/wp-content\/uploads\/2019\/05\/labiergerie-grid-02a.jpg\" class=\" uk-overlay-scale\" alt=\"bestellung\" width=\"576\" height=\"381\"><a class=\"uk-position-cover\" href=\"\/de\/bergerie\/commande\/\" title=\"bestellung\"><\/a><\/div><\/div>\n            \n            \n                        <h3 class=\"uk-h3 uk-margin-top-remove\">\n\n                                    <a class=\"uk-link-reset\" href=\"\/de\/bergerie\/commande\/\">bestellung<\/a>\n                \n                \n            <\/h3>\n            \n            \n            \n                        <div class=\"uk-margin\">Der Fleischverkauf findet ab dem Sp\u00e4tsommer statt, von September bis Dezember schlachten wir w\u00f6chentlich.<\/div>\n            \n            \n                        <p><a class=\"uk-button\" href=\"\/de\/bergerie\/commande\/\">ANSEHEN<\/a><\/p>\n            \n            \n        <\/div>\n    <\/div>\n\n\n<\/div>\n\n<script>\n(function($){\n\n    \/\/ get the images of the gallery and replace it by a canvas of the same size to fix the problem with overlapping images on load.\n    $('img[width][height]:not(.uk-overlay-panel)', $('#wk-grida0b')).each(function() {\n\n        var $img = $(this);\n\n        if (this.width == 'auto' || this.height == 'auto' || !$img.is(':visible')) {\n            return;\n        }\n\n        var $canvas = $('<canvas class=\"uk-responsive-width\"><\/canvas>').attr({width:$img.attr('width'), height:$img.attr('height')}),\n            img = new Image,\n            release = function() {\n                $canvas.remove();\n                $img.css('display', '');\n                release = function(){};\n            };\n\n        $img.css('display', 'none').after($canvas);\n\n        $(img).on('load', function(){ release(); });\n        setTimeout(function(){ release(); }, 1000);\n\n        img.src = this.src;\n\n    });\n\n})(jQuery);\n<\/script>\n\r\n<p>&nbsp;<\/p>\r\n<p>&nbsp;<\/p>\r\n\n<div data-uk-slideset=\"{animation: 'slide-horizontal',duration: 350,autoplay: true ,default: 1}\">\n\n    \n    <div class=\"uk-slidenav-position uk-margin\">\n\n        <ul class=\"uk-slideset uk-grid uk-grid-match uk-flex-center uk-grid-width-1-1\">\n        \n            <li>\n\n                <div class=\"uk-panel uk-panel-box uk-panel-box-secondary uk-text-center\">\n\n                    \n                    \n                                        <div class=\"uk-text-center uk-margin uk-margin-top-remove\"><img loading=\"lazy\" decoding=\"async\" src=\"\/wp-content\/plugins\/widgetkit\/cache\/Ravet-86a11bf209a07ae0e82dcdb85012e77c.jpg\" class=\"uk-border-circle\" alt=\"Bernard und Guy Ravet\" width=\"200\" height=\"200\"><\/div>\n                    \n                                        <h3 class=\"uk-h3 uk-margin-top-remove\">\n\n                                                    Bernard und Guy Ravet                        \n                        \n                    <\/h3>\n                    \n                    \n                                        <div class=\"uk-margin\">Das Lammfleisch der Biergerie findet regelm\u00e4\u00dfig seinen Platz auf unsere Karte, es ist ein schmackhaftes Fleisch, saftig und unglaublich zart. Das Ergebnis aus einer biologischen Tierhaltung, aufmerksam und im vollkommenen Respekt der Tiere. Die Familie M\u00fcller liefert uns ein hochwertiges Produkt. \n\nDie Zusammenarbeit mit den lokalen Produzenten ist wichtig f\u00fcr uns, es garantiert uns Frische und die R\u00fcckverfolgbarkeit des Produktes und st\u00e4rkt das wirtschaftliche Netzwerk der Region. \n<\/div>\n                    \n                    \n                    \n                <\/div>\n\n            <\/li>\n\n                <\/ul>\n\n                <a href=\"#\" class=\"uk-slidenav  uk-slidenav-previous uk-hidden-touch\" data-uk-slideset-item=\"previous\"><\/a>\n        <a href=\"#\" class=\"uk-slidenav  uk-slidenav-next uk-hidden-touch\" data-uk-slideset-item=\"next\"><\/a>\n        \n    <\/div>\n\n    \n    \n    \n<\/div>\n\r\n<p>&nbsp;<\/p>\r\n<p>&nbsp;<\/p>\r\n\n\n<div id=\"wk-grid66d\" class=\"uk-grid-width-1-1 uk-grid uk-grid-match uk-text-left \" data-uk-grid-match=\"{target:'> div > .uk-panel', row:true}\" data-uk-grid-margin  data-uk-scrollspy=\"{cls:'uk-animation-slide-bottom uk-invisible', target:'> div > .uk-panel', delay:300}\">\n\n\n    <div>\n        <div class=\"uk-panel uk-panel-box uk-invisible\">\n\n            \n            \n            \n            \n            \n            \n            \n                        <div class=\"uk-margin\"><!-- Begin Mailchimp Signup Form -->\n<link href=\"\/\/cdn-images.mailchimp.com\/embedcode\/classic-10_7.css\" rel=\"stylesheet\" type=\"text\/css\">\n<style type=\"text\/css\">\n\t#mc_embed_signup{background:#fff; clear:left; font:14px Helvetica,Arial,sans-serif; }\n\t\/* Add your own Mailchimp form style overrides in your site stylesheet or in this style block.\n\t   We recommend moving this block and the preceding CSS link to the HEAD of your HTML file. *\/\n<\/style>\n<div id=\"mc_embed_signup\">\n<form action=\"https:\/\/labiergerie.us19.list-manage.com\/subscribe\/post?u=728e23a377051749df6d81510&amp;id=90f2a8b70d\" method=\"post\" id=\"mc-embedded-subscribe-form\" name=\"mc-embedded-subscribe-form\" class=\"validate\" target=\"_blank\" novalidate>\n    <div id=\"mc_embed_signup_scroll\">\n\t<h3>Abonnieren Sie unseren Newsletter<\/h3>\n<div class=\"mc-field-group\">\n\t<label for=\"mce-EMAIL\">Email-Adresse<\/label>\n\t<input type=\"email\" value=\"\" name=\"EMAIL\" class=\"required email\" \t \n\t\t\t\t id=\"mce-EMAIL\">\n<\/div>\n\t<div id=\"mce-responses\" class=\"clear\">\n\t\t<div class=\"response\" id=\"mce-error-response\" style=\"display:none\"><\/div>\n\t\t<div class=\"response\" id=\"mce-success-response\" style=\"display:none\"><\/div>\n\t<\/div>    <!-- real people should not fill this in and expect good things - do not remove this or risk form bot signups-->\n    <div style=\"position: absolute; left: -5000px;\" aria-hidden=\"true\"><input type=\"text\" name=\"b_728e23a377051749df6d81510_90f2a8b70d\" tabindex=\"-1\" value=\"\"><\/div>\n    <div class=\"clear\"><input type=\"submit\" value=\"jetzt abonieren\" name=\"Subscribe\" id=\"mc-embedded-subscribe\" class=\"button\"><\/div>\n    <\/div>\n<\/form>\n<\/div>\n<script type='text\/javascript' src='\/\/s3.amazonaws.com\/downloads.mailchimp.com\/js\/mc-validate.js'><\/script><script type='text\/javascript'>(function($) {window.fnames = new Array(); window.ftypes = new Array();fnames[0]='EMAIL';ftypes[0]='email';fnames[1]='FNAME';ftypes[1]='text';fnames[2]='LNAME';ftypes[2]='text';fnames[3]='ADDRESS';ftypes[3]='address';fnames[4]='PHONE';ftypes[4]='phone';fnames[5]='BIRTHDAY';ftypes[5]='birthday';fnames[6]='MMERGE6';ftypes[6]='text';}(jQuery));var $mcj = jQuery.noConflict(true);<\/script>\n<!--End mc_embed_signup--><\/div>\n            \n            \n            \n            \n        <\/div>\n    <\/div>\n\n\n<\/div>\n\n<script>\n(function($){\n\n    \/\/ get the images of the gallery and replace it by a canvas of the same size to fix the problem with overlapping images on load.\n    $('img[width][height]:not(.uk-overlay-panel)', $('#wk-grid66d')).each(function() {\n\n        var $img = $(this);\n\n        if (this.width == 'auto' || this.height == 'auto' || !$img.is(':visible')) {\n            return;\n        }\n\n        var $canvas = $('<canvas class=\"uk-responsive-width\"><\/canvas>').attr({width:$img.attr('width'), height:$img.attr('height')}),\n            img = new Image,\n            release = function() {\n                $canvas.remove();\n                $img.css('display', '');\n                release = function(){};\n            };\n\n        $img.css('display', 'none').after($canvas);\n\n        $(img).on('load', function(){ release(); });\n        setTimeout(function(){ release(); }, 1000);\n\n        img.src = this.src;\n\n    });\n\n})(jQuery);\n<\/script>\n\r\n<p>&nbsp;<\/p>\r\n<p>&nbsp;<\/p>","protected":false},"excerpt":{"rendered":"<p>schafstall Unser Bauernhof befindet sich etwas au\u00dferhalb vom Dorf in Bi\u00e8re (VD) und umfasst eine Schafherde von circa 280 Muttertieren und eine Ziegenherde mit ungef\u00e4hr 30 Muttertieren. Folgende Kriterien sind uns wichtig und charakterisieren unseren Betrieb: Biodiversit\u00e4t Wir bewirtschaften viele Trockenwiesen, welche als Hochburgen f\u00fcr Biodiversit\u00e4t gelten: sie beherbergen 40% der vorhandenen Pflanzenarten und 50 [&hellip;]<\/p>\n","protected":false},"author":1,"featured_media":0,"parent":0,"menu_order":0,"comment_status":"closed","ping_status":"closed","template":"","meta":{"footnotes":""},"translation":{"provider":"WPGlobus","version":"3.0.2","language":"de","enabled_languages":["fr","de"],"languages":{"fr":{"title":true,"content":true,"excerpt":false},"de":{"title":true,"content":true,"excerpt":false}}},"acf":[],"yoast_head":"<!-- This site is optimized with the Yoast SEO plugin v23.5 - https:\/\/yoast.com\/wordpress\/plugins\/seo\/ -->\n<title>schafstall - labiergerie.ch - laronia.ch<\/title>\n<meta name=\"robots\" content=\"index, follow, max-snippet:-1, max-image-preview:large, max-video-preview:-1\" \/>\n<link rel=\"canonical\" href=\"https:\/\/labiergerie.ch\/bergerie\/\" \/>\n<meta property=\"og:locale\" content=\"de_DE\" \/>\n<meta property=\"og:type\" content=\"article\" \/>\n<meta property=\"og:title\" content=\"schafstall - labiergerie.ch - laronia.ch\" \/>\n<meta property=\"og:url\" content=\"https:\/\/labiergerie.ch\/bergerie\/\" \/>\n<meta property=\"og:site_name\" content=\"labiergerie.ch - laronia.ch\" \/>\n<meta property=\"article:modified_time\" content=\"2020-05-18T12:47:18+00:00\" \/>\n<meta name=\"twitter:card\" content=\"summary_large_image\" \/>\n<meta name=\"twitter:label1\" content=\"Gesch\u00e4tzte Lesezeit\" \/>\n\t<meta name=\"twitter:data1\" content=\"3\u00a0Minuten\" \/>\n<script type=\"application\/ld+json\" class=\"yoast-schema-graph\">{\"@context\":\"https:\/\/schema.org\",\"@graph\":[{\"@type\":\"WebPage\",\"@id\":\"https:\/\/labiergerie.ch\/bergerie\/\",\"url\":\"https:\/\/labiergerie.ch\/bergerie\/\",\"name\":\"schafstall - labiergerie.ch - laronia.ch\",\"isPartOf\":{\"@id\":\"https:\/\/labiergerie.ch\/#website\"},\"datePublished\":\"2014-07-08T08:19:52+00:00\",\"dateModified\":\"2020-05-18T12:47:18+00:00\",\"breadcrumb\":{\"@id\":\"https:\/\/labiergerie.ch\/bergerie\/#breadcrumb\"},\"inLanguage\":\"de\",\"potentialAction\":[{\"@type\":\"ReadAction\",\"target\":[\"https:\/\/labiergerie.ch\/bergerie\/\"]}]},{\"@type\":\"BreadcrumbList\",\"@id\":\"https:\/\/labiergerie.ch\/bergerie\/#breadcrumb\",\"itemListElement\":[{\"@type\":\"ListItem\",\"position\":1,\"name\":\"Startseite\",\"item\":\"https:\/\/labiergerie.ch\/\"},{\"@type\":\"ListItem\",\"position\":2,\"name\":\"bergerie\"}]},{\"@type\":\"WebSite\",\"@id\":\"https:\/\/labiergerie.ch\/#website\",\"url\":\"https:\/\/labiergerie.ch\/\",\"name\":\"labiergerie.ch - laronia.ch\",\"description\":\"Direktverkauf von Lammfleisch in Bi\u00e8re - Schweiz\",\"potentialAction\":[{\"@type\":\"SearchAction\",\"target\":{\"@type\":\"EntryPoint\",\"urlTemplate\":\"https:\/\/labiergerie.ch\/?s={search_term_string}\"},\"query-input\":{\"@type\":\"PropertyValueSpecification\",\"valueRequired\":true,\"valueName\":\"search_term_string\"}}],\"inLanguage\":\"de\"}]}<\/script>\n<!-- \/ Yoast SEO plugin. -->","yoast_head_json":{"title":"schafstall - labiergerie.ch - laronia.ch","robots":{"index":"index","follow":"follow","max-snippet":"max-snippet:-1","max-image-preview":"max-image-preview:large","max-video-preview":"max-video-preview:-1"},"canonical":"https:\/\/labiergerie.ch\/bergerie\/","og_locale":"de_DE","og_type":"article","og_title":"schafstall - labiergerie.ch - laronia.ch","og_url":"https:\/\/labiergerie.ch\/bergerie\/","og_site_name":"labiergerie.ch - laronia.ch","article_modified_time":"2020-05-18T12:47:18+00:00","twitter_card":"summary_large_image","twitter_misc":{"Gesch\u00e4tzte Lesezeit":"3\u00a0Minuten"},"schema":{"@context":"https:\/\/schema.org","@graph":[{"@type":"WebPage","@id":"https:\/\/labiergerie.ch\/bergerie\/","url":"https:\/\/labiergerie.ch\/bergerie\/","name":"schafstall - labiergerie.ch - laronia.ch","isPartOf":{"@id":"https:\/\/labiergerie.ch\/#website"},"datePublished":"2014-07-08T08:19:52+00:00","dateModified":"2020-05-18T12:47:18+00:00","breadcrumb":{"@id":"https:\/\/labiergerie.ch\/bergerie\/#breadcrumb"},"inLanguage":"de","potentialAction":[{"@type":"ReadAction","target":["https:\/\/labiergerie.ch\/bergerie\/"]}]},{"@type":"BreadcrumbList","@id":"https:\/\/labiergerie.ch\/bergerie\/#breadcrumb","itemListElement":[{"@type":"ListItem","position":1,"name":"Startseite","item":"https:\/\/labiergerie.ch\/"},{"@type":"ListItem","position":2,"name":"bergerie"}]},{"@type":"WebSite","@id":"https:\/\/labiergerie.ch\/#website","url":"https:\/\/labiergerie.ch\/","name":"labiergerie.ch - laronia.ch","description":"Direktverkauf von Lammfleisch in Bi\u00e8re - Schweiz","potentialAction":[{"@type":"SearchAction","target":{"@type":"EntryPoint","urlTemplate":"https:\/\/labiergerie.ch\/?s={search_term_string}"},"query-input":{"@type":"PropertyValueSpecification","valueRequired":true,"valueName":"search_term_string"}}],"inLanguage":"de"}]}},"_links":{"self":[{"href":"https:\/\/labiergerie.ch\/de\/wp-json\/wp\/v2\/pages\/72"}],"collection":[{"href":"https:\/\/labiergerie.ch\/de\/wp-json\/wp\/v2\/pages"}],"about":[{"href":"https:\/\/labiergerie.ch\/de\/wp-json\/wp\/v2\/types\/page"}],"author":[{"embeddable":true,"href":"https:\/\/labiergerie.ch\/de\/wp-json\/wp\/v2\/users\/1"}],"replies":[{"embeddable":true,"href":"https:\/\/labiergerie.ch\/de\/wp-json\/wp\/v2\/comments?post=72"}],"version-history":[{"count":0,"href":"https:\/\/labiergerie.ch\/de\/wp-json\/wp\/v2\/pages\/72\/revisions"}],"wp:attachment":[{"href":"https:\/\/labiergerie.ch\/de\/wp-json\/wp\/v2\/media?parent=72"}],"curies":[{"name":"wp","href":"https:\/\/api.w.org\/{rel}","templated":true}]}}