{"id":728,"date":"2018-03-12T20:41:06","date_gmt":"2018-03-12T19:41:06","guid":{"rendered":"https:\/\/labiergerie.danielbuescher.de\/?page_id=728"},"modified":"2023-04-07T21:50:21","modified_gmt":"2023-04-07T19:50:21","slug":"start","status":"publish","type":"page","link":"https:\/\/labiergerie.ch\/de\/","title":{"rendered":"start"},"content":{"rendered":"<p>&nbsp;<\/p>\r\n\n\n<div id=\"wk-grid705\" class=\"uk-grid-width-1-1 uk-grid-width-small-1-2 uk-grid uk-grid-match uk-grid-collapse uk-text-left \" data-uk-grid-match=\"{target:'> div > .uk-panel', row:true}\" data-uk-grid-margin  data-uk-scrollspy=\"{cls:'uk-animation-fade uk-invisible', target:'> div > .uk-panel', delay:300}\">\n\n\n    <div>\n        <div class=\"uk-panel uk-overlay-hover uk-invisible\">\n\n                        <a class=\"uk-position-cover uk-position-z-index\" href=\"\/de\/bergerie\/\" title=\"\"><\/a>\n            \n            \n                        <div class=\"uk-text-center uk-panel-teaser\"><div class=\"uk-overlay \"><img loading=\"lazy\" decoding=\"async\" src=\"\/wp-content\/uploads\/2018\/11\/labiergerie-slide1.jpg\" width=\"946\" height=\"783\"><img loading=\"lazy\" decoding=\"async\" src=\"\/wp-content\/plugins\/widgetkit\/cache\/labiergerie-slide2-4c514a6b7a6c8f56f2085c6d22419203.jpg\" class=\" uk-overlay-panel uk-overlay-image uk-overlay-fade\" width=\"946\" height=\"783\"><\/div><\/div>\n            \n            \n            \n            \n            \n            \n            \n            \n            \n        <\/div>\n    <\/div>\n\n\n    <div>\n        <div class=\"uk-panel uk-overlay-hover uk-invisible\">\n\n                        <a class=\"uk-position-cover uk-position-z-index\" href=\"\/de\/aronia\/\" title=\"\"><\/a>\n            \n            \n                        <div class=\"uk-text-center uk-panel-teaser\"><div class=\"uk-overlay \"><img loading=\"lazy\" decoding=\"async\" src=\"\/wp-content\/uploads\/2019\/02\/aronia-slide-1a.jpg\" width=\"946\" height=\"783\"><img loading=\"lazy\" decoding=\"async\" src=\"\/wp-content\/plugins\/widgetkit\/cache\/aronia-slide-2b-501d966087f1e95c03055d9b2ceea683.jpg\" class=\" uk-overlay-panel uk-overlay-image uk-overlay-fade\" width=\"946\" height=\"783\"><\/div><\/div>\n            \n            \n            \n            \n            \n            \n            \n            \n            \n        <\/div>\n    <\/div>\n\n\n<\/div>\n\n<script>\n(function($){\n\n    \/\/ get the images of the gallery and replace it by a canvas of the same size to fix the problem with overlapping images on load.\n    $('img[width][height]:not(.uk-overlay-panel)', $('#wk-grid705')).each(function() {\n\n        var $img = $(this);\n\n        if (this.width == 'auto' || this.height == 'auto' || !$img.is(':visible')) {\n            return;\n        }\n\n        var $canvas = $('<canvas class=\"uk-responsive-width\"><\/canvas>').attr({width:$img.attr('width'), height:$img.attr('height')}),\n            img = new Image,\n            release = function() {\n                $canvas.remove();\n                $img.css('display', '');\n                release = function(){};\n            };\n\n        $img.css('display', 'none').after($canvas);\n\n        $(img).on('load', function(){ release(); });\n        setTimeout(function(){ release(); }, 1000);\n\n        img.src = this.src;\n\n    });\n\n})(jQuery);\n<\/script>\n","protected":false},"excerpt":{"rendered":"<p>&nbsp;<\/p>\n","protected":false},"author":1,"featured_media":0,"parent":0,"menu_order":0,"comment_status":"closed","ping_status":"closed","template":"","meta":{"footnotes":""},"translation":{"provider":"WPGlobus","version":"3.0.2","language":"de","enabled_languages":["fr","de"],"languages":{"fr":{"title":true,"content":true,"excerpt":false},"de":{"title":true,"content":true,"excerpt":false}}},"acf":[],"yoast_head":"<!-- This site is optimized with the Yoast SEO plugin v23.5 - https:\/\/yoast.com\/wordpress\/plugins\/seo\/ -->\n<title>start - labiergerie.ch - laronia.ch - vente directe des produits bio \u00e0 la ferme<\/title>\n<meta name=\"description\" content=\"La biergerie est situ\u00e9e \u00e0 Bi\u00e8re, dans le canton de Vaud de Suisse. Nous avons une \u00e9l\u00e9vage de mouton et de ch\u00e8vre et vendons nos produits en vente directe.\" \/>\n<meta name=\"robots\" content=\"index, follow, max-snippet:-1, max-image-preview:large, max-video-preview:-1\" \/>\n<link rel=\"canonical\" href=\"https:\/\/labiergerie.ch\/\" \/>\n<meta property=\"og:locale\" content=\"de_DE\" \/>\n<meta property=\"og:type\" content=\"article\" \/>\n<meta property=\"og:title\" content=\"start - labiergerie.ch - laronia.ch - vente directe des produits bio \u00e0 la ferme\" \/>\n<meta property=\"og:description\" content=\"La biergerie est situ\u00e9e \u00e0 Bi\u00e8re, dans le canton de Vaud de Suisse. Nous avons une \u00e9l\u00e9vage de mouton et de ch\u00e8vre et vendons nos produits en vente directe.\" \/>\n<meta property=\"og:url\" content=\"https:\/\/labiergerie.ch\/\" \/>\n<meta property=\"og:site_name\" content=\"labiergerie.ch - laronia.ch\" \/>\n<meta property=\"article:modified_time\" content=\"2023-04-07T19:50:21+00:00\" \/>\n<meta property=\"og:image\" content=\"https:\/\/labiergerie.ch\/wp-content\/uploads\/2019\/05\/Logo-BEIDE-GROSS.jpg\" \/>\n\t<meta property=\"og:image:width\" content=\"1024\" \/>\n\t<meta property=\"og:image:height\" content=\"556\" \/>\n\t<meta property=\"og:image:type\" content=\"image\/jpeg\" \/>\n<meta name=\"twitter:card\" content=\"summary_large_image\" \/>\n<meta name=\"twitter:label1\" content=\"Gesch\u00e4tzte Lesezeit\" \/>\n\t<meta name=\"twitter:data1\" content=\"1\u00a0Minute\" \/>\n<script type=\"application\/ld+json\" class=\"yoast-schema-graph\">{\"@context\":\"https:\/\/schema.org\",\"@graph\":[{\"@type\":\"WebPage\",\"@id\":\"https:\/\/labiergerie.ch\/\",\"url\":\"https:\/\/labiergerie.ch\/\",\"name\":\"labiergerie.ch - laronia.ch\",\"isPartOf\":{\"@id\":\"https:\/\/labiergerie.ch\/#website\"},\"datePublished\":\"2018-03-12T19:41:06+00:00\",\"dateModified\":\"2023-04-07T19:50:21+00:00\",\"breadcrumb\":{\"@id\":\"https:\/\/labiergerie.ch\/#breadcrumb\"},\"inLanguage\":\"de\",\"potentialAction\":[{\"@type\":\"ReadAction\",\"target\":[\"https:\/\/labiergerie.ch\/\"]}]},{\"@type\":\"BreadcrumbList\",\"@id\":\"https:\/\/labiergerie.ch\/#breadcrumb\",\"itemListElement\":[{\"@type\":\"ListItem\",\"position\":1,\"name\":\"Startseite\",\"item\":\"https:\/\/labiergerie.ch\/\"},{\"@type\":\"ListItem\",\"position\":2,\"name\":\"la bergerie\"}]},{\"@type\":\"WebSite\",\"@id\":\"https:\/\/labiergerie.ch\/#website\",\"url\":\"https:\/\/labiergerie.ch\/\",\"name\":\"labiergerie.ch - laronia.ch\",\"description\":\"Direktverkauf von Lammfleisch in Bi\u00e8re - Schweiz\",\"potentialAction\":[{\"@type\":\"SearchAction\",\"target\":{\"@type\":\"EntryPoint\",\"urlTemplate\":\"https:\/\/labiergerie.ch\/?s={search_term_string}\"},\"query-input\":{\"@type\":\"PropertyValueSpecification\",\"valueRequired\":true,\"valueName\":\"search_term_string\"}}],\"inLanguage\":\"de\"}]}<\/script>\n<!-- \/ Yoast SEO plugin. -->","yoast_head_json":{"title":"start - labiergerie.ch - laronia.ch - vente directe des produits bio \u00e0 la ferme","description":"La biergerie est situ\u00e9e \u00e0 Bi\u00e8re, dans le canton de Vaud de Suisse. Nous avons une \u00e9l\u00e9vage de mouton et de ch\u00e8vre et vendons nos produits en vente directe.","robots":{"index":"index","follow":"follow","max-snippet":"max-snippet:-1","max-image-preview":"max-image-preview:large","max-video-preview":"max-video-preview:-1"},"canonical":"https:\/\/labiergerie.ch\/","og_locale":"de_DE","og_type":"article","og_title":"start - labiergerie.ch - laronia.ch - vente directe des produits bio \u00e0 la ferme","og_description":"La biergerie est situ\u00e9e \u00e0 Bi\u00e8re, dans le canton de Vaud de Suisse. Nous avons une \u00e9l\u00e9vage de mouton et de ch\u00e8vre et vendons nos produits en vente directe.","og_url":"https:\/\/labiergerie.ch\/","og_site_name":"labiergerie.ch - laronia.ch","article_modified_time":"2023-04-07T19:50:21+00:00","og_image":[{"width":1024,"height":556,"url":"https:\/\/labiergerie.ch\/wp-content\/uploads\/2019\/05\/Logo-BEIDE-GROSS.jpg","type":"image\/jpeg"}],"twitter_card":"summary_large_image","twitter_misc":{"Gesch\u00e4tzte Lesezeit":"1\u00a0Minute"},"schema":{"@context":"https:\/\/schema.org","@graph":[{"@type":"WebPage","@id":"https:\/\/labiergerie.ch\/","url":"https:\/\/labiergerie.ch\/","name":"labiergerie.ch - laronia.ch","isPartOf":{"@id":"https:\/\/labiergerie.ch\/#website"},"datePublished":"2018-03-12T19:41:06+00:00","dateModified":"2023-04-07T19:50:21+00:00","breadcrumb":{"@id":"https:\/\/labiergerie.ch\/#breadcrumb"},"inLanguage":"de","potentialAction":[{"@type":"ReadAction","target":["https:\/\/labiergerie.ch\/"]}]},{"@type":"BreadcrumbList","@id":"https:\/\/labiergerie.ch\/#breadcrumb","itemListElement":[{"@type":"ListItem","position":1,"name":"Startseite","item":"https:\/\/labiergerie.ch\/"},{"@type":"ListItem","position":2,"name":"la bergerie"}]},{"@type":"WebSite","@id":"https:\/\/labiergerie.ch\/#website","url":"https:\/\/labiergerie.ch\/","name":"labiergerie.ch - laronia.ch","description":"Direktverkauf von Lammfleisch in Bi\u00e8re - Schweiz","potentialAction":[{"@type":"SearchAction","target":{"@type":"EntryPoint","urlTemplate":"https:\/\/labiergerie.ch\/?s={search_term_string}"},"query-input":{"@type":"PropertyValueSpecification","valueRequired":true,"valueName":"search_term_string"}}],"inLanguage":"de"}]}},"_links":{"self":[{"href":"https:\/\/labiergerie.ch\/de\/wp-json\/wp\/v2\/pages\/728"}],"collection":[{"href":"https:\/\/labiergerie.ch\/de\/wp-json\/wp\/v2\/pages"}],"about":[{"href":"https:\/\/labiergerie.ch\/de\/wp-json\/wp\/v2\/types\/page"}],"author":[{"embeddable":true,"href":"https:\/\/labiergerie.ch\/de\/wp-json\/wp\/v2\/users\/1"}],"replies":[{"embeddable":true,"href":"https:\/\/labiergerie.ch\/de\/wp-json\/wp\/v2\/comments?post=728"}],"version-history":[{"count":0,"href":"https:\/\/labiergerie.ch\/de\/wp-json\/wp\/v2\/pages\/728\/revisions"}],"wp:attachment":[{"href":"https:\/\/labiergerie.ch\/de\/wp-json\/wp\/v2\/media?parent=728"}],"curies":[{"name":"wp","href":"https:\/\/api.w.org\/{rel}","templated":true}]}}