{"id":884,"date":"2019-02-27T15:33:19","date_gmt":"2019-02-27T14:33:19","guid":{"rendered":"https:\/\/labiergerie.danielbuescher.de\/?page_id=884"},"modified":"2025-05-21T14:53:34","modified_gmt":"2025-05-21T12:53:34","slug":"commande","status":"publish","type":"page","link":"https:\/\/labiergerie.ch\/de\/bergerie\/commande\/","title":{"rendered":"bestellung"},"content":{"rendered":"<p><img loading=\"lazy\" decoding=\"async\" class=\"alignnone size-full wp-image-1413\" src=\"https:\/\/labiergerie.ch\/wp-content\/uploads\/2019\/05\/Foto-commande.jpg\" alt=\"\" width=\"2001\" height=\"971\" srcset=\"https:\/\/labiergerie.ch\/wp-content\/uploads\/2019\/05\/Foto-commande.jpg 2001w, https:\/\/labiergerie.ch\/wp-content\/uploads\/2019\/05\/Foto-commande-300x146.jpg 300w, https:\/\/labiergerie.ch\/wp-content\/uploads\/2019\/05\/Foto-commande-768x373.jpg 768w, https:\/\/labiergerie.ch\/wp-content\/uploads\/2019\/05\/Foto-commande-1024x497.jpg 1024w, https:\/\/labiergerie.ch\/wp-content\/uploads\/2019\/05\/Foto-commande-600x291.jpg 600w\" sizes=\"(max-width: 2001px) 100vw, 2001px\" \/><\/p>\r\n<h1>bestellung<\/h1>\r\n<p>Der Fleischverkauf findet ab dem Sp\u00e4tsommer statt, von September bis Dezember schlachten wir w\u00f6chentlich. Es kann also sein, dass nach ihrer Bestellung eine l\u00e4ngere Wartezeit entsteht bis zum n\u00e4chsten Schlachttermin. Wir nehmen aber nach jeder eingegangenen Bestellung m\u00f6glichst schnell Kontakt mit Ihnen auf um den Liefertermin mitzuteilen. Meistens haben wir auch einige tiefgefrorene St\u00fccke im Vorrat, dies kann telefonisch abgekl\u00e4rt und bestellt werden.<\/p>\r\n<p>&nbsp;<\/p>\r\n<h3>Ganzes Lamm\u00a0<\/h3>\r\n<p>Preis : 18.- CHF\/ kg, ganzes Lamm als Schlachtk\u00f6rper f\u00fcrs Grillen am Spiess oder zum selber zerlegen<br \/>\r\nEin Lamm wiegt ungef\u00e4hr 20 kg<br \/>\r\nN\u00e4chster Schlachttermin: August 2021<\/p>\r\n<p>&nbsp;<\/p>\r\n<h3>Mischpaket \u201cBio-Lamm\u201d<\/h3>\r\n<p>Preis : 27.- CHF \/ kg (Preis wird auf der Basis des Schlachtk\u00f6rpergewichtes vor der Zerlegung berechnet)<br \/>\r\nEin Lamm entspricht circa 16 kg Fleisch und eine Keule wiegt circa 2.5 kg<br \/>\r\nN\u00e4chster Schlachttermin: August 2021<\/p>\r\n<p>&nbsp;<\/p>\r\n<h3>Mischpaket \u201cBio-Gitzi\u201d<\/h3>\r\n<p>Preis : 27.- CHF \/ kg (Preis wird auf der Basis des Schlachtk\u00f6rpergewichtes vor der Zerlegung berechnet)<br \/>\r\nEin Gitzi entspricht circa 14 kg Fleisch und eine Keule wiegt circa 2 kg<br \/>\r\nN\u00e4chster Schlachttermin: Herbst 2021<\/p>\r\n<p>&nbsp;<\/p>\r\n\n<div data-uk-slideset=\"{animation: 'slide-horizontal',duration: 350,autoplay: true ,default: 1,small: 2,medium: 4}\">\n\n    \n    <div class=\"uk-slidenav-position uk-margin\">\n\n        <ul class=\"uk-slideset uk-grid uk-grid-match uk-flex-center uk-grid-width-1-1 uk-grid-width-small-1-2 uk-grid-width-medium-1-4\">\n                <\/ul>\n\n        \n    <\/div>\n\n    \n        <ul class=\"uk-slideset-nav uk-dotnav uk-flex-center uk-margin-bottom-remove\"><\/ul>\n    \n    \n<\/div>\n\r\n<p>&nbsp;<\/p>\r\n<p>&nbsp;<\/p>\r\n\n<div data-uk-slideset=\"{animation: 'slide-horizontal',duration: 350,autoplay: true ,default: 1}\">\n\n    \n    <div class=\"uk-slidenav-position uk-margin\">\n\n        <ul class=\"uk-slideset uk-grid uk-grid-match uk-flex-center uk-grid-width-1-1\">\n        \n            <li>\n\n                <div class=\"uk-panel uk-panel-box uk-panel-box-secondary uk-text-center\">\n\n                    \n                    \n                                        <div class=\"uk-text-center uk-margin uk-margin-top-remove\"><img loading=\"lazy\" decoding=\"async\" src=\"\/wp-content\/plugins\/widgetkit\/cache\/Ravet-86a11bf209a07ae0e82dcdb85012e77c.jpg\" class=\"uk-border-circle\" alt=\"Bernard und Guy Ravet\" width=\"200\" height=\"200\"><\/div>\n                    \n                                        <h3 class=\"uk-h3 uk-margin-top-remove\">\n\n                                                    Bernard und Guy Ravet                        \n                        \n                    <\/h3>\n                    \n                    \n                                        <div class=\"uk-margin\">Das Lammfleisch der Biergerie findet regelm\u00e4\u00dfig seinen Platz auf unsere Karte, es ist ein schmackhaftes Fleisch, saftig und unglaublich zart. Das Ergebnis aus einer biologischen Tierhaltung, aufmerksam und im vollkommenen Respekt der Tiere. Die Familie M\u00fcller liefert uns ein hochwertiges Produkt. \n\nDie Zusammenarbeit mit den lokalen Produzenten ist wichtig f\u00fcr uns, es garantiert uns Frische und die R\u00fcckverfolgbarkeit des Produktes und st\u00e4rkt das wirtschaftliche Netzwerk der Region. \n<\/div>\n                    \n                    \n                    \n                <\/div>\n\n            <\/li>\n\n                <\/ul>\n\n                <a href=\"#\" class=\"uk-slidenav  uk-slidenav-previous uk-hidden-touch\" data-uk-slideset-item=\"previous\"><\/a>\n        <a href=\"#\" class=\"uk-slidenav  uk-slidenav-next uk-hidden-touch\" data-uk-slideset-item=\"next\"><\/a>\n        \n    <\/div>\n\n    \n    \n    \n<\/div>\n\r\n<p>&nbsp;<\/p>\r\n<p>&nbsp;<\/p>\r\n\n\n<div id=\"wk-grid632\" class=\"uk-grid-width-1-1 uk-grid uk-grid-match uk-text-left \" data-uk-grid-match=\"{target:'> div > .uk-panel', row:true}\" data-uk-grid-margin  data-uk-scrollspy=\"{cls:'uk-animation-slide-bottom uk-invisible', target:'> div > .uk-panel', delay:300}\">\n\n\n    <div>\n        <div class=\"uk-panel uk-panel-box uk-invisible\">\n\n            \n            \n            \n            \n            \n            \n            \n                        <div class=\"uk-margin\"><!-- Begin Mailchimp Signup Form -->\n<link href=\"\/\/cdn-images.mailchimp.com\/embedcode\/classic-10_7.css\" rel=\"stylesheet\" type=\"text\/css\">\n<style type=\"text\/css\">\n\t#mc_embed_signup{background:#fff; clear:left; font:14px Helvetica,Arial,sans-serif; }\n\t\/* Add your own Mailchimp form style overrides in your site stylesheet or in this style block.\n\t   We recommend moving this block and the preceding CSS link to the HEAD of your HTML file. *\/\n<\/style>\n<div id=\"mc_embed_signup\">\n<form action=\"https:\/\/labiergerie.us19.list-manage.com\/subscribe\/post?u=728e23a377051749df6d81510&amp;id=90f2a8b70d\" method=\"post\" id=\"mc-embedded-subscribe-form\" name=\"mc-embedded-subscribe-form\" class=\"validate\" target=\"_blank\" novalidate>\n    <div id=\"mc_embed_signup_scroll\">\n\t<h3>Abonnieren Sie unseren Newsletter<\/h3>\n<div class=\"mc-field-group\">\n\t<label for=\"mce-EMAIL\">Email-Adresse<\/label>\n\t<input type=\"email\" value=\"\" name=\"EMAIL\" class=\"required email\" \t \n\t\t\t\t id=\"mce-EMAIL\">\n<\/div>\n\t<div id=\"mce-responses\" class=\"clear\">\n\t\t<div class=\"response\" id=\"mce-error-response\" style=\"display:none\"><\/div>\n\t\t<div class=\"response\" id=\"mce-success-response\" style=\"display:none\"><\/div>\n\t<\/div>    <!-- real people should not fill this in and expect good things - do not remove this or risk form bot signups-->\n    <div style=\"position: absolute; left: -5000px;\" aria-hidden=\"true\"><input type=\"text\" name=\"b_728e23a377051749df6d81510_90f2a8b70d\" tabindex=\"-1\" value=\"\"><\/div>\n    <div class=\"clear\"><input type=\"submit\" value=\"jetzt abonieren\" name=\"Subscribe\" id=\"mc-embedded-subscribe\" class=\"button\"><\/div>\n    <\/div>\n<\/form>\n<\/div>\n<script type='text\/javascript' src='\/\/s3.amazonaws.com\/downloads.mailchimp.com\/js\/mc-validate.js'><\/script><script type='text\/javascript'>(function($) {window.fnames = new Array(); window.ftypes = new Array();fnames[0]='EMAIL';ftypes[0]='email';fnames[1]='FNAME';ftypes[1]='text';fnames[2]='LNAME';ftypes[2]='text';fnames[3]='ADDRESS';ftypes[3]='address';fnames[4]='PHONE';ftypes[4]='phone';fnames[5]='BIRTHDAY';ftypes[5]='birthday';fnames[6]='MMERGE6';ftypes[6]='text';}(jQuery));var $mcj = jQuery.noConflict(true);<\/script>\n<!--End mc_embed_signup--><\/div>\n            \n            \n            \n            \n        <\/div>\n    <\/div>\n\n\n<\/div>\n\n<script>\n(function($){\n\n    \/\/ get the images of the gallery and replace it by a canvas of the same size to fix the problem with overlapping images on load.\n    $('img[width][height]:not(.uk-overlay-panel)', $('#wk-grid632')).each(function() {\n\n        var $img = $(this);\n\n        if (this.width == 'auto' || this.height == 'auto' || !$img.is(':visible')) {\n            return;\n        }\n\n        var $canvas = $('<canvas class=\"uk-responsive-width\"><\/canvas>').attr({width:$img.attr('width'), height:$img.attr('height')}),\n            img = new Image,\n            release = function() {\n                $canvas.remove();\n                $img.css('display', '');\n                release = function(){};\n            };\n\n        $img.css('display', 'none').after($canvas);\n\n        $(img).on('load', function(){ release(); });\n        setTimeout(function(){ release(); }, 1000);\n\n        img.src = this.src;\n\n    });\n\n})(jQuery);\n<\/script>\n","protected":false},"excerpt":{"rendered":"<p>bestellung Der Fleischverkauf findet ab dem Sp\u00e4tsommer statt, von September bis Dezember schlachten wir w\u00f6chentlich. Es kann also sein, dass nach ihrer Bestellung eine l\u00e4ngere Wartezeit entsteht bis zum n\u00e4chsten Schlachttermin. Wir nehmen aber nach jeder eingegangenen Bestellung m\u00f6glichst schnell Kontakt mit Ihnen auf um den Liefertermin mitzuteilen. Meistens haben wir auch einige tiefgefrorene St\u00fccke [&hellip;]<\/p>\n","protected":false},"author":1,"featured_media":0,"parent":72,"menu_order":0,"comment_status":"closed","ping_status":"closed","template":"","meta":{"footnotes":""},"translation":{"provider":"WPGlobus","version":"3.0.2","language":"de","enabled_languages":["fr","de"],"languages":{"fr":{"title":true,"content":true,"excerpt":false},"de":{"title":true,"content":true,"excerpt":false}}},"acf":[],"yoast_head":"<!-- This site is optimized with the Yoast SEO plugin v23.5 - https:\/\/yoast.com\/wordpress\/plugins\/seo\/ -->\n<title>bestellung - labiergerie.ch - laronia.ch<\/title>\n<meta name=\"robots\" content=\"index, follow, max-snippet:-1, max-image-preview:large, max-video-preview:-1\" \/>\n<link rel=\"canonical\" href=\"https:\/\/labiergerie.ch\/bergerie\/commande\/\" \/>\n<meta property=\"og:locale\" content=\"de_DE\" \/>\n<meta property=\"og:type\" content=\"article\" \/>\n<meta property=\"og:title\" content=\"bestellung - labiergerie.ch - laronia.ch\" \/>\n<meta property=\"og:url\" content=\"https:\/\/labiergerie.ch\/bergerie\/commande\/\" \/>\n<meta property=\"og:site_name\" content=\"labiergerie.ch - laronia.ch\" \/>\n<meta property=\"article:modified_time\" content=\"2025-05-21T12:53:34+00:00\" \/>\n<meta property=\"og:image\" content=\"https:\/\/labiergerie.ch\/wp-content\/uploads\/2019\/05\/Foto-commande.jpg\" \/>\n<meta name=\"twitter:card\" content=\"summary_large_image\" \/>\n<meta name=\"twitter:label1\" content=\"Gesch\u00e4tzte Lesezeit\" \/>\n\t<meta name=\"twitter:data1\" content=\"2\u00a0Minuten\" \/>\n<script type=\"application\/ld+json\" class=\"yoast-schema-graph\">{\"@context\":\"https:\/\/schema.org\",\"@graph\":[{\"@type\":\"WebPage\",\"@id\":\"https:\/\/labiergerie.ch\/bergerie\/commande\/\",\"url\":\"https:\/\/labiergerie.ch\/bergerie\/commande\/\",\"name\":\"bestellung - labiergerie.ch - laronia.ch\",\"isPartOf\":{\"@id\":\"https:\/\/labiergerie.ch\/#website\"},\"primaryImageOfPage\":{\"@id\":\"https:\/\/labiergerie.ch\/bergerie\/commande\/#primaryimage\"},\"image\":{\"@id\":\"https:\/\/labiergerie.ch\/bergerie\/commande\/#primaryimage\"},\"thumbnailUrl\":\"https:\/\/labiergerie.ch\/wp-content\/uploads\/2019\/05\/Foto-commande.jpg\",\"datePublished\":\"2019-02-27T14:33:19+00:00\",\"dateModified\":\"2025-05-21T12:53:34+00:00\",\"breadcrumb\":{\"@id\":\"https:\/\/labiergerie.ch\/bergerie\/commande\/#breadcrumb\"},\"inLanguage\":\"de\",\"potentialAction\":[{\"@type\":\"ReadAction\",\"target\":[\"https:\/\/labiergerie.ch\/bergerie\/commande\/\"]}]},{\"@type\":\"ImageObject\",\"inLanguage\":\"de\",\"@id\":\"https:\/\/labiergerie.ch\/bergerie\/commande\/#primaryimage\",\"url\":\"https:\/\/labiergerie.ch\/wp-content\/uploads\/2019\/05\/Foto-commande.jpg\",\"contentUrl\":\"https:\/\/labiergerie.ch\/wp-content\/uploads\/2019\/05\/Foto-commande.jpg\"},{\"@type\":\"BreadcrumbList\",\"@id\":\"https:\/\/labiergerie.ch\/bergerie\/commande\/#breadcrumb\",\"itemListElement\":[{\"@type\":\"ListItem\",\"position\":1,\"name\":\"Startseite\",\"item\":\"https:\/\/labiergerie.ch\/\"},{\"@type\":\"ListItem\",\"position\":2,\"name\":\"bergerie\",\"item\":\"https:\/\/labiergerie.ch\/bergerie\/\"},{\"@type\":\"ListItem\",\"position\":3,\"name\":\"commande de viande\"}]},{\"@type\":\"WebSite\",\"@id\":\"https:\/\/labiergerie.ch\/#website\",\"url\":\"https:\/\/labiergerie.ch\/\",\"name\":\"labiergerie.ch - laronia.ch\",\"description\":\"Direktverkauf von Lammfleisch in Bi\u00e8re - Schweiz\",\"potentialAction\":[{\"@type\":\"SearchAction\",\"target\":{\"@type\":\"EntryPoint\",\"urlTemplate\":\"https:\/\/labiergerie.ch\/?s={search_term_string}\"},\"query-input\":{\"@type\":\"PropertyValueSpecification\",\"valueRequired\":true,\"valueName\":\"search_term_string\"}}],\"inLanguage\":\"de\"}]}<\/script>\n<!-- \/ Yoast SEO plugin. -->","yoast_head_json":{"title":"bestellung - labiergerie.ch - laronia.ch","robots":{"index":"index","follow":"follow","max-snippet":"max-snippet:-1","max-image-preview":"max-image-preview:large","max-video-preview":"max-video-preview:-1"},"canonical":"https:\/\/labiergerie.ch\/bergerie\/commande\/","og_locale":"de_DE","og_type":"article","og_title":"bestellung - labiergerie.ch - laronia.ch","og_url":"https:\/\/labiergerie.ch\/bergerie\/commande\/","og_site_name":"labiergerie.ch - laronia.ch","article_modified_time":"2025-05-21T12:53:34+00:00","og_image":[{"url":"https:\/\/labiergerie.ch\/wp-content\/uploads\/2019\/05\/Foto-commande.jpg"}],"twitter_card":"summary_large_image","twitter_misc":{"Gesch\u00e4tzte Lesezeit":"2\u00a0Minuten"},"schema":{"@context":"https:\/\/schema.org","@graph":[{"@type":"WebPage","@id":"https:\/\/labiergerie.ch\/bergerie\/commande\/","url":"https:\/\/labiergerie.ch\/bergerie\/commande\/","name":"bestellung - labiergerie.ch - laronia.ch","isPartOf":{"@id":"https:\/\/labiergerie.ch\/#website"},"primaryImageOfPage":{"@id":"https:\/\/labiergerie.ch\/bergerie\/commande\/#primaryimage"},"image":{"@id":"https:\/\/labiergerie.ch\/bergerie\/commande\/#primaryimage"},"thumbnailUrl":"https:\/\/labiergerie.ch\/wp-content\/uploads\/2019\/05\/Foto-commande.jpg","datePublished":"2019-02-27T14:33:19+00:00","dateModified":"2025-05-21T12:53:34+00:00","breadcrumb":{"@id":"https:\/\/labiergerie.ch\/bergerie\/commande\/#breadcrumb"},"inLanguage":"de","potentialAction":[{"@type":"ReadAction","target":["https:\/\/labiergerie.ch\/bergerie\/commande\/"]}]},{"@type":"ImageObject","inLanguage":"de","@id":"https:\/\/labiergerie.ch\/bergerie\/commande\/#primaryimage","url":"https:\/\/labiergerie.ch\/wp-content\/uploads\/2019\/05\/Foto-commande.jpg","contentUrl":"https:\/\/labiergerie.ch\/wp-content\/uploads\/2019\/05\/Foto-commande.jpg"},{"@type":"BreadcrumbList","@id":"https:\/\/labiergerie.ch\/bergerie\/commande\/#breadcrumb","itemListElement":[{"@type":"ListItem","position":1,"name":"Startseite","item":"https:\/\/labiergerie.ch\/"},{"@type":"ListItem","position":2,"name":"bergerie","item":"https:\/\/labiergerie.ch\/bergerie\/"},{"@type":"ListItem","position":3,"name":"commande de viande"}]},{"@type":"WebSite","@id":"https:\/\/labiergerie.ch\/#website","url":"https:\/\/labiergerie.ch\/","name":"labiergerie.ch - laronia.ch","description":"Direktverkauf von Lammfleisch in Bi\u00e8re - Schweiz","potentialAction":[{"@type":"SearchAction","target":{"@type":"EntryPoint","urlTemplate":"https:\/\/labiergerie.ch\/?s={search_term_string}"},"query-input":{"@type":"PropertyValueSpecification","valueRequired":true,"valueName":"search_term_string"}}],"inLanguage":"de"}]}},"_links":{"self":[{"href":"https:\/\/labiergerie.ch\/de\/wp-json\/wp\/v2\/pages\/884"}],"collection":[{"href":"https:\/\/labiergerie.ch\/de\/wp-json\/wp\/v2\/pages"}],"about":[{"href":"https:\/\/labiergerie.ch\/de\/wp-json\/wp\/v2\/types\/page"}],"author":[{"embeddable":true,"href":"https:\/\/labiergerie.ch\/de\/wp-json\/wp\/v2\/users\/1"}],"replies":[{"embeddable":true,"href":"https:\/\/labiergerie.ch\/de\/wp-json\/wp\/v2\/comments?post=884"}],"version-history":[{"count":6,"href":"https:\/\/labiergerie.ch\/de\/wp-json\/wp\/v2\/pages\/884\/revisions"}],"predecessor-version":[{"id":8632,"href":"https:\/\/labiergerie.ch\/de\/wp-json\/wp\/v2\/pages\/884\/revisions\/8632"}],"up":[{"embeddable":true,"href":"https:\/\/labiergerie.ch\/de\/wp-json\/wp\/v2\/pages\/72"}],"wp:attachment":[{"href":"https:\/\/labiergerie.ch\/de\/wp-json\/wp\/v2\/media?parent=884"}],"curies":[{"name":"wp","href":"https:\/\/api.w.org\/{rel}","templated":true}]}}