{"id":893,"date":"2019-02-27T15:38:22","date_gmt":"2019-02-27T14:38:22","guid":{"rendered":"https:\/\/labiergerie.danielbuescher.de\/?page_id=893"},"modified":"2020-01-20T16:43:37","modified_gmt":"2020-01-20T15:43:37","slug":"culture","status":"publish","type":"page","link":"https:\/\/labiergerie.ch\/de\/aronia\/culture\/","title":{"rendered":"anbau"},"content":{"rendered":"\n<div data-uk-slideshow=\"{autoplay: true ,autoplayInterval: 3600,pauseOnHover: false}\">\n\n    <div class=\"uk-slidenav-position\">\n\n        <ul class=\"uk-slideshow\">\n        \n            <li style=\"min-height: 300px;\">\n\n                \n                    <img decoding=\"async\" src=\"\/wp-content\/uploads\/2019\/05\/Aronia-Kultur-1.jpg\" alt=\"Aronia Kultur 1\">\n                    \n                    \n                    \n                \n            <\/li>\n\n        \n            <li style=\"min-height: 300px;\">\n\n                \n                    <img decoding=\"async\" src=\"\/wp-content\/uploads\/2019\/05\/Aronia-Kultur-2.jpg\" alt=\"Aronia Kultur 2\">\n                    \n                    \n                    \n                \n            <\/li>\n\n        \n            <li style=\"min-height: 300px;\">\n\n                \n                    <img decoding=\"async\" src=\"\/wp-content\/uploads\/2019\/05\/Aronia-Kultur-3.jpg\" alt=\"Aronia Kultur 3\">\n                    \n                    \n                    \n                \n            <\/li>\n\n                <\/ul>\n\n                <a href=\"#\" class=\"uk-slidenav uk-slidenav-contrast uk-slidenav-previous uk-hidden-touch\" data-uk-slideshow-item=\"previous\"><\/a>\n        <a href=\"#\" class=\"uk-slidenav uk-slidenav-contrast uk-slidenav-next uk-hidden-touch\" data-uk-slideshow-item=\"next\"><\/a>\n        \n                <div class=\"uk-overlay-panel uk-overlay-bottom\">\n            \n<ul class=\"uk-dotnav uk-dotnav-contrast uk-flex-center\">\n    <li data-uk-slideshow-item=\"0\"><a href=\"#\">Aronia Kultur 1<\/a><\/li>\n    <li data-uk-slideshow-item=\"1\"><a href=\"#\">Aronia Kultur 2<\/a><\/li>\n    <li data-uk-slideshow-item=\"2\"><a href=\"#\">Aronia Kultur 3<\/a><\/li>\n<\/ul>\n        <\/div>\n        \n    <\/div>\n\n    \n<\/div>\n\r\n<h1>anbau<\/h1>\r\n<p>L\u2019aronia melanocarpa ist eine urspr\u00fcnglich aus Nordamerika stammende Pflanze, deren Frucht seit Urzeiten von den Indianern zur Ern\u00e4hrung und zu medizinschen Zwecken genutzt wurde. Daf\u00fcr nannten sie die Aronia\u00a0: die Pflanze, die heilt.<\/p>\r\n<p>Sie ist ein Busch, der der Eberesche \u00e4hnelt und deren Frucht eine tiefschwarze Farbe hat, die einen hohen Anteil von Anthocyanen enth\u00e4lt. Im Herbst f\u00e4rben die Bl\u00e4tter sich rot.<\/p>\r\n<p>Wir haben den \u201cAronia-Hof\u201d\u00a0(la ferme d\u2019aronia) in 2018 \u00fcbernommen, wo schon seit 2009 auf circa 7000 m\u00b2 Aronias angebaut werden.<\/p>\r\n<p>Wir f\u00fchren die Kultur nach den gleichen Prinzipen unserer Vorg\u00e4nger Jean-Luc und Catherine Tschabold weiter\u00a0: in biologischer Landwirtschaft und in der Bewahrung der nat\u00fcrlichen und handwerklichen Seite der Arbeit. Der Schnitt und das J\u00e4ten der Unkr\u00e4uter wird von Hand gemacht, ebenso wie die Ernte.<\/p>\r\n<p>Ein grosser Teil der Kultur wird in den Sommermonaten bis zur Ernte von Netzen abgedeckt und sch\u00fctzt vor Insekten wie der Essigfliege \u00ab\u00a0Drosophila suzukii\u00a0\u00bb aus Japan.<\/p>\r\n<p>&nbsp;<\/p>\r\n<p>&nbsp;<\/p>\r\n\n\n<div id=\"wk-grid811\" class=\"uk-grid-width-1-1 uk-grid uk-grid-match uk-text-left \" data-uk-grid-match=\"{target:'> div > .uk-panel', row:true}\" data-uk-grid-margin  data-uk-scrollspy=\"{cls:'uk-animation-slide-bottom uk-invisible', target:'> div > .uk-panel', delay:300}\">\n\n\n    <div>\n        <div class=\"uk-panel uk-panel-box uk-invisible\">\n\n            \n            \n            \n            \n            \n            \n            \n                        <div class=\"uk-margin\"><!-- Begin Mailchimp Signup Form -->\n<link href=\"\/\/cdn-images.mailchimp.com\/embedcode\/classic-10_7.css\" rel=\"stylesheet\" type=\"text\/css\">\n<style type=\"text\/css\">\n\t#mc_embed_signup{background:#fff; clear:left; font:14px Helvetica,Arial,sans-serif; }\n\t\/* Add your own Mailchimp form style overrides in your site stylesheet or in this style block.\n\t   We recommend moving this block and the preceding CSS link to the HEAD of your HTML file. *\/\n<\/style>\n<div id=\"mc_embed_signup\">\n<form action=\"https:\/\/labiergerie.us19.list-manage.com\/subscribe\/post?u=728e23a377051749df6d81510&amp;id=90f2a8b70d\" method=\"post\" id=\"mc-embedded-subscribe-form\" name=\"mc-embedded-subscribe-form\" class=\"validate\" target=\"_blank\" novalidate>\n    <div id=\"mc_embed_signup_scroll\">\n\t<h3>Abonnieren Sie unseren Newsletter<\/h3>\n<div class=\"mc-field-group\">\n\t<label for=\"mce-EMAIL\">Email-Adresse<\/label>\n\t<input type=\"email\" value=\"\" name=\"EMAIL\" class=\"required email\" \t \n\t\t\t\t id=\"mce-EMAIL\">\n<\/div>\n\t<div id=\"mce-responses\" class=\"clear\">\n\t\t<div class=\"response\" id=\"mce-error-response\" style=\"display:none\"><\/div>\n\t\t<div class=\"response\" id=\"mce-success-response\" style=\"display:none\"><\/div>\n\t<\/div>    <!-- real people should not fill this in and expect good things - do not remove this or risk form bot signups-->\n    <div style=\"position: absolute; left: -5000px;\" aria-hidden=\"true\"><input type=\"text\" name=\"b_728e23a377051749df6d81510_90f2a8b70d\" tabindex=\"-1\" value=\"\"><\/div>\n    <div class=\"clear\"><input type=\"submit\" value=\"jetzt abonieren\" name=\"Subscribe\" id=\"mc-embedded-subscribe\" class=\"button\"><\/div>\n    <\/div>\n<\/form>\n<\/div>\n<script type='text\/javascript' src='\/\/s3.amazonaws.com\/downloads.mailchimp.com\/js\/mc-validate.js'><\/script><script type='text\/javascript'>(function($) {window.fnames = new Array(); window.ftypes = new Array();fnames[0]='EMAIL';ftypes[0]='email';fnames[1]='FNAME';ftypes[1]='text';fnames[2]='LNAME';ftypes[2]='text';fnames[3]='ADDRESS';ftypes[3]='address';fnames[4]='PHONE';ftypes[4]='phone';fnames[5]='BIRTHDAY';ftypes[5]='birthday';fnames[6]='MMERGE6';ftypes[6]='text';}(jQuery));var $mcj = jQuery.noConflict(true);<\/script>\n<!--End mc_embed_signup--><\/div>\n            \n            \n            \n            \n        <\/div>\n    <\/div>\n\n\n<\/div>\n\n<script>\n(function($){\n\n    \/\/ get the images of the gallery and replace it by a canvas of the same size to fix the problem with overlapping images on load.\n    $('img[width][height]:not(.uk-overlay-panel)', $('#wk-grid811')).each(function() {\n\n        var $img = $(this);\n\n        if (this.width == 'auto' || this.height == 'auto' || !$img.is(':visible')) {\n            return;\n        }\n\n        var $canvas = $('<canvas class=\"uk-responsive-width\"><\/canvas>').attr({width:$img.attr('width'), height:$img.attr('height')}),\n            img = new Image,\n            release = function() {\n                $canvas.remove();\n                $img.css('display', '');\n                release = function(){};\n            };\n\n        $img.css('display', 'none').after($canvas);\n\n        $(img).on('load', function(){ release(); });\n        setTimeout(function(){ release(); }, 1000);\n\n        img.src = this.src;\n\n    });\n\n})(jQuery);\n<\/script>\n\r\n<p>&nbsp;<\/p>\r\n<p>&nbsp;<\/p>","protected":false},"excerpt":{"rendered":"<p>anbau L\u2019aronia melanocarpa ist eine urspr\u00fcnglich aus Nordamerika stammende Pflanze, deren Frucht seit Urzeiten von den Indianern zur Ern\u00e4hrung und zu medizinschen Zwecken genutzt wurde. Daf\u00fcr nannten sie die Aronia\u00a0: die Pflanze, die heilt. Sie ist ein Busch, der der Eberesche \u00e4hnelt und deren Frucht eine tiefschwarze Farbe hat, die einen hohen Anteil von Anthocyanen [&hellip;]<\/p>\n","protected":false},"author":1,"featured_media":0,"parent":690,"menu_order":0,"comment_status":"closed","ping_status":"closed","template":"","meta":{"footnotes":""},"translation":{"provider":"WPGlobus","version":"3.0.2","language":"de","enabled_languages":["fr","de"],"languages":{"fr":{"title":true,"content":true,"excerpt":false},"de":{"title":true,"content":true,"excerpt":false}}},"acf":[],"yoast_head":"<!-- This site is optimized with the Yoast SEO plugin v23.5 - https:\/\/yoast.com\/wordpress\/plugins\/seo\/ -->\n<title>anbau - labiergerie.ch - laronia.ch - ferme de l&#039;aronia \u00e0 Montherod<\/title>\n<meta name=\"robots\" content=\"index, follow, max-snippet:-1, max-image-preview:large, max-video-preview:-1\" \/>\n<link rel=\"canonical\" href=\"https:\/\/labiergerie.ch\/aronia\/culture\/\" \/>\n<meta property=\"og:locale\" content=\"de_DE\" \/>\n<meta property=\"og:type\" content=\"article\" \/>\n<meta property=\"og:title\" content=\"anbau - labiergerie.ch - laronia.ch\" \/>\n<meta property=\"og:url\" content=\"https:\/\/labiergerie.ch\/aronia\/culture\/\" \/>\n<meta property=\"og:site_name\" content=\"labiergerie.ch - laronia.ch\" \/>\n<meta property=\"article:modified_time\" content=\"2020-01-20T15:43:37+00:00\" \/>\n<meta name=\"twitter:card\" content=\"summary_large_image\" \/>\n<meta name=\"twitter:label1\" content=\"Gesch\u00e4tzte Lesezeit\" \/>\n\t<meta name=\"twitter:data1\" content=\"1\u00a0Minute\" \/>\n<script type=\"application\/ld+json\" class=\"yoast-schema-graph\">{\"@context\":\"https:\/\/schema.org\",\"@graph\":[{\"@type\":\"WebPage\",\"@id\":\"https:\/\/labiergerie.ch\/aronia\/culture\/\",\"url\":\"https:\/\/labiergerie.ch\/aronia\/culture\/\",\"name\":\"anbau - labiergerie.ch - laronia.ch - ferme de l'aronia \u00e0 Montherod\",\"isPartOf\":{\"@id\":\"https:\/\/labiergerie.ch\/#website\"},\"datePublished\":\"2019-02-27T14:38:22+00:00\",\"dateModified\":\"2020-01-20T15:43:37+00:00\",\"description\":\"Nous avons une culture de baies d'aronia en bio, et le plupart des travaux sont effectues \u00e0 la main: la cuillette, le desherbarge et la taille en automne\",\"breadcrumb\":{\"@id\":\"https:\/\/labiergerie.ch\/aronia\/culture\/#breadcrumb\"},\"inLanguage\":\"de\",\"potentialAction\":[{\"@type\":\"ReadAction\",\"target\":[\"https:\/\/labiergerie.ch\/aronia\/culture\/\"]}]},{\"@type\":\"BreadcrumbList\",\"@id\":\"https:\/\/labiergerie.ch\/aronia\/culture\/#breadcrumb\",\"itemListElement\":[{\"@type\":\"ListItem\",\"position\":1,\"name\":\"Startseite\",\"item\":\"https:\/\/labiergerie.ch\/\"},{\"@type\":\"ListItem\",\"position\":2,\"name\":\"aronia\",\"item\":\"https:\/\/labiergerie.ch\/aronia\/\"},{\"@type\":\"ListItem\",\"position\":3,\"name\":\"culture\"}]},{\"@type\":\"WebSite\",\"@id\":\"https:\/\/labiergerie.ch\/#website\",\"url\":\"https:\/\/labiergerie.ch\/\",\"name\":\"labiergerie.ch - laronia.ch\",\"description\":\"Direktverkauf von Lammfleisch in Bi\u00e8re - Schweiz\",\"potentialAction\":[{\"@type\":\"SearchAction\",\"target\":{\"@type\":\"EntryPoint\",\"urlTemplate\":\"https:\/\/labiergerie.ch\/?s={search_term_string}\"},\"query-input\":{\"@type\":\"PropertyValueSpecification\",\"valueRequired\":true,\"valueName\":\"search_term_string\"}}],\"inLanguage\":\"de\"}]}<\/script>\n<!-- \/ Yoast SEO plugin. -->","yoast_head_json":{"title":"anbau - labiergerie.ch - laronia.ch - ferme de l'aronia \u00e0 Montherod","robots":{"index":"index","follow":"follow","max-snippet":"max-snippet:-1","max-image-preview":"max-image-preview:large","max-video-preview":"max-video-preview:-1"},"canonical":"https:\/\/labiergerie.ch\/aronia\/culture\/","og_locale":"de_DE","og_type":"article","og_title":"anbau - labiergerie.ch - laronia.ch","og_url":"https:\/\/labiergerie.ch\/aronia\/culture\/","og_site_name":"labiergerie.ch - laronia.ch","article_modified_time":"2020-01-20T15:43:37+00:00","twitter_card":"summary_large_image","twitter_misc":{"Gesch\u00e4tzte Lesezeit":"1\u00a0Minute"},"schema":{"@context":"https:\/\/schema.org","@graph":[{"@type":"WebPage","@id":"https:\/\/labiergerie.ch\/aronia\/culture\/","url":"https:\/\/labiergerie.ch\/aronia\/culture\/","name":"anbau - labiergerie.ch - laronia.ch - ferme de l'aronia \u00e0 Montherod","isPartOf":{"@id":"https:\/\/labiergerie.ch\/#website"},"datePublished":"2019-02-27T14:38:22+00:00","dateModified":"2020-01-20T15:43:37+00:00","description":"Nous avons une culture de baies d'aronia en bio, et le plupart des travaux sont effectues \u00e0 la main: la cuillette, le desherbarge et la taille en automne","breadcrumb":{"@id":"https:\/\/labiergerie.ch\/aronia\/culture\/#breadcrumb"},"inLanguage":"de","potentialAction":[{"@type":"ReadAction","target":["https:\/\/labiergerie.ch\/aronia\/culture\/"]}]},{"@type":"BreadcrumbList","@id":"https:\/\/labiergerie.ch\/aronia\/culture\/#breadcrumb","itemListElement":[{"@type":"ListItem","position":1,"name":"Startseite","item":"https:\/\/labiergerie.ch\/"},{"@type":"ListItem","position":2,"name":"aronia","item":"https:\/\/labiergerie.ch\/aronia\/"},{"@type":"ListItem","position":3,"name":"culture"}]},{"@type":"WebSite","@id":"https:\/\/labiergerie.ch\/#website","url":"https:\/\/labiergerie.ch\/","name":"labiergerie.ch - laronia.ch","description":"Direktverkauf von Lammfleisch in Bi\u00e8re - Schweiz","potentialAction":[{"@type":"SearchAction","target":{"@type":"EntryPoint","urlTemplate":"https:\/\/labiergerie.ch\/?s={search_term_string}"},"query-input":{"@type":"PropertyValueSpecification","valueRequired":true,"valueName":"search_term_string"}}],"inLanguage":"de"}]}},"_links":{"self":[{"href":"https:\/\/labiergerie.ch\/de\/wp-json\/wp\/v2\/pages\/893"}],"collection":[{"href":"https:\/\/labiergerie.ch\/de\/wp-json\/wp\/v2\/pages"}],"about":[{"href":"https:\/\/labiergerie.ch\/de\/wp-json\/wp\/v2\/types\/page"}],"author":[{"embeddable":true,"href":"https:\/\/labiergerie.ch\/de\/wp-json\/wp\/v2\/users\/1"}],"replies":[{"embeddable":true,"href":"https:\/\/labiergerie.ch\/de\/wp-json\/wp\/v2\/comments?post=893"}],"version-history":[{"count":0,"href":"https:\/\/labiergerie.ch\/de\/wp-json\/wp\/v2\/pages\/893\/revisions"}],"up":[{"embeddable":true,"href":"https:\/\/labiergerie.ch\/de\/wp-json\/wp\/v2\/pages\/690"}],"wp:attachment":[{"href":"https:\/\/labiergerie.ch\/de\/wp-json\/wp\/v2\/media?parent=893"}],"curies":[{"name":"wp","href":"https:\/\/api.w.org\/{rel}","templated":true}]}}