{"id":897,"date":"2019-02-27T15:39:17","date_gmt":"2019-02-27T14:39:17","guid":{"rendered":"https:\/\/labiergerie.danielbuescher.de\/?page_id=897"},"modified":"2023-07-13T09:18:22","modified_gmt":"2023-07-13T07:18:22","slug":"vertus","status":"publish","type":"page","link":"https:\/\/labiergerie.ch\/de\/aronia\/vertus\/","title":{"rendered":"heilwirkung"},"content":{"rendered":"<p><img loading=\"lazy\" decoding=\"async\" class=\"alignnone size-full wp-image-1423\" src=\"https:\/\/labiergerie.ch\/wp-content\/uploads\/2019\/05\/Aronia-Heilwirkung-4.jpg\" alt=\"\" width=\"2001\" height=\"971\" srcset=\"https:\/\/labiergerie.ch\/wp-content\/uploads\/2019\/05\/Aronia-Heilwirkung-4.jpg 2001w, https:\/\/labiergerie.ch\/wp-content\/uploads\/2019\/05\/Aronia-Heilwirkung-4-300x146.jpg 300w, https:\/\/labiergerie.ch\/wp-content\/uploads\/2019\/05\/Aronia-Heilwirkung-4-768x373.jpg 768w, https:\/\/labiergerie.ch\/wp-content\/uploads\/2019\/05\/Aronia-Heilwirkung-4-1024x497.jpg 1024w, https:\/\/labiergerie.ch\/wp-content\/uploads\/2019\/05\/Aronia-Heilwirkung-4-600x291.jpg 600w\" sizes=\"(max-width: 2001px) 100vw, 2001px\" \/><\/p>\r\n<h1>heilwirkung<\/h1>\r\n<p>Der Hauptnutzen dieser Pflanze liegt in ihrem hohen Anteil an Vitamin A, B1, B2 und C, in Fols\u00e4ure, Anthocyanen und Flavonoiden (Polyphenol), sowie in ihren Fasern. <\/p>\r\n<p>&nbsp;<\/p>\r\n<p><em>\u00a0<\/em><\/p>\r\n\n\n<div id=\"wk-gridd78\" class=\"uk-grid-width-1-1 uk-grid uk-grid-match uk-text-left \" data-uk-grid-match=\"{target:'> div > .uk-panel', row:true}\" data-uk-grid-margin  data-uk-scrollspy=\"{cls:'uk-animation-slide-bottom uk-invisible', target:'> div > .uk-panel', delay:300}\">\n\n\n    <div>\n        <div class=\"uk-panel uk-panel-box uk-invisible\">\n\n            \n            \n            \n            \n            \n            \n            \n                        <div class=\"uk-margin\"><!-- Begin Mailchimp Signup Form -->\n<link href=\"\/\/cdn-images.mailchimp.com\/embedcode\/classic-10_7.css\" rel=\"stylesheet\" type=\"text\/css\">\n<style type=\"text\/css\">\n\t#mc_embed_signup{background:#fff; clear:left; font:14px Helvetica,Arial,sans-serif; }\n\t\/* Add your own Mailchimp form style overrides in your site stylesheet or in this style block.\n\t   We recommend moving this block and the preceding CSS link to the HEAD of your HTML file. *\/\n<\/style>\n<div id=\"mc_embed_signup\">\n<form action=\"https:\/\/labiergerie.us19.list-manage.com\/subscribe\/post?u=728e23a377051749df6d81510&amp;id=90f2a8b70d\" method=\"post\" id=\"mc-embedded-subscribe-form\" name=\"mc-embedded-subscribe-form\" class=\"validate\" target=\"_blank\" novalidate>\n    <div id=\"mc_embed_signup_scroll\">\n\t<h3>Abonnieren Sie unseren Newsletter<\/h3>\n<div class=\"mc-field-group\">\n\t<label for=\"mce-EMAIL\">Email-Adresse<\/label>\n\t<input type=\"email\" value=\"\" name=\"EMAIL\" class=\"required email\" \t \n\t\t\t\t id=\"mce-EMAIL\">\n<\/div>\n\t<div id=\"mce-responses\" class=\"clear\">\n\t\t<div class=\"response\" id=\"mce-error-response\" style=\"display:none\"><\/div>\n\t\t<div class=\"response\" id=\"mce-success-response\" style=\"display:none\"><\/div>\n\t<\/div>    <!-- real people should not fill this in and expect good things - do not remove this or risk form bot signups-->\n    <div style=\"position: absolute; left: -5000px;\" aria-hidden=\"true\"><input type=\"text\" name=\"b_728e23a377051749df6d81510_90f2a8b70d\" tabindex=\"-1\" value=\"\"><\/div>\n    <div class=\"clear\"><input type=\"submit\" value=\"jetzt abonieren\" name=\"Subscribe\" id=\"mc-embedded-subscribe\" class=\"button\"><\/div>\n    <\/div>\n<\/form>\n<\/div>\n<script type='text\/javascript' src='\/\/s3.amazonaws.com\/downloads.mailchimp.com\/js\/mc-validate.js'><\/script><script type='text\/javascript'>(function($) {window.fnames = new Array(); window.ftypes = new Array();fnames[0]='EMAIL';ftypes[0]='email';fnames[1]='FNAME';ftypes[1]='text';fnames[2]='LNAME';ftypes[2]='text';fnames[3]='ADDRESS';ftypes[3]='address';fnames[4]='PHONE';ftypes[4]='phone';fnames[5]='BIRTHDAY';ftypes[5]='birthday';fnames[6]='MMERGE6';ftypes[6]='text';}(jQuery));var $mcj = jQuery.noConflict(true);<\/script>\n<!--End mc_embed_signup--><\/div>\n            \n            \n            \n            \n        <\/div>\n    <\/div>\n\n\n<\/div>\n\n<script>\n(function($){\n\n    \/\/ get the images of the gallery and replace it by a canvas of the same size to fix the problem with overlapping images on load.\n    $('img[width][height]:not(.uk-overlay-panel)', $('#wk-gridd78')).each(function() {\n\n        var $img = $(this);\n\n        if (this.width == 'auto' || this.height == 'auto' || !$img.is(':visible')) {\n            return;\n        }\n\n        var $canvas = $('<canvas class=\"uk-responsive-width\"><\/canvas>').attr({width:$img.attr('width'), height:$img.attr('height')}),\n            img = new Image,\n            release = function() {\n                $canvas.remove();\n                $img.css('display', '');\n                release = function(){};\n            };\n\n        $img.css('display', 'none').after($canvas);\n\n        $(img).on('load', function(){ release(); });\n        setTimeout(function(){ release(); }, 1000);\n\n        img.src = this.src;\n\n    });\n\n})(jQuery);\n<\/script>\n\r\n<p>&nbsp;<\/p>","protected":false},"excerpt":{"rendered":"<p>heilwirkung Der Hauptnutzen dieser Pflanze liegt in ihrem hohen Anteil an Vitamin A, B1, B2 und C, in Fols\u00e4ure, Anthocyanen und Flavonoiden (Polyphenol), sowie in ihren Fasern. &nbsp; \u00a0 &nbsp;<\/p>\n","protected":false},"author":1,"featured_media":0,"parent":690,"menu_order":0,"comment_status":"closed","ping_status":"closed","template":"","meta":{"footnotes":""},"translation":{"provider":"WPGlobus","version":"3.0.2","language":"de","enabled_languages":["fr","de"],"languages":{"fr":{"title":true,"content":true,"excerpt":false},"de":{"title":true,"content":true,"excerpt":false}}},"acf":[],"yoast_head":"<!-- This site is optimized with the Yoast SEO plugin v23.5 - https:\/\/yoast.com\/wordpress\/plugins\/seo\/ -->\n<title>heilwirkung - labiergerie.ch - laronia.ch<\/title>\n<meta name=\"description\" content=\"Nos baies d&#039;aronia bio ont beaucoup de vertus pour la sant\u00e9, c&#039;est pour ca que nous conseillons des faire une cure avec. Ce superfruit contient une des plus fortes teneurs mesur\u00e9es \u00e0 ce jour pour un fruit !\" \/>\n<meta name=\"robots\" content=\"index, follow, max-snippet:-1, max-image-preview:large, max-video-preview:-1\" \/>\n<link rel=\"canonical\" href=\"https:\/\/labiergerie.ch\/aronia\/vertus\/\" \/>\n<meta property=\"og:locale\" content=\"de_DE\" \/>\n<meta property=\"og:type\" content=\"article\" \/>\n<meta property=\"og:title\" content=\"heilwirkung - labiergerie.ch - laronia.ch\" \/>\n<meta property=\"og:description\" content=\"Nos baies d&#039;aronia bio ont beaucoup de vertus pour la sant\u00e9, c&#039;est pour ca que nous conseillons des faire une cure avec. Ce superfruit contient une des plus fortes teneurs mesur\u00e9es \u00e0 ce jour pour un fruit !\" \/>\n<meta property=\"og:url\" content=\"https:\/\/labiergerie.ch\/aronia\/vertus\/\" \/>\n<meta property=\"og:site_name\" content=\"labiergerie.ch - laronia.ch\" \/>\n<meta property=\"article:modified_time\" content=\"2023-07-13T07:18:22+00:00\" \/>\n<meta property=\"og:image\" content=\"https:\/\/labiergerie.ch\/wp-content\/uploads\/2019\/05\/Aronia-Heilwirkung-4.jpg\" \/>\n<meta name=\"twitter:card\" content=\"summary_large_image\" \/>\n<meta name=\"twitter:label1\" content=\"Gesch\u00e4tzte Lesezeit\" \/>\n\t<meta name=\"twitter:data1\" content=\"1\u00a0Minute\" \/>\n<script type=\"application\/ld+json\" class=\"yoast-schema-graph\">{\"@context\":\"https:\/\/schema.org\",\"@graph\":[{\"@type\":\"WebPage\",\"@id\":\"https:\/\/labiergerie.ch\/aronia\/vertus\/\",\"url\":\"https:\/\/labiergerie.ch\/aronia\/vertus\/\",\"name\":\"heilwirkung - labiergerie.ch - laronia.ch\",\"isPartOf\":{\"@id\":\"https:\/\/labiergerie.ch\/#website\"},\"primaryImageOfPage\":{\"@id\":\"https:\/\/labiergerie.ch\/aronia\/vertus\/#primaryimage\"},\"image\":{\"@id\":\"https:\/\/labiergerie.ch\/aronia\/vertus\/#primaryimage\"},\"thumbnailUrl\":\"https:\/\/labiergerie.ch\/wp-content\/uploads\/2019\/05\/Aronia-Heilwirkung-4.jpg\",\"datePublished\":\"2019-02-27T14:39:17+00:00\",\"dateModified\":\"2023-07-13T07:18:22+00:00\",\"description\":\"Nos baies d'aronia bio ont beaucoup de vertus pour la sant\u00e9, c'est pour ca que nous conseillons des faire une cure avec. Ce superfruit contient une des plus fortes teneurs mesur\u00e9es \u00e0 ce jour pour un fruit !\",\"breadcrumb\":{\"@id\":\"https:\/\/labiergerie.ch\/aronia\/vertus\/#breadcrumb\"},\"inLanguage\":\"de\",\"potentialAction\":[{\"@type\":\"ReadAction\",\"target\":[\"https:\/\/labiergerie.ch\/aronia\/vertus\/\"]}]},{\"@type\":\"ImageObject\",\"inLanguage\":\"de\",\"@id\":\"https:\/\/labiergerie.ch\/aronia\/vertus\/#primaryimage\",\"url\":\"https:\/\/labiergerie.ch\/wp-content\/uploads\/2019\/05\/Aronia-Heilwirkung-4.jpg\",\"contentUrl\":\"https:\/\/labiergerie.ch\/wp-content\/uploads\/2019\/05\/Aronia-Heilwirkung-4.jpg\"},{\"@type\":\"BreadcrumbList\",\"@id\":\"https:\/\/labiergerie.ch\/aronia\/vertus\/#breadcrumb\",\"itemListElement\":[{\"@type\":\"ListItem\",\"position\":1,\"name\":\"Startseite\",\"item\":\"https:\/\/labiergerie.ch\/\"},{\"@type\":\"ListItem\",\"position\":2,\"name\":\"aronia\",\"item\":\"https:\/\/labiergerie.ch\/aronia\/\"},{\"@type\":\"ListItem\",\"position\":3,\"name\":\"vertus\"}]},{\"@type\":\"WebSite\",\"@id\":\"https:\/\/labiergerie.ch\/#website\",\"url\":\"https:\/\/labiergerie.ch\/\",\"name\":\"labiergerie.ch - laronia.ch\",\"description\":\"Direktverkauf von Lammfleisch in Bi\u00e8re - Schweiz\",\"potentialAction\":[{\"@type\":\"SearchAction\",\"target\":{\"@type\":\"EntryPoint\",\"urlTemplate\":\"https:\/\/labiergerie.ch\/?s={search_term_string}\"},\"query-input\":{\"@type\":\"PropertyValueSpecification\",\"valueRequired\":true,\"valueName\":\"search_term_string\"}}],\"inLanguage\":\"de\"}]}<\/script>\n<!-- \/ Yoast SEO plugin. -->","yoast_head_json":{"title":"heilwirkung - labiergerie.ch - laronia.ch","description":"Nos baies d'aronia bio ont beaucoup de vertus pour la sant\u00e9, c'est pour ca que nous conseillons des faire une cure avec. Ce superfruit contient une des plus fortes teneurs mesur\u00e9es \u00e0 ce jour pour un fruit !","robots":{"index":"index","follow":"follow","max-snippet":"max-snippet:-1","max-image-preview":"max-image-preview:large","max-video-preview":"max-video-preview:-1"},"canonical":"https:\/\/labiergerie.ch\/aronia\/vertus\/","og_locale":"de_DE","og_type":"article","og_title":"heilwirkung - labiergerie.ch - laronia.ch","og_description":"Nos baies d'aronia bio ont beaucoup de vertus pour la sant\u00e9, c'est pour ca que nous conseillons des faire une cure avec. Ce superfruit contient une des plus fortes teneurs mesur\u00e9es \u00e0 ce jour pour un fruit !","og_url":"https:\/\/labiergerie.ch\/aronia\/vertus\/","og_site_name":"labiergerie.ch - laronia.ch","article_modified_time":"2023-07-13T07:18:22+00:00","og_image":[{"url":"https:\/\/labiergerie.ch\/wp-content\/uploads\/2019\/05\/Aronia-Heilwirkung-4.jpg"}],"twitter_card":"summary_large_image","twitter_misc":{"Gesch\u00e4tzte Lesezeit":"1\u00a0Minute"},"schema":{"@context":"https:\/\/schema.org","@graph":[{"@type":"WebPage","@id":"https:\/\/labiergerie.ch\/aronia\/vertus\/","url":"https:\/\/labiergerie.ch\/aronia\/vertus\/","name":"heilwirkung - labiergerie.ch - laronia.ch","isPartOf":{"@id":"https:\/\/labiergerie.ch\/#website"},"primaryImageOfPage":{"@id":"https:\/\/labiergerie.ch\/aronia\/vertus\/#primaryimage"},"image":{"@id":"https:\/\/labiergerie.ch\/aronia\/vertus\/#primaryimage"},"thumbnailUrl":"https:\/\/labiergerie.ch\/wp-content\/uploads\/2019\/05\/Aronia-Heilwirkung-4.jpg","datePublished":"2019-02-27T14:39:17+00:00","dateModified":"2023-07-13T07:18:22+00:00","description":"Nos baies d'aronia bio ont beaucoup de vertus pour la sant\u00e9, c'est pour ca que nous conseillons des faire une cure avec. Ce superfruit contient une des plus fortes teneurs mesur\u00e9es \u00e0 ce jour pour un fruit !","breadcrumb":{"@id":"https:\/\/labiergerie.ch\/aronia\/vertus\/#breadcrumb"},"inLanguage":"de","potentialAction":[{"@type":"ReadAction","target":["https:\/\/labiergerie.ch\/aronia\/vertus\/"]}]},{"@type":"ImageObject","inLanguage":"de","@id":"https:\/\/labiergerie.ch\/aronia\/vertus\/#primaryimage","url":"https:\/\/labiergerie.ch\/wp-content\/uploads\/2019\/05\/Aronia-Heilwirkung-4.jpg","contentUrl":"https:\/\/labiergerie.ch\/wp-content\/uploads\/2019\/05\/Aronia-Heilwirkung-4.jpg"},{"@type":"BreadcrumbList","@id":"https:\/\/labiergerie.ch\/aronia\/vertus\/#breadcrumb","itemListElement":[{"@type":"ListItem","position":1,"name":"Startseite","item":"https:\/\/labiergerie.ch\/"},{"@type":"ListItem","position":2,"name":"aronia","item":"https:\/\/labiergerie.ch\/aronia\/"},{"@type":"ListItem","position":3,"name":"vertus"}]},{"@type":"WebSite","@id":"https:\/\/labiergerie.ch\/#website","url":"https:\/\/labiergerie.ch\/","name":"labiergerie.ch - laronia.ch","description":"Direktverkauf von Lammfleisch in Bi\u00e8re - Schweiz","potentialAction":[{"@type":"SearchAction","target":{"@type":"EntryPoint","urlTemplate":"https:\/\/labiergerie.ch\/?s={search_term_string}"},"query-input":{"@type":"PropertyValueSpecification","valueRequired":true,"valueName":"search_term_string"}}],"inLanguage":"de"}]}},"_links":{"self":[{"href":"https:\/\/labiergerie.ch\/de\/wp-json\/wp\/v2\/pages\/897"}],"collection":[{"href":"https:\/\/labiergerie.ch\/de\/wp-json\/wp\/v2\/pages"}],"about":[{"href":"https:\/\/labiergerie.ch\/de\/wp-json\/wp\/v2\/types\/page"}],"author":[{"embeddable":true,"href":"https:\/\/labiergerie.ch\/de\/wp-json\/wp\/v2\/users\/1"}],"replies":[{"embeddable":true,"href":"https:\/\/labiergerie.ch\/de\/wp-json\/wp\/v2\/comments?post=897"}],"version-history":[{"count":2,"href":"https:\/\/labiergerie.ch\/de\/wp-json\/wp\/v2\/pages\/897\/revisions"}],"predecessor-version":[{"id":6105,"href":"https:\/\/labiergerie.ch\/de\/wp-json\/wp\/v2\/pages\/897\/revisions\/6105"}],"up":[{"embeddable":true,"href":"https:\/\/labiergerie.ch\/de\/wp-json\/wp\/v2\/pages\/690"}],"wp:attachment":[{"href":"https:\/\/labiergerie.ch\/de\/wp-json\/wp\/v2\/media?parent=897"}],"curies":[{"name":"wp","href":"https:\/\/api.w.org\/{rel}","templated":true}]}}