{"id":1817,"date":"2020-01-09T15:52:43","date_gmt":"2020-01-09T14:52:43","guid":{"rendered":"https:\/\/labiergerie.ch\/?post_type=product&#038;p=1817"},"modified":"2024-01-08T15:02:16","modified_gmt":"2024-01-08T14:02:16","slug":"poudre-daronia-200-g","status":"publish","type":"product","link":"https:\/\/labiergerie.ch\/de\/produit\/poudre-daronia-200-g\/","title":{"rendered":"Poudre de marc d&#8217;aronia,  300 g"},"content":{"rendered":"<p>La poudre est issue du marc de pressurage des aronia, sans aucune autre adjonction.<\/p>\r\n<p>A consommer avec vos pur\u00e9es, smothies, c\u00e9r\u00e9ales, miel,\u00a0soupes, muesli, salades et toutes autres crudit\u00e9s.\u00a0<\/p>\r\n<p><strong>Consommation recommand\u00e9e<\/strong>: une cuill\u00e8re \u00e0\u00a0caf\u00e9 rase\u00a0par jour<\/p>\r\n<div class=\"row\">\r\n<div class=\"col-md-6 col-sm-4 col-xs-12\">Si vous aimeriez commander plus, il faut cliquer sur un autre article, que nous envoyons dans un colis (livraison CHF 9.-):<br \/>\r\n<a href=\"https:\/\/labiergerie.ch\/produit\/poudre-daronia\/\">poudre de marc d&#8217;aronia 250 g<\/a><\/div>\r\n<\/div>","protected":false},"excerpt":{"rendered":"<p>2 sachets refermables de 150 g<\/p>\n","protected":false},"featured_media":6658,"template":"","meta":[],"product_cat":[24],"product_tag":[],"translation":{"provider":"WPGlobus","version":"3.0.2","language":"de","enabled_languages":["fr","de"],"languages":{"fr":{"title":true,"content":true,"excerpt":true},"de":{"title":false,"content":false,"excerpt":false}}},"acf":[],"yoast_head":"<!-- This site is optimized with the Yoast SEO plugin v23.5 - https:\/\/yoast.com\/wordpress\/plugins\/seo\/ -->\n<title>Poudre de marc d&#039;aronia, 300 g - labiergerie.ch - laronia.ch<\/title>\n<meta name=\"robots\" content=\"index, follow, max-snippet:-1, max-image-preview:large, max-video-preview:-1\" \/>\n<link rel=\"canonical\" href=\"https:\/\/labiergerie.ch\/produit\/poudre-daronia-200-g\/\" \/>\n<meta property=\"og:locale\" content=\"de_DE\" \/>\n<meta property=\"og:type\" content=\"article\" \/>\n<meta property=\"og:title\" content=\"Poudre de marc d&#039;aronia, 300 g - labiergerie.ch - laronia.ch\" \/>\n<meta property=\"og:url\" content=\"https:\/\/labiergerie.ch\/produit\/poudre-daronia-200-g\/\" \/>\n<meta property=\"og:site_name\" content=\"labiergerie.ch - laronia.ch\" \/>\n<meta property=\"article:modified_time\" content=\"2024-01-08T14:02:16+00:00\" \/>\n<meta name=\"twitter:card\" content=\"summary_large_image\" \/>\n<meta name=\"twitter:label1\" content=\"Gesch\u00e4tzte Lesezeit\" \/>\n\t<meta name=\"twitter:data1\" content=\"1\u00a0Minute\" \/>\n<script type=\"application\/ld+json\" class=\"yoast-schema-graph\">{\"@context\":\"https:\/\/schema.org\",\"@graph\":[{\"@type\":\"WebPage\",\"@id\":\"https:\/\/labiergerie.ch\/produit\/poudre-daronia-200-g\/\",\"url\":\"https:\/\/labiergerie.ch\/produit\/poudre-daronia-200-g\/\",\"name\":\"Poudre de marc d'aronia, 300 g - labiergerie.ch - laronia.ch\",\"isPartOf\":{\"@id\":\"https:\/\/labiergerie.ch\/#website\"},\"primaryImageOfPage\":{\"@id\":\"https:\/\/labiergerie.ch\/produit\/poudre-daronia-200-g\/#primaryimage\"},\"image\":{\"@id\":\"https:\/\/labiergerie.ch\/produit\/poudre-daronia-200-g\/#primaryimage\"},\"thumbnailUrl\":\"https:\/\/labiergerie.ch\/wp-content\/uploads\/2020\/01\/2-x-poudre-1-pdf.jpg\",\"datePublished\":\"2020-01-09T14:52:43+00:00\",\"dateModified\":\"2024-01-08T14:02:16+00:00\",\"breadcrumb\":{\"@id\":\"https:\/\/labiergerie.ch\/produit\/poudre-daronia-200-g\/#breadcrumb\"},\"inLanguage\":\"de\",\"potentialAction\":[{\"@type\":\"ReadAction\",\"target\":[\"https:\/\/labiergerie.ch\/produit\/poudre-daronia-200-g\/\"]}]},{\"@type\":\"ImageObject\",\"inLanguage\":\"de\",\"@id\":\"https:\/\/labiergerie.ch\/produit\/poudre-daronia-200-g\/#primaryimage\",\"url\":\"https:\/\/labiergerie.ch\/wp-content\/uploads\/2020\/01\/2-x-poudre-1-pdf.jpg\",\"contentUrl\":\"https:\/\/labiergerie.ch\/wp-content\/uploads\/2020\/01\/2-x-poudre-1-pdf.jpg\"},{\"@type\":\"BreadcrumbList\",\"@id\":\"https:\/\/labiergerie.ch\/produit\/poudre-daronia-200-g\/#breadcrumb\",\"itemListElement\":[{\"@type\":\"ListItem\",\"position\":1,\"name\":\"Startseite\",\"item\":\"https:\/\/labiergerie.ch\/\"},{\"@type\":\"ListItem\",\"position\":2,\"name\":\"Boutique\",\"item\":\"https:\/\/labiergerie.ch\/boutique\/\"},{\"@type\":\"ListItem\",\"position\":3,\"name\":\"Poudre de marc d&#8217;aronia, 300 g\"}]},{\"@type\":\"WebSite\",\"@id\":\"https:\/\/labiergerie.ch\/#website\",\"url\":\"https:\/\/labiergerie.ch\/\",\"name\":\"labiergerie.ch - laronia.ch\",\"description\":\"Direktverkauf von Lammfleisch in Bi\u00e8re - Schweiz\",\"potentialAction\":[{\"@type\":\"SearchAction\",\"target\":{\"@type\":\"EntryPoint\",\"urlTemplate\":\"https:\/\/labiergerie.ch\/?s={search_term_string}\"},\"query-input\":{\"@type\":\"PropertyValueSpecification\",\"valueRequired\":true,\"valueName\":\"search_term_string\"}}],\"inLanguage\":\"de\"}]}<\/script>\n<!-- \/ Yoast SEO plugin. -->","yoast_head_json":{"title":"Poudre de marc d'aronia, 300 g - labiergerie.ch - laronia.ch","robots":{"index":"index","follow":"follow","max-snippet":"max-snippet:-1","max-image-preview":"max-image-preview:large","max-video-preview":"max-video-preview:-1"},"canonical":"https:\/\/labiergerie.ch\/produit\/poudre-daronia-200-g\/","og_locale":"de_DE","og_type":"article","og_title":"Poudre de marc d'aronia, 300 g - labiergerie.ch - laronia.ch","og_url":"https:\/\/labiergerie.ch\/produit\/poudre-daronia-200-g\/","og_site_name":"labiergerie.ch - laronia.ch","article_modified_time":"2024-01-08T14:02:16+00:00","twitter_card":"summary_large_image","twitter_misc":{"Gesch\u00e4tzte Lesezeit":"1\u00a0Minute"},"schema":{"@context":"https:\/\/schema.org","@graph":[{"@type":"WebPage","@id":"https:\/\/labiergerie.ch\/produit\/poudre-daronia-200-g\/","url":"https:\/\/labiergerie.ch\/produit\/poudre-daronia-200-g\/","name":"Poudre de marc d'aronia, 300 g - labiergerie.ch - laronia.ch","isPartOf":{"@id":"https:\/\/labiergerie.ch\/#website"},"primaryImageOfPage":{"@id":"https:\/\/labiergerie.ch\/produit\/poudre-daronia-200-g\/#primaryimage"},"image":{"@id":"https:\/\/labiergerie.ch\/produit\/poudre-daronia-200-g\/#primaryimage"},"thumbnailUrl":"https:\/\/labiergerie.ch\/wp-content\/uploads\/2020\/01\/2-x-poudre-1-pdf.jpg","datePublished":"2020-01-09T14:52:43+00:00","dateModified":"2024-01-08T14:02:16+00:00","breadcrumb":{"@id":"https:\/\/labiergerie.ch\/produit\/poudre-daronia-200-g\/#breadcrumb"},"inLanguage":"de","potentialAction":[{"@type":"ReadAction","target":["https:\/\/labiergerie.ch\/produit\/poudre-daronia-200-g\/"]}]},{"@type":"ImageObject","inLanguage":"de","@id":"https:\/\/labiergerie.ch\/produit\/poudre-daronia-200-g\/#primaryimage","url":"https:\/\/labiergerie.ch\/wp-content\/uploads\/2020\/01\/2-x-poudre-1-pdf.jpg","contentUrl":"https:\/\/labiergerie.ch\/wp-content\/uploads\/2020\/01\/2-x-poudre-1-pdf.jpg"},{"@type":"BreadcrumbList","@id":"https:\/\/labiergerie.ch\/produit\/poudre-daronia-200-g\/#breadcrumb","itemListElement":[{"@type":"ListItem","position":1,"name":"Startseite","item":"https:\/\/labiergerie.ch\/"},{"@type":"ListItem","position":2,"name":"Boutique","item":"https:\/\/labiergerie.ch\/boutique\/"},{"@type":"ListItem","position":3,"name":"Poudre de marc d&#8217;aronia, 300 g"}]},{"@type":"WebSite","@id":"https:\/\/labiergerie.ch\/#website","url":"https:\/\/labiergerie.ch\/","name":"labiergerie.ch - laronia.ch","description":"Direktverkauf von Lammfleisch in Bi\u00e8re - Schweiz","potentialAction":[{"@type":"SearchAction","target":{"@type":"EntryPoint","urlTemplate":"https:\/\/labiergerie.ch\/?s={search_term_string}"},"query-input":{"@type":"PropertyValueSpecification","valueRequired":true,"valueName":"search_term_string"}}],"inLanguage":"de"}]}},"_links":{"self":[{"href":"https:\/\/labiergerie.ch\/de\/wp-json\/wp\/v2\/product\/1817"}],"collection":[{"href":"https:\/\/labiergerie.ch\/de\/wp-json\/wp\/v2\/product"}],"about":[{"href":"https:\/\/labiergerie.ch\/de\/wp-json\/wp\/v2\/types\/product"}],"wp:featuredmedia":[{"embeddable":true,"href":"https:\/\/labiergerie.ch\/de\/wp-json\/wp\/v2\/media\/6658"}],"wp:attachment":[{"href":"https:\/\/labiergerie.ch\/de\/wp-json\/wp\/v2\/media?parent=1817"}],"wp:term":[{"taxonomy":"product_cat","embeddable":true,"href":"https:\/\/labiergerie.ch\/de\/wp-json\/wp\/v2\/product_cat?post=1817"},{"taxonomy":"product_tag","embeddable":true,"href":"https:\/\/labiergerie.ch\/de\/wp-json\/wp\/v2\/product_tag?post=1817"}],"curies":[{"name":"wp","href":"https:\/\/api.w.org\/{rel}","templated":true}]}}