{"id":2646,"date":"2020-08-25T20:13:40","date_gmt":"2020-08-25T18:13:40","guid":{"rendered":"https:\/\/labiergerie.ch\/?post_type=product&#038;p=2646"},"modified":"2023-03-24T14:47:16","modified_gmt":"2023-03-24T13:47:16","slug":"abonnement-cure-aronia-6-mois","status":"publish","type":"product","link":"https:\/\/labiergerie.ch\/de\/produit\/abonnement-cure-aronia-6-mois\/","title":{"rendered":"abonnement baies d&#8217;aronia"},"content":{"rendered":"<p>Avec cet abonnement, vous allez recevoir automatiquement vos baies d&#8217;aronia s\u00e9ch\u00e9es pendant 12 mois (4 fois 300 g donc 1200 g de baies en total).\u00a0<\/p>\r\n<p>Notre baie d\u2019aronia, bio et local, un v\u00e9ritable superfruit\u00a0! Avec une valeur ORAC de 47800 unit\u00e9s\/100g de fruits secs, l\u2019aronia figure dans le peloton de t\u00eate des fruits avec un puissant pouvoir anti-oxydant.<\/p>\r\n<p>D\u00e8s la r\u00e9colte enti\u00e8rement manuelle, nos baies sont s\u00e9ch\u00e9es \u00e0 basse temp\u00e9rature sans sucre ni conservateurs. D\u00e9shydrat\u00e9es, elles conservent toute leur qualit\u00e9 et gagnent en douceur.<\/p>\r\n<p>Certifi\u00e9 bio<\/p>\r\n<p><strong>Consommation recommand\u00e9e<\/strong>: 10-15 baies par jour<\/p>","protected":false},"excerpt":{"rendered":"<p>300 g des baies tous les 3 mois, frais d&#8217;envoi inclus!<\/p>\n","protected":false},"featured_media":4721,"template":"","meta":[],"product_cat":[24],"product_tag":[],"translation":{"provider":"WPGlobus","version":"3.0.2","language":"de","enabled_languages":["fr","de"],"languages":{"fr":{"title":true,"content":true,"excerpt":true},"de":{"title":false,"content":false,"excerpt":false}}},"acf":[],"yoast_head":"<!-- This site is optimized with the Yoast SEO plugin v23.5 - https:\/\/yoast.com\/wordpress\/plugins\/seo\/ -->\n<title>abonnement baies d&#039;aronia - labiergerie.ch - laronia.ch<\/title>\n<meta name=\"robots\" content=\"index, follow, max-snippet:-1, max-image-preview:large, max-video-preview:-1\" \/>\n<link rel=\"canonical\" href=\"https:\/\/labiergerie.ch\/produit\/abonnement-cure-aronia-6-mois\/\" \/>\n<meta property=\"og:locale\" content=\"de_DE\" \/>\n<meta property=\"og:type\" content=\"article\" \/>\n<meta property=\"og:title\" content=\"abonnement baies d&#039;aronia - labiergerie.ch - laronia.ch\" \/>\n<meta property=\"og:url\" content=\"https:\/\/labiergerie.ch\/produit\/abonnement-cure-aronia-6-mois\/\" \/>\n<meta property=\"og:site_name\" content=\"labiergerie.ch - laronia.ch\" \/>\n<meta property=\"article:modified_time\" content=\"2023-03-24T13:47:16+00:00\" \/>\n<meta name=\"twitter:card\" content=\"summary_large_image\" \/>\n<meta name=\"twitter:label1\" content=\"Gesch\u00e4tzte Lesezeit\" \/>\n\t<meta name=\"twitter:data1\" content=\"1\u00a0Minute\" \/>\n<script type=\"application\/ld+json\" class=\"yoast-schema-graph\">{\"@context\":\"https:\/\/schema.org\",\"@graph\":[{\"@type\":\"WebPage\",\"@id\":\"https:\/\/labiergerie.ch\/produit\/abonnement-cure-aronia-6-mois\/\",\"url\":\"https:\/\/labiergerie.ch\/produit\/abonnement-cure-aronia-6-mois\/\",\"name\":\"abonnement baies d'aronia - labiergerie.ch - laronia.ch\",\"isPartOf\":{\"@id\":\"https:\/\/labiergerie.ch\/#website\"},\"primaryImageOfPage\":{\"@id\":\"https:\/\/labiergerie.ch\/produit\/abonnement-cure-aronia-6-mois\/#primaryimage\"},\"image\":{\"@id\":\"https:\/\/labiergerie.ch\/produit\/abonnement-cure-aronia-6-mois\/#primaryimage\"},\"thumbnailUrl\":\"https:\/\/labiergerie.ch\/wp-content\/uploads\/2020\/08\/abonnement-baies-pdf.jpg\",\"datePublished\":\"2020-08-25T18:13:40+00:00\",\"dateModified\":\"2023-03-24T13:47:16+00:00\",\"breadcrumb\":{\"@id\":\"https:\/\/labiergerie.ch\/produit\/abonnement-cure-aronia-6-mois\/#breadcrumb\"},\"inLanguage\":\"de\",\"potentialAction\":[{\"@type\":\"ReadAction\",\"target\":[\"https:\/\/labiergerie.ch\/produit\/abonnement-cure-aronia-6-mois\/\"]}]},{\"@type\":\"ImageObject\",\"inLanguage\":\"de\",\"@id\":\"https:\/\/labiergerie.ch\/produit\/abonnement-cure-aronia-6-mois\/#primaryimage\",\"url\":\"https:\/\/labiergerie.ch\/wp-content\/uploads\/2020\/08\/abonnement-baies-pdf.jpg\",\"contentUrl\":\"https:\/\/labiergerie.ch\/wp-content\/uploads\/2020\/08\/abonnement-baies-pdf.jpg\"},{\"@type\":\"BreadcrumbList\",\"@id\":\"https:\/\/labiergerie.ch\/produit\/abonnement-cure-aronia-6-mois\/#breadcrumb\",\"itemListElement\":[{\"@type\":\"ListItem\",\"position\":1,\"name\":\"Startseite\",\"item\":\"https:\/\/labiergerie.ch\/\"},{\"@type\":\"ListItem\",\"position\":2,\"name\":\"Boutique\",\"item\":\"https:\/\/labiergerie.ch\/boutique\/\"},{\"@type\":\"ListItem\",\"position\":3,\"name\":\"abonnement baies d&#8217;aronia\"}]},{\"@type\":\"WebSite\",\"@id\":\"https:\/\/labiergerie.ch\/#website\",\"url\":\"https:\/\/labiergerie.ch\/\",\"name\":\"labiergerie.ch - laronia.ch\",\"description\":\"Direktverkauf von Lammfleisch in Bi\u00e8re - Schweiz\",\"potentialAction\":[{\"@type\":\"SearchAction\",\"target\":{\"@type\":\"EntryPoint\",\"urlTemplate\":\"https:\/\/labiergerie.ch\/?s={search_term_string}\"},\"query-input\":{\"@type\":\"PropertyValueSpecification\",\"valueRequired\":true,\"valueName\":\"search_term_string\"}}],\"inLanguage\":\"de\"}]}<\/script>\n<!-- \/ Yoast SEO plugin. -->","yoast_head_json":{"title":"abonnement baies d'aronia - labiergerie.ch - laronia.ch","robots":{"index":"index","follow":"follow","max-snippet":"max-snippet:-1","max-image-preview":"max-image-preview:large","max-video-preview":"max-video-preview:-1"},"canonical":"https:\/\/labiergerie.ch\/produit\/abonnement-cure-aronia-6-mois\/","og_locale":"de_DE","og_type":"article","og_title":"abonnement baies d'aronia - labiergerie.ch - laronia.ch","og_url":"https:\/\/labiergerie.ch\/produit\/abonnement-cure-aronia-6-mois\/","og_site_name":"labiergerie.ch - laronia.ch","article_modified_time":"2023-03-24T13:47:16+00:00","twitter_card":"summary_large_image","twitter_misc":{"Gesch\u00e4tzte Lesezeit":"1\u00a0Minute"},"schema":{"@context":"https:\/\/schema.org","@graph":[{"@type":"WebPage","@id":"https:\/\/labiergerie.ch\/produit\/abonnement-cure-aronia-6-mois\/","url":"https:\/\/labiergerie.ch\/produit\/abonnement-cure-aronia-6-mois\/","name":"abonnement baies d'aronia - labiergerie.ch - laronia.ch","isPartOf":{"@id":"https:\/\/labiergerie.ch\/#website"},"primaryImageOfPage":{"@id":"https:\/\/labiergerie.ch\/produit\/abonnement-cure-aronia-6-mois\/#primaryimage"},"image":{"@id":"https:\/\/labiergerie.ch\/produit\/abonnement-cure-aronia-6-mois\/#primaryimage"},"thumbnailUrl":"https:\/\/labiergerie.ch\/wp-content\/uploads\/2020\/08\/abonnement-baies-pdf.jpg","datePublished":"2020-08-25T18:13:40+00:00","dateModified":"2023-03-24T13:47:16+00:00","breadcrumb":{"@id":"https:\/\/labiergerie.ch\/produit\/abonnement-cure-aronia-6-mois\/#breadcrumb"},"inLanguage":"de","potentialAction":[{"@type":"ReadAction","target":["https:\/\/labiergerie.ch\/produit\/abonnement-cure-aronia-6-mois\/"]}]},{"@type":"ImageObject","inLanguage":"de","@id":"https:\/\/labiergerie.ch\/produit\/abonnement-cure-aronia-6-mois\/#primaryimage","url":"https:\/\/labiergerie.ch\/wp-content\/uploads\/2020\/08\/abonnement-baies-pdf.jpg","contentUrl":"https:\/\/labiergerie.ch\/wp-content\/uploads\/2020\/08\/abonnement-baies-pdf.jpg"},{"@type":"BreadcrumbList","@id":"https:\/\/labiergerie.ch\/produit\/abonnement-cure-aronia-6-mois\/#breadcrumb","itemListElement":[{"@type":"ListItem","position":1,"name":"Startseite","item":"https:\/\/labiergerie.ch\/"},{"@type":"ListItem","position":2,"name":"Boutique","item":"https:\/\/labiergerie.ch\/boutique\/"},{"@type":"ListItem","position":3,"name":"abonnement baies d&#8217;aronia"}]},{"@type":"WebSite","@id":"https:\/\/labiergerie.ch\/#website","url":"https:\/\/labiergerie.ch\/","name":"labiergerie.ch - laronia.ch","description":"Direktverkauf von Lammfleisch in Bi\u00e8re - Schweiz","potentialAction":[{"@type":"SearchAction","target":{"@type":"EntryPoint","urlTemplate":"https:\/\/labiergerie.ch\/?s={search_term_string}"},"query-input":{"@type":"PropertyValueSpecification","valueRequired":true,"valueName":"search_term_string"}}],"inLanguage":"de"}]}},"_links":{"self":[{"href":"https:\/\/labiergerie.ch\/de\/wp-json\/wp\/v2\/product\/2646"}],"collection":[{"href":"https:\/\/labiergerie.ch\/de\/wp-json\/wp\/v2\/product"}],"about":[{"href":"https:\/\/labiergerie.ch\/de\/wp-json\/wp\/v2\/types\/product"}],"wp:featuredmedia":[{"embeddable":true,"href":"https:\/\/labiergerie.ch\/de\/wp-json\/wp\/v2\/media\/4721"}],"wp:attachment":[{"href":"https:\/\/labiergerie.ch\/de\/wp-json\/wp\/v2\/media?parent=2646"}],"wp:term":[{"taxonomy":"product_cat","embeddable":true,"href":"https:\/\/labiergerie.ch\/de\/wp-json\/wp\/v2\/product_cat?post=2646"},{"taxonomy":"product_tag","embeddable":true,"href":"https:\/\/labiergerie.ch\/de\/wp-json\/wp\/v2\/product_tag?post=2646"}],"curies":[{"name":"wp","href":"https:\/\/api.w.org\/{rel}","templated":true}]}}