{"id":3377,"date":"2020-12-11T10:30:10","date_gmt":"2020-12-11T09:30:10","guid":{"rendered":"https:\/\/labiergerie.ch\/?post_type=product&#038;p=3377"},"modified":"2024-02-12T10:57:21","modified_gmt":"2024-02-12T09:57:21","slug":"coussin-chauffant-pour-bebe-3","status":"publish","type":"product","link":"https:\/\/labiergerie.ch\/de\/produit\/coussin-chauffant-pour-bebe-3\/","title":{"rendered":"Coussin chauffant"},"content":{"rendered":"<p>Petit coussin aux noyaux de cerises du domaine, fabrication artisanale par nos soins.<\/p>\r\n<p>Il permet de soulager en cas de l\u00e9g\u00e8res douleurs (maux de ventre, paresse intestinale, refroidissements, ballonnements&#8230;).\u00a0Le garnissage en noyaux de cerises emmagasine tr\u00e8s bien la chaleur et la redistribue de mani\u00e8re homog\u00e8ne.<\/p>\r\n<ul>\r\n\t<li>Peut \u00eatre r\u00e9chauff\u00e9 au micro-ondes ou au four<\/li>\r\n\t<li>Dim.: 10 cm\u00a0<\/li>\r\n\t<li>Tissu en pur coton, blanc\/beige<\/li>\r\n<\/ul>","protected":false},"excerpt":{"rendered":"<p>Petit coussin aux noyaux de cerises du domaine, fabrication artisanale par nos soins. Il permet de soulager en cas de l\u00e9g\u00e8res douleurs (maux de ventre, paresse intestinale, refroidissements, ballonnements&#8230;).\u00a0Le garnissage en noyaux de cerises emmagasine tr\u00e8s bien la chaleur et la redistribue de mani\u00e8re homog\u00e8ne. Peut \u00eatre r\u00e9chauff\u00e9 au micro-ondes ou au four Dim.: 10 [&hellip;]<\/p>\n","protected":false},"featured_media":3184,"template":"","meta":[],"product_cat":[27],"product_tag":[],"translation":{"provider":"WPGlobus","version":"3.0.2","language":"de","enabled_languages":["fr","de"],"languages":{"fr":{"title":true,"content":true,"excerpt":false},"de":{"title":false,"content":false,"excerpt":false}}},"acf":[],"yoast_head":"<!-- This site is optimized with the Yoast SEO plugin v23.5 - https:\/\/yoast.com\/wordpress\/plugins\/seo\/ -->\n<title>Coussin chauffant - labiergerie.ch - laronia.ch<\/title>\n<meta name=\"robots\" content=\"index, follow, max-snippet:-1, max-image-preview:large, max-video-preview:-1\" \/>\n<link rel=\"canonical\" href=\"https:\/\/labiergerie.ch\/produit\/coussin-chauffant-pour-bebe-3\/\" \/>\n<meta property=\"og:locale\" content=\"de_DE\" \/>\n<meta property=\"og:type\" content=\"article\" \/>\n<meta property=\"og:title\" content=\"Coussin chauffant - labiergerie.ch - laronia.ch\" \/>\n<meta property=\"og:url\" content=\"https:\/\/labiergerie.ch\/produit\/coussin-chauffant-pour-bebe-3\/\" \/>\n<meta property=\"og:site_name\" content=\"labiergerie.ch - laronia.ch\" \/>\n<meta property=\"article:modified_time\" content=\"2024-02-12T09:57:21+00:00\" \/>\n<meta property=\"og:image\" content=\"https:\/\/labiergerie.ch\/wp-content\/uploads\/2020\/11\/Kissen03.jpg\" \/>\n\t<meta property=\"og:image:width\" content=\"4001\" \/>\n\t<meta property=\"og:image:height\" content=\"3001\" \/>\n\t<meta property=\"og:image:type\" content=\"image\/jpeg\" \/>\n<meta name=\"twitter:card\" content=\"summary_large_image\" \/>\n<script type=\"application\/ld+json\" class=\"yoast-schema-graph\">{\"@context\":\"https:\/\/schema.org\",\"@graph\":[{\"@type\":\"WebPage\",\"@id\":\"https:\/\/labiergerie.ch\/produit\/coussin-chauffant-pour-bebe-3\/\",\"url\":\"https:\/\/labiergerie.ch\/produit\/coussin-chauffant-pour-bebe-3\/\",\"name\":\"Coussin chauffant - labiergerie.ch - laronia.ch\",\"isPartOf\":{\"@id\":\"https:\/\/labiergerie.ch\/#website\"},\"primaryImageOfPage\":{\"@id\":\"https:\/\/labiergerie.ch\/produit\/coussin-chauffant-pour-bebe-3\/#primaryimage\"},\"image\":{\"@id\":\"https:\/\/labiergerie.ch\/produit\/coussin-chauffant-pour-bebe-3\/#primaryimage\"},\"thumbnailUrl\":\"https:\/\/labiergerie.ch\/wp-content\/uploads\/2020\/11\/Kissen03.jpg\",\"datePublished\":\"2020-12-11T09:30:10+00:00\",\"dateModified\":\"2024-02-12T09:57:21+00:00\",\"breadcrumb\":{\"@id\":\"https:\/\/labiergerie.ch\/produit\/coussin-chauffant-pour-bebe-3\/#breadcrumb\"},\"inLanguage\":\"de\",\"potentialAction\":[{\"@type\":\"ReadAction\",\"target\":[\"https:\/\/labiergerie.ch\/produit\/coussin-chauffant-pour-bebe-3\/\"]}]},{\"@type\":\"ImageObject\",\"inLanguage\":\"de\",\"@id\":\"https:\/\/labiergerie.ch\/produit\/coussin-chauffant-pour-bebe-3\/#primaryimage\",\"url\":\"https:\/\/labiergerie.ch\/wp-content\/uploads\/2020\/11\/Kissen03.jpg\",\"contentUrl\":\"https:\/\/labiergerie.ch\/wp-content\/uploads\/2020\/11\/Kissen03.jpg\",\"width\":4001,\"height\":3001},{\"@type\":\"BreadcrumbList\",\"@id\":\"https:\/\/labiergerie.ch\/produit\/coussin-chauffant-pour-bebe-3\/#breadcrumb\",\"itemListElement\":[{\"@type\":\"ListItem\",\"position\":1,\"name\":\"Startseite\",\"item\":\"https:\/\/labiergerie.ch\/\"},{\"@type\":\"ListItem\",\"position\":2,\"name\":\"Boutique\",\"item\":\"https:\/\/labiergerie.ch\/boutique\/\"},{\"@type\":\"ListItem\",\"position\":3,\"name\":\"Coussin chauffant\"}]},{\"@type\":\"WebSite\",\"@id\":\"https:\/\/labiergerie.ch\/#website\",\"url\":\"https:\/\/labiergerie.ch\/\",\"name\":\"labiergerie.ch - laronia.ch\",\"description\":\"Direktverkauf von Lammfleisch in Bi\u00e8re - Schweiz\",\"potentialAction\":[{\"@type\":\"SearchAction\",\"target\":{\"@type\":\"EntryPoint\",\"urlTemplate\":\"https:\/\/labiergerie.ch\/?s={search_term_string}\"},\"query-input\":{\"@type\":\"PropertyValueSpecification\",\"valueRequired\":true,\"valueName\":\"search_term_string\"}}],\"inLanguage\":\"de\"}]}<\/script>\n<!-- \/ Yoast SEO plugin. -->","yoast_head_json":{"title":"Coussin chauffant - labiergerie.ch - laronia.ch","robots":{"index":"index","follow":"follow","max-snippet":"max-snippet:-1","max-image-preview":"max-image-preview:large","max-video-preview":"max-video-preview:-1"},"canonical":"https:\/\/labiergerie.ch\/produit\/coussin-chauffant-pour-bebe-3\/","og_locale":"de_DE","og_type":"article","og_title":"Coussin chauffant - labiergerie.ch - laronia.ch","og_url":"https:\/\/labiergerie.ch\/produit\/coussin-chauffant-pour-bebe-3\/","og_site_name":"labiergerie.ch - laronia.ch","article_modified_time":"2024-02-12T09:57:21+00:00","og_image":[{"width":4001,"height":3001,"url":"https:\/\/labiergerie.ch\/wp-content\/uploads\/2020\/11\/Kissen03.jpg","type":"image\/jpeg"}],"twitter_card":"summary_large_image","schema":{"@context":"https:\/\/schema.org","@graph":[{"@type":"WebPage","@id":"https:\/\/labiergerie.ch\/produit\/coussin-chauffant-pour-bebe-3\/","url":"https:\/\/labiergerie.ch\/produit\/coussin-chauffant-pour-bebe-3\/","name":"Coussin chauffant - labiergerie.ch - laronia.ch","isPartOf":{"@id":"https:\/\/labiergerie.ch\/#website"},"primaryImageOfPage":{"@id":"https:\/\/labiergerie.ch\/produit\/coussin-chauffant-pour-bebe-3\/#primaryimage"},"image":{"@id":"https:\/\/labiergerie.ch\/produit\/coussin-chauffant-pour-bebe-3\/#primaryimage"},"thumbnailUrl":"https:\/\/labiergerie.ch\/wp-content\/uploads\/2020\/11\/Kissen03.jpg","datePublished":"2020-12-11T09:30:10+00:00","dateModified":"2024-02-12T09:57:21+00:00","breadcrumb":{"@id":"https:\/\/labiergerie.ch\/produit\/coussin-chauffant-pour-bebe-3\/#breadcrumb"},"inLanguage":"de","potentialAction":[{"@type":"ReadAction","target":["https:\/\/labiergerie.ch\/produit\/coussin-chauffant-pour-bebe-3\/"]}]},{"@type":"ImageObject","inLanguage":"de","@id":"https:\/\/labiergerie.ch\/produit\/coussin-chauffant-pour-bebe-3\/#primaryimage","url":"https:\/\/labiergerie.ch\/wp-content\/uploads\/2020\/11\/Kissen03.jpg","contentUrl":"https:\/\/labiergerie.ch\/wp-content\/uploads\/2020\/11\/Kissen03.jpg","width":4001,"height":3001},{"@type":"BreadcrumbList","@id":"https:\/\/labiergerie.ch\/produit\/coussin-chauffant-pour-bebe-3\/#breadcrumb","itemListElement":[{"@type":"ListItem","position":1,"name":"Startseite","item":"https:\/\/labiergerie.ch\/"},{"@type":"ListItem","position":2,"name":"Boutique","item":"https:\/\/labiergerie.ch\/boutique\/"},{"@type":"ListItem","position":3,"name":"Coussin chauffant"}]},{"@type":"WebSite","@id":"https:\/\/labiergerie.ch\/#website","url":"https:\/\/labiergerie.ch\/","name":"labiergerie.ch - laronia.ch","description":"Direktverkauf von Lammfleisch in Bi\u00e8re - Schweiz","potentialAction":[{"@type":"SearchAction","target":{"@type":"EntryPoint","urlTemplate":"https:\/\/labiergerie.ch\/?s={search_term_string}"},"query-input":{"@type":"PropertyValueSpecification","valueRequired":true,"valueName":"search_term_string"}}],"inLanguage":"de"}]}},"_links":{"self":[{"href":"https:\/\/labiergerie.ch\/de\/wp-json\/wp\/v2\/product\/3377"}],"collection":[{"href":"https:\/\/labiergerie.ch\/de\/wp-json\/wp\/v2\/product"}],"about":[{"href":"https:\/\/labiergerie.ch\/de\/wp-json\/wp\/v2\/types\/product"}],"wp:featuredmedia":[{"embeddable":true,"href":"https:\/\/labiergerie.ch\/de\/wp-json\/wp\/v2\/media\/3184"}],"wp:attachment":[{"href":"https:\/\/labiergerie.ch\/de\/wp-json\/wp\/v2\/media?parent=3377"}],"wp:term":[{"taxonomy":"product_cat","embeddable":true,"href":"https:\/\/labiergerie.ch\/de\/wp-json\/wp\/v2\/product_cat?post=3377"},{"taxonomy":"product_tag","embeddable":true,"href":"https:\/\/labiergerie.ch\/de\/wp-json\/wp\/v2\/product_tag?post=3377"}],"curies":[{"name":"wp","href":"https:\/\/api.w.org\/{rel}","templated":true}]}}