{"id":4356,"date":"2021-10-28T14:31:10","date_gmt":"2021-10-28T12:31:10","guid":{"rendered":"https:\/\/labiergerie.ch\/?post_type=product&#038;p=4356"},"modified":"2024-09-26T11:38:08","modified_gmt":"2024-09-26T09:38:08","slug":"enveloppe-de-laine-vierge-kopie","status":"publish","type":"product","link":"https:\/\/labiergerie.ch\/de\/produit\/enveloppe-de-laine-vierge-kopie\/","title":{"rendered":"Coussin de laine vierge"},"content":{"rendered":"<p>Petit coussin en coton rempli de laine vierge bio du domaine. Fabrication artisanale par nos soins.<\/p>\r\n<p>La laine brute et curative est une laine de mouton lav\u00e9e et non fil\u00e9e, sans utilisation de pesticides, provenant d&#8217;un \u00e9levage biologique.<br \/>\r\nCe coussin de laine vierge apporte une chaleur apaisante.<\/p>\r\n<p>Dimension : 10 x 10 cm<\/p>","protected":false},"excerpt":{"rendered":"<p>Petit coussin en coton rempli de laine vierge bio du domaine. Fabrication artisanale par nos soins. La laine brute et curative est une laine de mouton lav\u00e9e et non fil\u00e9e, sans utilisation de pesticides, provenant d&#8217;un \u00e9levage biologique. Ce coussin de laine vierge apporte une chaleur apaisante. Dimension : 10 x 10 cm<\/p>\n","protected":false},"featured_media":4355,"template":"","meta":[],"product_cat":[23],"product_tag":[],"translation":{"provider":"WPGlobus","version":"3.0.2","language":"de","enabled_languages":["fr","de"],"languages":{"fr":{"title":true,"content":true,"excerpt":false},"de":{"title":false,"content":false,"excerpt":false}}},"acf":[],"yoast_head":"<!-- This site is optimized with the Yoast SEO plugin v23.5 - https:\/\/yoast.com\/wordpress\/plugins\/seo\/ -->\n<title>Coussin de laine vierge - labiergerie.ch - laronia.ch<\/title>\n<meta name=\"robots\" content=\"index, follow, max-snippet:-1, max-image-preview:large, max-video-preview:-1\" \/>\n<link rel=\"canonical\" href=\"https:\/\/labiergerie.ch\/produit\/enveloppe-de-laine-vierge-kopie\/\" \/>\n<meta property=\"og:locale\" content=\"de_DE\" \/>\n<meta property=\"og:type\" content=\"article\" \/>\n<meta property=\"og:title\" content=\"Coussin de laine vierge - labiergerie.ch - laronia.ch\" \/>\n<meta property=\"og:url\" content=\"https:\/\/labiergerie.ch\/produit\/enveloppe-de-laine-vierge-kopie\/\" \/>\n<meta property=\"og:site_name\" content=\"labiergerie.ch - laronia.ch\" \/>\n<meta property=\"article:modified_time\" content=\"2024-09-26T09:38:08+00:00\" \/>\n<meta property=\"og:image\" content=\"https:\/\/labiergerie.ch\/wp-content\/uploads\/2021\/10\/DSC_0550a-scaled.jpg\" \/>\n\t<meta property=\"og:image:width\" content=\"2560\" \/>\n\t<meta property=\"og:image:height\" content=\"1707\" \/>\n\t<meta property=\"og:image:type\" content=\"image\/jpeg\" \/>\n<meta name=\"twitter:card\" content=\"summary_large_image\" \/>\n<meta name=\"twitter:label1\" content=\"Gesch\u00e4tzte Lesezeit\" \/>\n\t<meta name=\"twitter:data1\" content=\"1\u00a0Minute\" \/>\n<script type=\"application\/ld+json\" class=\"yoast-schema-graph\">{\"@context\":\"https:\/\/schema.org\",\"@graph\":[{\"@type\":\"WebPage\",\"@id\":\"https:\/\/labiergerie.ch\/produit\/enveloppe-de-laine-vierge-kopie\/\",\"url\":\"https:\/\/labiergerie.ch\/produit\/enveloppe-de-laine-vierge-kopie\/\",\"name\":\"Coussin de laine vierge - labiergerie.ch - laronia.ch\",\"isPartOf\":{\"@id\":\"https:\/\/labiergerie.ch\/#website\"},\"primaryImageOfPage\":{\"@id\":\"https:\/\/labiergerie.ch\/produit\/enveloppe-de-laine-vierge-kopie\/#primaryimage\"},\"image\":{\"@id\":\"https:\/\/labiergerie.ch\/produit\/enveloppe-de-laine-vierge-kopie\/#primaryimage\"},\"thumbnailUrl\":\"https:\/\/labiergerie.ch\/wp-content\/uploads\/2021\/10\/DSC_0550a-scaled.jpg\",\"datePublished\":\"2021-10-28T12:31:10+00:00\",\"dateModified\":\"2024-09-26T09:38:08+00:00\",\"breadcrumb\":{\"@id\":\"https:\/\/labiergerie.ch\/produit\/enveloppe-de-laine-vierge-kopie\/#breadcrumb\"},\"inLanguage\":\"de\",\"potentialAction\":[{\"@type\":\"ReadAction\",\"target\":[\"https:\/\/labiergerie.ch\/produit\/enveloppe-de-laine-vierge-kopie\/\"]}]},{\"@type\":\"ImageObject\",\"inLanguage\":\"de\",\"@id\":\"https:\/\/labiergerie.ch\/produit\/enveloppe-de-laine-vierge-kopie\/#primaryimage\",\"url\":\"https:\/\/labiergerie.ch\/wp-content\/uploads\/2021\/10\/DSC_0550a-scaled.jpg\",\"contentUrl\":\"https:\/\/labiergerie.ch\/wp-content\/uploads\/2021\/10\/DSC_0550a-scaled.jpg\",\"width\":2560,\"height\":1707},{\"@type\":\"BreadcrumbList\",\"@id\":\"https:\/\/labiergerie.ch\/produit\/enveloppe-de-laine-vierge-kopie\/#breadcrumb\",\"itemListElement\":[{\"@type\":\"ListItem\",\"position\":1,\"name\":\"Startseite\",\"item\":\"https:\/\/labiergerie.ch\/\"},{\"@type\":\"ListItem\",\"position\":2,\"name\":\"Boutique\",\"item\":\"https:\/\/labiergerie.ch\/boutique\/\"},{\"@type\":\"ListItem\",\"position\":3,\"name\":\"Coussin de laine vierge\"}]},{\"@type\":\"WebSite\",\"@id\":\"https:\/\/labiergerie.ch\/#website\",\"url\":\"https:\/\/labiergerie.ch\/\",\"name\":\"labiergerie.ch - laronia.ch\",\"description\":\"Direktverkauf von Lammfleisch in Bi\u00e8re - Schweiz\",\"potentialAction\":[{\"@type\":\"SearchAction\",\"target\":{\"@type\":\"EntryPoint\",\"urlTemplate\":\"https:\/\/labiergerie.ch\/?s={search_term_string}\"},\"query-input\":{\"@type\":\"PropertyValueSpecification\",\"valueRequired\":true,\"valueName\":\"search_term_string\"}}],\"inLanguage\":\"de\"}]}<\/script>\n<!-- \/ Yoast SEO plugin. -->","yoast_head_json":{"title":"Coussin de laine vierge - labiergerie.ch - laronia.ch","robots":{"index":"index","follow":"follow","max-snippet":"max-snippet:-1","max-image-preview":"max-image-preview:large","max-video-preview":"max-video-preview:-1"},"canonical":"https:\/\/labiergerie.ch\/produit\/enveloppe-de-laine-vierge-kopie\/","og_locale":"de_DE","og_type":"article","og_title":"Coussin de laine vierge - labiergerie.ch - laronia.ch","og_url":"https:\/\/labiergerie.ch\/produit\/enveloppe-de-laine-vierge-kopie\/","og_site_name":"labiergerie.ch - laronia.ch","article_modified_time":"2024-09-26T09:38:08+00:00","og_image":[{"width":2560,"height":1707,"url":"https:\/\/labiergerie.ch\/wp-content\/uploads\/2021\/10\/DSC_0550a-scaled.jpg","type":"image\/jpeg"}],"twitter_card":"summary_large_image","twitter_misc":{"Gesch\u00e4tzte Lesezeit":"1\u00a0Minute"},"schema":{"@context":"https:\/\/schema.org","@graph":[{"@type":"WebPage","@id":"https:\/\/labiergerie.ch\/produit\/enveloppe-de-laine-vierge-kopie\/","url":"https:\/\/labiergerie.ch\/produit\/enveloppe-de-laine-vierge-kopie\/","name":"Coussin de laine vierge - labiergerie.ch - laronia.ch","isPartOf":{"@id":"https:\/\/labiergerie.ch\/#website"},"primaryImageOfPage":{"@id":"https:\/\/labiergerie.ch\/produit\/enveloppe-de-laine-vierge-kopie\/#primaryimage"},"image":{"@id":"https:\/\/labiergerie.ch\/produit\/enveloppe-de-laine-vierge-kopie\/#primaryimage"},"thumbnailUrl":"https:\/\/labiergerie.ch\/wp-content\/uploads\/2021\/10\/DSC_0550a-scaled.jpg","datePublished":"2021-10-28T12:31:10+00:00","dateModified":"2024-09-26T09:38:08+00:00","breadcrumb":{"@id":"https:\/\/labiergerie.ch\/produit\/enveloppe-de-laine-vierge-kopie\/#breadcrumb"},"inLanguage":"de","potentialAction":[{"@type":"ReadAction","target":["https:\/\/labiergerie.ch\/produit\/enveloppe-de-laine-vierge-kopie\/"]}]},{"@type":"ImageObject","inLanguage":"de","@id":"https:\/\/labiergerie.ch\/produit\/enveloppe-de-laine-vierge-kopie\/#primaryimage","url":"https:\/\/labiergerie.ch\/wp-content\/uploads\/2021\/10\/DSC_0550a-scaled.jpg","contentUrl":"https:\/\/labiergerie.ch\/wp-content\/uploads\/2021\/10\/DSC_0550a-scaled.jpg","width":2560,"height":1707},{"@type":"BreadcrumbList","@id":"https:\/\/labiergerie.ch\/produit\/enveloppe-de-laine-vierge-kopie\/#breadcrumb","itemListElement":[{"@type":"ListItem","position":1,"name":"Startseite","item":"https:\/\/labiergerie.ch\/"},{"@type":"ListItem","position":2,"name":"Boutique","item":"https:\/\/labiergerie.ch\/boutique\/"},{"@type":"ListItem","position":3,"name":"Coussin de laine vierge"}]},{"@type":"WebSite","@id":"https:\/\/labiergerie.ch\/#website","url":"https:\/\/labiergerie.ch\/","name":"labiergerie.ch - laronia.ch","description":"Direktverkauf von Lammfleisch in Bi\u00e8re - Schweiz","potentialAction":[{"@type":"SearchAction","target":{"@type":"EntryPoint","urlTemplate":"https:\/\/labiergerie.ch\/?s={search_term_string}"},"query-input":{"@type":"PropertyValueSpecification","valueRequired":true,"valueName":"search_term_string"}}],"inLanguage":"de"}]}},"_links":{"self":[{"href":"https:\/\/labiergerie.ch\/de\/wp-json\/wp\/v2\/product\/4356"}],"collection":[{"href":"https:\/\/labiergerie.ch\/de\/wp-json\/wp\/v2\/product"}],"about":[{"href":"https:\/\/labiergerie.ch\/de\/wp-json\/wp\/v2\/types\/product"}],"wp:featuredmedia":[{"embeddable":true,"href":"https:\/\/labiergerie.ch\/de\/wp-json\/wp\/v2\/media\/4355"}],"wp:attachment":[{"href":"https:\/\/labiergerie.ch\/de\/wp-json\/wp\/v2\/media?parent=4356"}],"wp:term":[{"taxonomy":"product_cat","embeddable":true,"href":"https:\/\/labiergerie.ch\/de\/wp-json\/wp\/v2\/product_cat?post=4356"},{"taxonomy":"product_tag","embeddable":true,"href":"https:\/\/labiergerie.ch\/de\/wp-json\/wp\/v2\/product_tag?post=4356"}],"curies":[{"name":"wp","href":"https:\/\/api.w.org\/{rel}","templated":true}]}}