{"id":4759,"date":"2022-01-31T14:38:56","date_gmt":"2022-01-31T13:38:56","guid":{"rendered":"https:\/\/labiergerie.ch\/?post_type=product&#038;p=4759"},"modified":"2022-01-31T14:47:02","modified_gmt":"2022-01-31T13:47:02","slug":"pastilles-des-alpes-2","status":"publish","type":"product","link":"https:\/\/labiergerie.ch\/de\/produit\/pastilles-des-alpes-2\/","title":{"rendered":"Pastilles des alpes"},"content":{"rendered":"<p>Association de plantes alpines suisses bio (Edelweiss, Aronia du domaine, Sureau, Thym citronn\u00e9) et de zinc pour la gorge et l&#8217;immunit\u00e9.<\/p>\r\n<p>99,9% d&#8217;ingr\u00e9dients d&#8217;origine naturelle.<\/p>\r\n<p>Produit suisse pour toute la famille.<\/p>\r\n<p>Sans sucres ajout\u00e9s ni aspartame, sans gluten ni lactose.<\/p>\r\n<p>Conseils d&#8217;utilisation : Adultes et enfants &gt; 12 ans : 5 pastilles \u00e0 sucer par jour pendant 6 jours. Enfants &lt; 12 ans : 3 pastilles par jour.<\/p>\r\n<p>Ce compl\u00e9ment alimentaire ne peut se substituer \u00e0 une alimentation vari\u00e9e, \u00e9quilibr\u00e9e et \u00e0 un mode de vie sain.<\/p>","protected":false},"excerpt":{"rendered":"<p>sachet de 40 pastilles\u00a0<\/p>\n","protected":false},"featured_media":4761,"template":"","meta":[],"product_cat":[24,27],"product_tag":[],"translation":{"provider":"WPGlobus","version":"3.0.2","language":"de","enabled_languages":["fr","de"],"languages":{"fr":{"title":true,"content":true,"excerpt":true},"de":{"title":false,"content":false,"excerpt":false}}},"acf":[],"yoast_head":"<!-- This site is optimized with the Yoast SEO plugin v23.5 - https:\/\/yoast.com\/wordpress\/plugins\/seo\/ -->\n<title>Pastilles des alpes - labiergerie.ch - laronia.ch<\/title>\n<meta name=\"robots\" content=\"index, follow, max-snippet:-1, max-image-preview:large, max-video-preview:-1\" \/>\n<link rel=\"canonical\" href=\"https:\/\/labiergerie.ch\/de\/produit\/pastilles-des-alpes-2\/\" \/>\n<meta property=\"og:locale\" content=\"de_DE\" \/>\n<meta property=\"og:type\" content=\"article\" \/>\n<meta property=\"og:title\" content=\"Pastilles des alpes - labiergerie.ch - laronia.ch\" \/>\n<meta property=\"og:url\" content=\"https:\/\/labiergerie.ch\/de\/produit\/pastilles-des-alpes-2\/\" \/>\n<meta property=\"og:site_name\" content=\"labiergerie.ch - laronia.ch\" \/>\n<meta property=\"article:modified_time\" content=\"2022-01-31T13:47:02+00:00\" \/>\n<meta name=\"twitter:card\" content=\"summary_large_image\" \/>\n<script type=\"application\/ld+json\" class=\"yoast-schema-graph\">{\"@context\":\"https:\/\/schema.org\",\"@graph\":[{\"@type\":\"WebPage\",\"@id\":\"https:\/\/labiergerie.ch\/de\/produit\/pastilles-des-alpes-2\/\",\"url\":\"https:\/\/labiergerie.ch\/de\/produit\/pastilles-des-alpes-2\/\",\"name\":\"Pastilles des alpes - labiergerie.ch - laronia.ch\",\"isPartOf\":{\"@id\":\"https:\/\/labiergerie.ch\/#website\"},\"primaryImageOfPage\":{\"@id\":\"https:\/\/labiergerie.ch\/de\/produit\/pastilles-des-alpes-2\/#primaryimage\"},\"image\":{\"@id\":\"https:\/\/labiergerie.ch\/de\/produit\/pastilles-des-alpes-2\/#primaryimage\"},\"thumbnailUrl\":\"https:\/\/labiergerie.ch\/wp-content\/uploads\/2022\/01\/pastilles-des-alpes-sachet-komprimiert-pdf.jpg\",\"datePublished\":\"2022-01-31T13:38:56+00:00\",\"dateModified\":\"2022-01-31T13:47:02+00:00\",\"breadcrumb\":{\"@id\":\"https:\/\/labiergerie.ch\/de\/produit\/pastilles-des-alpes-2\/#breadcrumb\"},\"inLanguage\":\"de\",\"potentialAction\":[{\"@type\":\"ReadAction\",\"target\":[\"https:\/\/labiergerie.ch\/de\/produit\/pastilles-des-alpes-2\/\"]}]},{\"@type\":\"ImageObject\",\"inLanguage\":\"de\",\"@id\":\"https:\/\/labiergerie.ch\/de\/produit\/pastilles-des-alpes-2\/#primaryimage\",\"url\":\"https:\/\/labiergerie.ch\/wp-content\/uploads\/2022\/01\/pastilles-des-alpes-sachet-komprimiert-pdf.jpg\",\"contentUrl\":\"https:\/\/labiergerie.ch\/wp-content\/uploads\/2022\/01\/pastilles-des-alpes-sachet-komprimiert-pdf.jpg\"},{\"@type\":\"BreadcrumbList\",\"@id\":\"https:\/\/labiergerie.ch\/de\/produit\/pastilles-des-alpes-2\/#breadcrumb\",\"itemListElement\":[{\"@type\":\"ListItem\",\"position\":1,\"name\":\"Startseite\",\"item\":\"https:\/\/labiergerie.ch\/\"},{\"@type\":\"ListItem\",\"position\":2,\"name\":\"Boutique\",\"item\":\"https:\/\/labiergerie.ch\/boutique\/\"},{\"@type\":\"ListItem\",\"position\":3,\"name\":\"Pastilles des alpes\"}]},{\"@type\":\"WebSite\",\"@id\":\"https:\/\/labiergerie.ch\/#website\",\"url\":\"https:\/\/labiergerie.ch\/\",\"name\":\"labiergerie.ch - laronia.ch\",\"description\":\"Direktverkauf von Lammfleisch in Bi\u00e8re - Schweiz\",\"potentialAction\":[{\"@type\":\"SearchAction\",\"target\":{\"@type\":\"EntryPoint\",\"urlTemplate\":\"https:\/\/labiergerie.ch\/?s={search_term_string}\"},\"query-input\":{\"@type\":\"PropertyValueSpecification\",\"valueRequired\":true,\"valueName\":\"search_term_string\"}}],\"inLanguage\":\"de\"}]}<\/script>\n<!-- \/ Yoast SEO plugin. -->","yoast_head_json":{"title":"Pastilles des alpes - labiergerie.ch - laronia.ch","robots":{"index":"index","follow":"follow","max-snippet":"max-snippet:-1","max-image-preview":"max-image-preview:large","max-video-preview":"max-video-preview:-1"},"canonical":"https:\/\/labiergerie.ch\/de\/produit\/pastilles-des-alpes-2\/","og_locale":"de_DE","og_type":"article","og_title":"Pastilles des alpes - labiergerie.ch - laronia.ch","og_url":"https:\/\/labiergerie.ch\/de\/produit\/pastilles-des-alpes-2\/","og_site_name":"labiergerie.ch - laronia.ch","article_modified_time":"2022-01-31T13:47:02+00:00","twitter_card":"summary_large_image","schema":{"@context":"https:\/\/schema.org","@graph":[{"@type":"WebPage","@id":"https:\/\/labiergerie.ch\/de\/produit\/pastilles-des-alpes-2\/","url":"https:\/\/labiergerie.ch\/de\/produit\/pastilles-des-alpes-2\/","name":"Pastilles des alpes - labiergerie.ch - laronia.ch","isPartOf":{"@id":"https:\/\/labiergerie.ch\/#website"},"primaryImageOfPage":{"@id":"https:\/\/labiergerie.ch\/de\/produit\/pastilles-des-alpes-2\/#primaryimage"},"image":{"@id":"https:\/\/labiergerie.ch\/de\/produit\/pastilles-des-alpes-2\/#primaryimage"},"thumbnailUrl":"https:\/\/labiergerie.ch\/wp-content\/uploads\/2022\/01\/pastilles-des-alpes-sachet-komprimiert-pdf.jpg","datePublished":"2022-01-31T13:38:56+00:00","dateModified":"2022-01-31T13:47:02+00:00","breadcrumb":{"@id":"https:\/\/labiergerie.ch\/de\/produit\/pastilles-des-alpes-2\/#breadcrumb"},"inLanguage":"de","potentialAction":[{"@type":"ReadAction","target":["https:\/\/labiergerie.ch\/de\/produit\/pastilles-des-alpes-2\/"]}]},{"@type":"ImageObject","inLanguage":"de","@id":"https:\/\/labiergerie.ch\/de\/produit\/pastilles-des-alpes-2\/#primaryimage","url":"https:\/\/labiergerie.ch\/wp-content\/uploads\/2022\/01\/pastilles-des-alpes-sachet-komprimiert-pdf.jpg","contentUrl":"https:\/\/labiergerie.ch\/wp-content\/uploads\/2022\/01\/pastilles-des-alpes-sachet-komprimiert-pdf.jpg"},{"@type":"BreadcrumbList","@id":"https:\/\/labiergerie.ch\/de\/produit\/pastilles-des-alpes-2\/#breadcrumb","itemListElement":[{"@type":"ListItem","position":1,"name":"Startseite","item":"https:\/\/labiergerie.ch\/"},{"@type":"ListItem","position":2,"name":"Boutique","item":"https:\/\/labiergerie.ch\/boutique\/"},{"@type":"ListItem","position":3,"name":"Pastilles des alpes"}]},{"@type":"WebSite","@id":"https:\/\/labiergerie.ch\/#website","url":"https:\/\/labiergerie.ch\/","name":"labiergerie.ch - laronia.ch","description":"Direktverkauf von Lammfleisch in Bi\u00e8re - Schweiz","potentialAction":[{"@type":"SearchAction","target":{"@type":"EntryPoint","urlTemplate":"https:\/\/labiergerie.ch\/?s={search_term_string}"},"query-input":{"@type":"PropertyValueSpecification","valueRequired":true,"valueName":"search_term_string"}}],"inLanguage":"de"}]}},"_links":{"self":[{"href":"https:\/\/labiergerie.ch\/de\/wp-json\/wp\/v2\/product\/4759"}],"collection":[{"href":"https:\/\/labiergerie.ch\/de\/wp-json\/wp\/v2\/product"}],"about":[{"href":"https:\/\/labiergerie.ch\/de\/wp-json\/wp\/v2\/types\/product"}],"wp:featuredmedia":[{"embeddable":true,"href":"https:\/\/labiergerie.ch\/de\/wp-json\/wp\/v2\/media\/4761"}],"wp:attachment":[{"href":"https:\/\/labiergerie.ch\/de\/wp-json\/wp\/v2\/media?parent=4759"}],"wp:term":[{"taxonomy":"product_cat","embeddable":true,"href":"https:\/\/labiergerie.ch\/de\/wp-json\/wp\/v2\/product_cat?post=4759"},{"taxonomy":"product_tag","embeddable":true,"href":"https:\/\/labiergerie.ch\/de\/wp-json\/wp\/v2\/product_tag?post=4759"}],"curies":[{"name":"wp","href":"https:\/\/api.w.org\/{rel}","templated":true}]}}