{"id":701,"date":"2018-03-06T20:27:49","date_gmt":"2018-03-06T19:27:49","guid":{"rendered":"http:\/\/labiergerie.danielbuescher.de\/?post_type=product&#038;p=701"},"modified":"2023-05-04T11:48:59","modified_gmt":"2023-05-04T09:48:59","slug":"peau-dagneau","status":"publish","type":"product","link":"https:\/\/labiergerie.ch\/de\/produit\/peau-dagneau\/","title":{"rendered":"Peau d&#8217;agneau"},"content":{"rendered":"<p>Peau d&#8217;agneau bio du domaine, tannage naturel (obtenu \u00e0 partir de l&#8217;\u00e9corce de l&#8217;arbre Mimosa), tann\u00e9e dans une entreprise familiale dans l&#8217;Emmental.\u00a0<\/p>\r\n<p>&#8211; Convient comme fourrure de b\u00e9b\u00e9<br \/>\r\n&#8211; Naturel et \u00e9cologique<br \/>\r\n&#8211; Non lavable\u00a0<br \/>\r\n&#8211; L&#8217;agent tannant MIMOSA donne \u00e0 la fourrure un ton beige naturel.<br \/>\r\n<br \/>\r\ntaille: environ 80 x 120 cm<br \/>\r\n<br \/>\r\n<br \/>\r\n<\/p>","protected":false},"excerpt":{"rendered":"<p>Peau d&#8217;agneau tann\u00e9e. Tannage naturel Mimosa<\/p>\n","protected":false},"featured_media":704,"template":"","meta":[],"product_cat":[23],"product_tag":[],"translation":{"provider":"WPGlobus","version":"3.0.2","language":"de","enabled_languages":["fr","de"],"languages":{"fr":{"title":true,"content":true,"excerpt":true},"de":{"title":false,"content":false,"excerpt":false}}},"acf":[],"yoast_head":"<!-- This site is optimized with the Yoast SEO plugin v23.5 - https:\/\/yoast.com\/wordpress\/plugins\/seo\/ -->\n<title>Peau d&#039;agneau - labiergerie.ch - laronia.ch<\/title>\n<meta name=\"robots\" content=\"index, follow, max-snippet:-1, max-image-preview:large, max-video-preview:-1\" \/>\n<link rel=\"canonical\" href=\"https:\/\/labiergerie.ch\/produit\/peau-dagneau\/\" \/>\n<meta property=\"og:locale\" content=\"de_DE\" \/>\n<meta property=\"og:type\" content=\"article\" \/>\n<meta property=\"og:title\" content=\"Peau d&#039;agneau - labiergerie.ch - laronia.ch\" \/>\n<meta property=\"og:url\" content=\"https:\/\/labiergerie.ch\/produit\/peau-dagneau\/\" \/>\n<meta property=\"og:site_name\" content=\"labiergerie.ch - laronia.ch\" \/>\n<meta property=\"article:modified_time\" content=\"2023-05-04T09:48:59+00:00\" \/>\n<meta property=\"og:image\" content=\"https:\/\/labiergerie.ch\/wp-content\/uploads\/2018\/03\/labiergerie-Schweizer-Lammfell.png\" \/>\n\t<meta property=\"og:image:width\" content=\"720\" \/>\n\t<meta property=\"og:image:height\" content=\"540\" \/>\n\t<meta property=\"og:image:type\" content=\"image\/png\" \/>\n<meta name=\"twitter:card\" content=\"summary_large_image\" \/>\n<meta name=\"twitter:label1\" content=\"Gesch\u00e4tzte Lesezeit\" \/>\n\t<meta name=\"twitter:data1\" content=\"1\u00a0Minute\" \/>\n<script type=\"application\/ld+json\" class=\"yoast-schema-graph\">{\"@context\":\"https:\/\/schema.org\",\"@graph\":[{\"@type\":\"WebPage\",\"@id\":\"https:\/\/labiergerie.ch\/produit\/peau-dagneau\/\",\"url\":\"https:\/\/labiergerie.ch\/produit\/peau-dagneau\/\",\"name\":\"Peau d'agneau - labiergerie.ch - laronia.ch\",\"isPartOf\":{\"@id\":\"https:\/\/labiergerie.ch\/#website\"},\"primaryImageOfPage\":{\"@id\":\"https:\/\/labiergerie.ch\/produit\/peau-dagneau\/#primaryimage\"},\"image\":{\"@id\":\"https:\/\/labiergerie.ch\/produit\/peau-dagneau\/#primaryimage\"},\"thumbnailUrl\":\"https:\/\/labiergerie.ch\/wp-content\/uploads\/2018\/03\/labiergerie-Schweizer-Lammfell.png\",\"datePublished\":\"2018-03-06T19:27:49+00:00\",\"dateModified\":\"2023-05-04T09:48:59+00:00\",\"breadcrumb\":{\"@id\":\"https:\/\/labiergerie.ch\/produit\/peau-dagneau\/#breadcrumb\"},\"inLanguage\":\"de\",\"potentialAction\":[{\"@type\":\"ReadAction\",\"target\":[\"https:\/\/labiergerie.ch\/produit\/peau-dagneau\/\"]}]},{\"@type\":\"ImageObject\",\"inLanguage\":\"de\",\"@id\":\"https:\/\/labiergerie.ch\/produit\/peau-dagneau\/#primaryimage\",\"url\":\"https:\/\/labiergerie.ch\/wp-content\/uploads\/2018\/03\/labiergerie-Schweizer-Lammfell.png\",\"contentUrl\":\"https:\/\/labiergerie.ch\/wp-content\/uploads\/2018\/03\/labiergerie-Schweizer-Lammfell.png\",\"width\":720,\"height\":540},{\"@type\":\"BreadcrumbList\",\"@id\":\"https:\/\/labiergerie.ch\/produit\/peau-dagneau\/#breadcrumb\",\"itemListElement\":[{\"@type\":\"ListItem\",\"position\":1,\"name\":\"Startseite\",\"item\":\"https:\/\/labiergerie.ch\/\"},{\"@type\":\"ListItem\",\"position\":2,\"name\":\"Boutique\",\"item\":\"https:\/\/labiergerie.ch\/boutique\/\"},{\"@type\":\"ListItem\",\"position\":3,\"name\":\"Peau d&#8217;agneau\"}]},{\"@type\":\"WebSite\",\"@id\":\"https:\/\/labiergerie.ch\/#website\",\"url\":\"https:\/\/labiergerie.ch\/\",\"name\":\"labiergerie.ch - laronia.ch\",\"description\":\"Direktverkauf von Lammfleisch in Bi\u00e8re - Schweiz\",\"potentialAction\":[{\"@type\":\"SearchAction\",\"target\":{\"@type\":\"EntryPoint\",\"urlTemplate\":\"https:\/\/labiergerie.ch\/?s={search_term_string}\"},\"query-input\":{\"@type\":\"PropertyValueSpecification\",\"valueRequired\":true,\"valueName\":\"search_term_string\"}}],\"inLanguage\":\"de\"}]}<\/script>\n<!-- \/ Yoast SEO plugin. -->","yoast_head_json":{"title":"Peau d'agneau - labiergerie.ch - laronia.ch","robots":{"index":"index","follow":"follow","max-snippet":"max-snippet:-1","max-image-preview":"max-image-preview:large","max-video-preview":"max-video-preview:-1"},"canonical":"https:\/\/labiergerie.ch\/produit\/peau-dagneau\/","og_locale":"de_DE","og_type":"article","og_title":"Peau d'agneau - labiergerie.ch - laronia.ch","og_url":"https:\/\/labiergerie.ch\/produit\/peau-dagneau\/","og_site_name":"labiergerie.ch - laronia.ch","article_modified_time":"2023-05-04T09:48:59+00:00","og_image":[{"width":720,"height":540,"url":"https:\/\/labiergerie.ch\/wp-content\/uploads\/2018\/03\/labiergerie-Schweizer-Lammfell.png","type":"image\/png"}],"twitter_card":"summary_large_image","twitter_misc":{"Gesch\u00e4tzte Lesezeit":"1\u00a0Minute"},"schema":{"@context":"https:\/\/schema.org","@graph":[{"@type":"WebPage","@id":"https:\/\/labiergerie.ch\/produit\/peau-dagneau\/","url":"https:\/\/labiergerie.ch\/produit\/peau-dagneau\/","name":"Peau d'agneau - labiergerie.ch - laronia.ch","isPartOf":{"@id":"https:\/\/labiergerie.ch\/#website"},"primaryImageOfPage":{"@id":"https:\/\/labiergerie.ch\/produit\/peau-dagneau\/#primaryimage"},"image":{"@id":"https:\/\/labiergerie.ch\/produit\/peau-dagneau\/#primaryimage"},"thumbnailUrl":"https:\/\/labiergerie.ch\/wp-content\/uploads\/2018\/03\/labiergerie-Schweizer-Lammfell.png","datePublished":"2018-03-06T19:27:49+00:00","dateModified":"2023-05-04T09:48:59+00:00","breadcrumb":{"@id":"https:\/\/labiergerie.ch\/produit\/peau-dagneau\/#breadcrumb"},"inLanguage":"de","potentialAction":[{"@type":"ReadAction","target":["https:\/\/labiergerie.ch\/produit\/peau-dagneau\/"]}]},{"@type":"ImageObject","inLanguage":"de","@id":"https:\/\/labiergerie.ch\/produit\/peau-dagneau\/#primaryimage","url":"https:\/\/labiergerie.ch\/wp-content\/uploads\/2018\/03\/labiergerie-Schweizer-Lammfell.png","contentUrl":"https:\/\/labiergerie.ch\/wp-content\/uploads\/2018\/03\/labiergerie-Schweizer-Lammfell.png","width":720,"height":540},{"@type":"BreadcrumbList","@id":"https:\/\/labiergerie.ch\/produit\/peau-dagneau\/#breadcrumb","itemListElement":[{"@type":"ListItem","position":1,"name":"Startseite","item":"https:\/\/labiergerie.ch\/"},{"@type":"ListItem","position":2,"name":"Boutique","item":"https:\/\/labiergerie.ch\/boutique\/"},{"@type":"ListItem","position":3,"name":"Peau d&#8217;agneau"}]},{"@type":"WebSite","@id":"https:\/\/labiergerie.ch\/#website","url":"https:\/\/labiergerie.ch\/","name":"labiergerie.ch - laronia.ch","description":"Direktverkauf von Lammfleisch in Bi\u00e8re - Schweiz","potentialAction":[{"@type":"SearchAction","target":{"@type":"EntryPoint","urlTemplate":"https:\/\/labiergerie.ch\/?s={search_term_string}"},"query-input":{"@type":"PropertyValueSpecification","valueRequired":true,"valueName":"search_term_string"}}],"inLanguage":"de"}]}},"_links":{"self":[{"href":"https:\/\/labiergerie.ch\/de\/wp-json\/wp\/v2\/product\/701"}],"collection":[{"href":"https:\/\/labiergerie.ch\/de\/wp-json\/wp\/v2\/product"}],"about":[{"href":"https:\/\/labiergerie.ch\/de\/wp-json\/wp\/v2\/types\/product"}],"wp:featuredmedia":[{"embeddable":true,"href":"https:\/\/labiergerie.ch\/de\/wp-json\/wp\/v2\/media\/704"}],"wp:attachment":[{"href":"https:\/\/labiergerie.ch\/de\/wp-json\/wp\/v2\/media?parent=701"}],"wp:term":[{"taxonomy":"product_cat","embeddable":true,"href":"https:\/\/labiergerie.ch\/de\/wp-json\/wp\/v2\/product_cat?post=701"},{"taxonomy":"product_tag","embeddable":true,"href":"https:\/\/labiergerie.ch\/de\/wp-json\/wp\/v2\/product_tag?post=701"}],"curies":[{"name":"wp","href":"https:\/\/api.w.org\/{rel}","templated":true}]}}