{"id":711,"date":"2018-03-06T20:52:22","date_gmt":"2018-03-06T19:52:22","guid":{"rendered":"http:\/\/labiergerie.danielbuescher.de\/?post_type=product&#038;p=711"},"modified":"2023-11-15T14:29:02","modified_gmt":"2023-11-15T13:29:02","slug":"elixir-aroniac-200ml","status":"publish","type":"product","link":"https:\/\/labiergerie.ch\/de\/produit\/elixir-aroniac-200ml\/","title":{"rendered":"Elixir d&#8217;aronia, 200 ml"},"content":{"rendered":"<p>Une exclusivit\u00e9 du pionnier de l&#8217;aronia en Suisse romande: \u00a0l&#8217;Elixir &#8222;aroniac&#8220; de Jean-Luc Tschabold. <br \/>\r\nUne rare ampleur et intensit\u00e9 aromatique!<\/p>\r\n<p>Ce concentr\u00e9 de jus d&#8217;aronia convient \u00e9galement \u00e0 merveille pour une cure de 40 jours \u00e0\u00a0raison d&#8217;une cuill\u00e8re \u00e0 caf\u00e9 par jour.\u00a0\u00a0\u00a0<\/p>\r\n<p>Contient 15% d&#8217;alcool.<br \/>\r\nCertifi\u00e9 bio<\/p>","protected":false},"excerpt":{"rendered":"<p>Bouteille de 200 ml<\/p>\n","protected":false},"featured_media":933,"template":"","meta":[],"product_cat":[24],"product_tag":[],"translation":{"provider":"WPGlobus","version":"3.0.2","language":"de","enabled_languages":["fr","de"],"languages":{"fr":{"title":true,"content":true,"excerpt":true},"de":{"title":false,"content":false,"excerpt":false}}},"acf":[],"yoast_head":"<!-- This site is optimized with the Yoast SEO plugin v23.5 - https:\/\/yoast.com\/wordpress\/plugins\/seo\/ -->\n<title>Elixir d&#039;aronia, 200 ml - labiergerie.ch - laronia.ch<\/title>\n<meta name=\"robots\" content=\"index, follow, max-snippet:-1, max-image-preview:large, max-video-preview:-1\" \/>\n<link rel=\"canonical\" href=\"https:\/\/labiergerie.ch\/produit\/elixir-aroniac-200ml\/\" \/>\n<meta property=\"og:locale\" content=\"de_DE\" \/>\n<meta property=\"og:type\" content=\"article\" \/>\n<meta property=\"og:title\" content=\"Elixir d&#039;aronia, 200 ml - labiergerie.ch - laronia.ch\" \/>\n<meta property=\"og:url\" content=\"https:\/\/labiergerie.ch\/produit\/elixir-aroniac-200ml\/\" \/>\n<meta property=\"og:site_name\" content=\"labiergerie.ch - laronia.ch\" \/>\n<meta property=\"article:modified_time\" content=\"2023-11-15T13:29:02+00:00\" \/>\n<meta property=\"og:image\" content=\"https:\/\/labiergerie.ch\/wp-content\/uploads\/2019\/03\/SHOP-10.jpg\" \/>\n\t<meta property=\"og:image:width\" content=\"4000\" \/>\n\t<meta property=\"og:image:height\" content=\"3000\" \/>\n\t<meta property=\"og:image:type\" content=\"image\/jpeg\" \/>\n<meta name=\"twitter:card\" content=\"summary_large_image\" \/>\n<meta name=\"twitter:label1\" content=\"Gesch\u00e4tzte Lesezeit\" \/>\n\t<meta name=\"twitter:data1\" content=\"1\u00a0Minute\" \/>\n<script type=\"application\/ld+json\" class=\"yoast-schema-graph\">{\"@context\":\"https:\/\/schema.org\",\"@graph\":[{\"@type\":\"WebPage\",\"@id\":\"https:\/\/labiergerie.ch\/produit\/elixir-aroniac-200ml\/\",\"url\":\"https:\/\/labiergerie.ch\/produit\/elixir-aroniac-200ml\/\",\"name\":\"Elixir d'aronia, 200 ml - labiergerie.ch - laronia.ch\",\"isPartOf\":{\"@id\":\"https:\/\/labiergerie.ch\/#website\"},\"primaryImageOfPage\":{\"@id\":\"https:\/\/labiergerie.ch\/produit\/elixir-aroniac-200ml\/#primaryimage\"},\"image\":{\"@id\":\"https:\/\/labiergerie.ch\/produit\/elixir-aroniac-200ml\/#primaryimage\"},\"thumbnailUrl\":\"https:\/\/labiergerie.ch\/wp-content\/uploads\/2019\/03\/SHOP-10.jpg\",\"datePublished\":\"2018-03-06T19:52:22+00:00\",\"dateModified\":\"2023-11-15T13:29:02+00:00\",\"breadcrumb\":{\"@id\":\"https:\/\/labiergerie.ch\/produit\/elixir-aroniac-200ml\/#breadcrumb\"},\"inLanguage\":\"de\",\"potentialAction\":[{\"@type\":\"ReadAction\",\"target\":[\"https:\/\/labiergerie.ch\/produit\/elixir-aroniac-200ml\/\"]}]},{\"@type\":\"ImageObject\",\"inLanguage\":\"de\",\"@id\":\"https:\/\/labiergerie.ch\/produit\/elixir-aroniac-200ml\/#primaryimage\",\"url\":\"https:\/\/labiergerie.ch\/wp-content\/uploads\/2019\/03\/SHOP-10.jpg\",\"contentUrl\":\"https:\/\/labiergerie.ch\/wp-content\/uploads\/2019\/03\/SHOP-10.jpg\",\"width\":4000,\"height\":3000},{\"@type\":\"BreadcrumbList\",\"@id\":\"https:\/\/labiergerie.ch\/produit\/elixir-aroniac-200ml\/#breadcrumb\",\"itemListElement\":[{\"@type\":\"ListItem\",\"position\":1,\"name\":\"Startseite\",\"item\":\"https:\/\/labiergerie.ch\/\"},{\"@type\":\"ListItem\",\"position\":2,\"name\":\"Boutique\",\"item\":\"https:\/\/labiergerie.ch\/boutique\/\"},{\"@type\":\"ListItem\",\"position\":3,\"name\":\"Elixir d&#8217;aronia, 200 ml\"}]},{\"@type\":\"WebSite\",\"@id\":\"https:\/\/labiergerie.ch\/#website\",\"url\":\"https:\/\/labiergerie.ch\/\",\"name\":\"labiergerie.ch - laronia.ch\",\"description\":\"Direktverkauf von Lammfleisch in Bi\u00e8re - Schweiz\",\"potentialAction\":[{\"@type\":\"SearchAction\",\"target\":{\"@type\":\"EntryPoint\",\"urlTemplate\":\"https:\/\/labiergerie.ch\/?s={search_term_string}\"},\"query-input\":{\"@type\":\"PropertyValueSpecification\",\"valueRequired\":true,\"valueName\":\"search_term_string\"}}],\"inLanguage\":\"de\"}]}<\/script>\n<!-- \/ Yoast SEO plugin. -->","yoast_head_json":{"title":"Elixir d'aronia, 200 ml - labiergerie.ch - laronia.ch","robots":{"index":"index","follow":"follow","max-snippet":"max-snippet:-1","max-image-preview":"max-image-preview:large","max-video-preview":"max-video-preview:-1"},"canonical":"https:\/\/labiergerie.ch\/produit\/elixir-aroniac-200ml\/","og_locale":"de_DE","og_type":"article","og_title":"Elixir d'aronia, 200 ml - labiergerie.ch - laronia.ch","og_url":"https:\/\/labiergerie.ch\/produit\/elixir-aroniac-200ml\/","og_site_name":"labiergerie.ch - laronia.ch","article_modified_time":"2023-11-15T13:29:02+00:00","og_image":[{"width":4000,"height":3000,"url":"https:\/\/labiergerie.ch\/wp-content\/uploads\/2019\/03\/SHOP-10.jpg","type":"image\/jpeg"}],"twitter_card":"summary_large_image","twitter_misc":{"Gesch\u00e4tzte Lesezeit":"1\u00a0Minute"},"schema":{"@context":"https:\/\/schema.org","@graph":[{"@type":"WebPage","@id":"https:\/\/labiergerie.ch\/produit\/elixir-aroniac-200ml\/","url":"https:\/\/labiergerie.ch\/produit\/elixir-aroniac-200ml\/","name":"Elixir d'aronia, 200 ml - labiergerie.ch - laronia.ch","isPartOf":{"@id":"https:\/\/labiergerie.ch\/#website"},"primaryImageOfPage":{"@id":"https:\/\/labiergerie.ch\/produit\/elixir-aroniac-200ml\/#primaryimage"},"image":{"@id":"https:\/\/labiergerie.ch\/produit\/elixir-aroniac-200ml\/#primaryimage"},"thumbnailUrl":"https:\/\/labiergerie.ch\/wp-content\/uploads\/2019\/03\/SHOP-10.jpg","datePublished":"2018-03-06T19:52:22+00:00","dateModified":"2023-11-15T13:29:02+00:00","breadcrumb":{"@id":"https:\/\/labiergerie.ch\/produit\/elixir-aroniac-200ml\/#breadcrumb"},"inLanguage":"de","potentialAction":[{"@type":"ReadAction","target":["https:\/\/labiergerie.ch\/produit\/elixir-aroniac-200ml\/"]}]},{"@type":"ImageObject","inLanguage":"de","@id":"https:\/\/labiergerie.ch\/produit\/elixir-aroniac-200ml\/#primaryimage","url":"https:\/\/labiergerie.ch\/wp-content\/uploads\/2019\/03\/SHOP-10.jpg","contentUrl":"https:\/\/labiergerie.ch\/wp-content\/uploads\/2019\/03\/SHOP-10.jpg","width":4000,"height":3000},{"@type":"BreadcrumbList","@id":"https:\/\/labiergerie.ch\/produit\/elixir-aroniac-200ml\/#breadcrumb","itemListElement":[{"@type":"ListItem","position":1,"name":"Startseite","item":"https:\/\/labiergerie.ch\/"},{"@type":"ListItem","position":2,"name":"Boutique","item":"https:\/\/labiergerie.ch\/boutique\/"},{"@type":"ListItem","position":3,"name":"Elixir d&#8217;aronia, 200 ml"}]},{"@type":"WebSite","@id":"https:\/\/labiergerie.ch\/#website","url":"https:\/\/labiergerie.ch\/","name":"labiergerie.ch - laronia.ch","description":"Direktverkauf von Lammfleisch in Bi\u00e8re - Schweiz","potentialAction":[{"@type":"SearchAction","target":{"@type":"EntryPoint","urlTemplate":"https:\/\/labiergerie.ch\/?s={search_term_string}"},"query-input":{"@type":"PropertyValueSpecification","valueRequired":true,"valueName":"search_term_string"}}],"inLanguage":"de"}]}},"_links":{"self":[{"href":"https:\/\/labiergerie.ch\/de\/wp-json\/wp\/v2\/product\/711"}],"collection":[{"href":"https:\/\/labiergerie.ch\/de\/wp-json\/wp\/v2\/product"}],"about":[{"href":"https:\/\/labiergerie.ch\/de\/wp-json\/wp\/v2\/types\/product"}],"wp:featuredmedia":[{"embeddable":true,"href":"https:\/\/labiergerie.ch\/de\/wp-json\/wp\/v2\/media\/933"}],"wp:attachment":[{"href":"https:\/\/labiergerie.ch\/de\/wp-json\/wp\/v2\/media?parent=711"}],"wp:term":[{"taxonomy":"product_cat","embeddable":true,"href":"https:\/\/labiergerie.ch\/de\/wp-json\/wp\/v2\/product_cat?post=711"},{"taxonomy":"product_tag","embeddable":true,"href":"https:\/\/labiergerie.ch\/de\/wp-json\/wp\/v2\/product_tag?post=711"}],"curies":[{"name":"wp","href":"https:\/\/api.w.org\/{rel}","templated":true}]}}