{"id":8713,"date":"2025-06-30T08:43:38","date_gmt":"2025-06-30T06:43:38","guid":{"rendered":"https:\/\/labiergerie.ch\/?post_type=product&#038;p=8713"},"modified":"2025-07-05T14:47:05","modified_gmt":"2025-07-05T12:47:05","slug":"baies-daronia-sechees-pour-muesli","status":"publish","type":"product","link":"https:\/\/labiergerie.ch\/de\/produit\/baies-daronia-sechees-pour-muesli\/","title":{"rendered":"Baies d&#8217;aronia pour muesli"},"content":{"rendered":"<p>Ces baies sont plus petites et plus s\u00e8ches, mais parfaitement adapt\u00e9 pour vos cr\u00e9ations culinaires, par exemple pour la pr\u00e9paration d&#8217;un muesli. Il suffit de les laisser tremper quelques heures.<\/p>\r\n<p>Disponible jusqu&#8217;\u00e0 epuisement du stock<\/p>\r\n<p>Certifi\u00e9 bio<\/p>\r\n<p><strong>Consommation recommand\u00e9e<\/strong>: 10-15 baies par jour<\/p>","protected":false},"excerpt":{"rendered":"<p>Sachet refermable de 500 g<\/p>\n","protected":false},"featured_media":8764,"template":"","meta":[],"product_cat":[24],"product_tag":[],"translation":{"provider":"WPGlobus","version":"3.0.2","language":"de","enabled_languages":["fr","de"],"languages":{"fr":{"title":true,"content":true,"excerpt":true},"de":{"title":false,"content":false,"excerpt":false}}},"acf":[],"yoast_head":"<!-- This site is optimized with the Yoast SEO plugin v23.5 - https:\/\/yoast.com\/wordpress\/plugins\/seo\/ -->\n<title>Baies d&#039;aronia pour muesli - labiergerie.ch - laronia.ch<\/title>\n<meta name=\"robots\" content=\"index, follow, max-snippet:-1, max-image-preview:large, max-video-preview:-1\" \/>\n<link rel=\"canonical\" href=\"https:\/\/labiergerie.ch\/produit\/baies-daronia-sechees-pour-muesli\/\" \/>\n<meta property=\"og:locale\" content=\"de_DE\" \/>\n<meta property=\"og:type\" content=\"article\" \/>\n<meta property=\"og:title\" content=\"Baies d&#039;aronia pour muesli - labiergerie.ch - laronia.ch\" \/>\n<meta property=\"og:url\" content=\"https:\/\/labiergerie.ch\/produit\/baies-daronia-sechees-pour-muesli\/\" \/>\n<meta property=\"og:site_name\" content=\"labiergerie.ch - laronia.ch\" \/>\n<meta property=\"article:modified_time\" content=\"2025-07-05T12:47:05+00:00\" \/>\n<meta property=\"og:image\" content=\"https:\/\/labiergerie.ch\/wp-content\/uploads\/2025\/06\/Diapositive1.jpeg\" \/>\n\t<meta property=\"og:image:width\" content=\"720\" \/>\n\t<meta property=\"og:image:height\" content=\"405\" \/>\n\t<meta property=\"og:image:type\" content=\"image\/jpeg\" \/>\n<meta name=\"twitter:card\" content=\"summary_large_image\" \/>\n<meta name=\"twitter:label1\" content=\"Gesch\u00e4tzte Lesezeit\" \/>\n\t<meta name=\"twitter:data1\" content=\"1\u00a0Minute\" \/>\n<script type=\"application\/ld+json\" class=\"yoast-schema-graph\">{\"@context\":\"https:\/\/schema.org\",\"@graph\":[{\"@type\":\"WebPage\",\"@id\":\"https:\/\/labiergerie.ch\/produit\/baies-daronia-sechees-pour-muesli\/\",\"url\":\"https:\/\/labiergerie.ch\/produit\/baies-daronia-sechees-pour-muesli\/\",\"name\":\"Baies d'aronia pour muesli - labiergerie.ch - laronia.ch\",\"isPartOf\":{\"@id\":\"https:\/\/labiergerie.ch\/#website\"},\"primaryImageOfPage\":{\"@id\":\"https:\/\/labiergerie.ch\/produit\/baies-daronia-sechees-pour-muesli\/#primaryimage\"},\"image\":{\"@id\":\"https:\/\/labiergerie.ch\/produit\/baies-daronia-sechees-pour-muesli\/#primaryimage\"},\"thumbnailUrl\":\"https:\/\/labiergerie.ch\/wp-content\/uploads\/2025\/06\/Diapositive1.jpeg\",\"datePublished\":\"2025-06-30T06:43:38+00:00\",\"dateModified\":\"2025-07-05T12:47:05+00:00\",\"breadcrumb\":{\"@id\":\"https:\/\/labiergerie.ch\/produit\/baies-daronia-sechees-pour-muesli\/#breadcrumb\"},\"inLanguage\":\"de\",\"potentialAction\":[{\"@type\":\"ReadAction\",\"target\":[\"https:\/\/labiergerie.ch\/produit\/baies-daronia-sechees-pour-muesli\/\"]}]},{\"@type\":\"ImageObject\",\"inLanguage\":\"de\",\"@id\":\"https:\/\/labiergerie.ch\/produit\/baies-daronia-sechees-pour-muesli\/#primaryimage\",\"url\":\"https:\/\/labiergerie.ch\/wp-content\/uploads\/2025\/06\/Diapositive1.jpeg\",\"contentUrl\":\"https:\/\/labiergerie.ch\/wp-content\/uploads\/2025\/06\/Diapositive1.jpeg\",\"width\":720,\"height\":405},{\"@type\":\"BreadcrumbList\",\"@id\":\"https:\/\/labiergerie.ch\/produit\/baies-daronia-sechees-pour-muesli\/#breadcrumb\",\"itemListElement\":[{\"@type\":\"ListItem\",\"position\":1,\"name\":\"Startseite\",\"item\":\"https:\/\/labiergerie.ch\/\"},{\"@type\":\"ListItem\",\"position\":2,\"name\":\"Boutique\",\"item\":\"https:\/\/labiergerie.ch\/boutique\/\"},{\"@type\":\"ListItem\",\"position\":3,\"name\":\"Baies d&rsquo;aronia pour muesli\"}]},{\"@type\":\"WebSite\",\"@id\":\"https:\/\/labiergerie.ch\/#website\",\"url\":\"https:\/\/labiergerie.ch\/\",\"name\":\"labiergerie.ch - laronia.ch\",\"description\":\"Direktverkauf von Lammfleisch in Bi\u00e8re - Schweiz\",\"potentialAction\":[{\"@type\":\"SearchAction\",\"target\":{\"@type\":\"EntryPoint\",\"urlTemplate\":\"https:\/\/labiergerie.ch\/?s={search_term_string}\"},\"query-input\":{\"@type\":\"PropertyValueSpecification\",\"valueRequired\":true,\"valueName\":\"search_term_string\"}}],\"inLanguage\":\"de\"}]}<\/script>\n<!-- \/ Yoast SEO plugin. -->","yoast_head_json":{"title":"Baies d'aronia pour muesli - labiergerie.ch - laronia.ch","robots":{"index":"index","follow":"follow","max-snippet":"max-snippet:-1","max-image-preview":"max-image-preview:large","max-video-preview":"max-video-preview:-1"},"canonical":"https:\/\/labiergerie.ch\/produit\/baies-daronia-sechees-pour-muesli\/","og_locale":"de_DE","og_type":"article","og_title":"Baies d'aronia pour muesli - labiergerie.ch - laronia.ch","og_url":"https:\/\/labiergerie.ch\/produit\/baies-daronia-sechees-pour-muesli\/","og_site_name":"labiergerie.ch - laronia.ch","article_modified_time":"2025-07-05T12:47:05+00:00","og_image":[{"width":720,"height":405,"url":"https:\/\/labiergerie.ch\/wp-content\/uploads\/2025\/06\/Diapositive1.jpeg","type":"image\/jpeg"}],"twitter_card":"summary_large_image","twitter_misc":{"Gesch\u00e4tzte Lesezeit":"1\u00a0Minute"},"schema":{"@context":"https:\/\/schema.org","@graph":[{"@type":"WebPage","@id":"https:\/\/labiergerie.ch\/produit\/baies-daronia-sechees-pour-muesli\/","url":"https:\/\/labiergerie.ch\/produit\/baies-daronia-sechees-pour-muesli\/","name":"Baies d'aronia pour muesli - labiergerie.ch - laronia.ch","isPartOf":{"@id":"https:\/\/labiergerie.ch\/#website"},"primaryImageOfPage":{"@id":"https:\/\/labiergerie.ch\/produit\/baies-daronia-sechees-pour-muesli\/#primaryimage"},"image":{"@id":"https:\/\/labiergerie.ch\/produit\/baies-daronia-sechees-pour-muesli\/#primaryimage"},"thumbnailUrl":"https:\/\/labiergerie.ch\/wp-content\/uploads\/2025\/06\/Diapositive1.jpeg","datePublished":"2025-06-30T06:43:38+00:00","dateModified":"2025-07-05T12:47:05+00:00","breadcrumb":{"@id":"https:\/\/labiergerie.ch\/produit\/baies-daronia-sechees-pour-muesli\/#breadcrumb"},"inLanguage":"de","potentialAction":[{"@type":"ReadAction","target":["https:\/\/labiergerie.ch\/produit\/baies-daronia-sechees-pour-muesli\/"]}]},{"@type":"ImageObject","inLanguage":"de","@id":"https:\/\/labiergerie.ch\/produit\/baies-daronia-sechees-pour-muesli\/#primaryimage","url":"https:\/\/labiergerie.ch\/wp-content\/uploads\/2025\/06\/Diapositive1.jpeg","contentUrl":"https:\/\/labiergerie.ch\/wp-content\/uploads\/2025\/06\/Diapositive1.jpeg","width":720,"height":405},{"@type":"BreadcrumbList","@id":"https:\/\/labiergerie.ch\/produit\/baies-daronia-sechees-pour-muesli\/#breadcrumb","itemListElement":[{"@type":"ListItem","position":1,"name":"Startseite","item":"https:\/\/labiergerie.ch\/"},{"@type":"ListItem","position":2,"name":"Boutique","item":"https:\/\/labiergerie.ch\/boutique\/"},{"@type":"ListItem","position":3,"name":"Baies d&rsquo;aronia pour muesli"}]},{"@type":"WebSite","@id":"https:\/\/labiergerie.ch\/#website","url":"https:\/\/labiergerie.ch\/","name":"labiergerie.ch - laronia.ch","description":"Direktverkauf von Lammfleisch in Bi\u00e8re - Schweiz","potentialAction":[{"@type":"SearchAction","target":{"@type":"EntryPoint","urlTemplate":"https:\/\/labiergerie.ch\/?s={search_term_string}"},"query-input":{"@type":"PropertyValueSpecification","valueRequired":true,"valueName":"search_term_string"}}],"inLanguage":"de"}]}},"_links":{"self":[{"href":"https:\/\/labiergerie.ch\/de\/wp-json\/wp\/v2\/product\/8713"}],"collection":[{"href":"https:\/\/labiergerie.ch\/de\/wp-json\/wp\/v2\/product"}],"about":[{"href":"https:\/\/labiergerie.ch\/de\/wp-json\/wp\/v2\/types\/product"}],"wp:featuredmedia":[{"embeddable":true,"href":"https:\/\/labiergerie.ch\/de\/wp-json\/wp\/v2\/media\/8764"}],"wp:attachment":[{"href":"https:\/\/labiergerie.ch\/de\/wp-json\/wp\/v2\/media?parent=8713"}],"wp:term":[{"taxonomy":"product_cat","embeddable":true,"href":"https:\/\/labiergerie.ch\/de\/wp-json\/wp\/v2\/product_cat?post=8713"},{"taxonomy":"product_tag","embeddable":true,"href":"https:\/\/labiergerie.ch\/de\/wp-json\/wp\/v2\/product_tag?post=8713"}],"curies":[{"name":"wp","href":"https:\/\/api.w.org\/{rel}","templated":true}]}}